{"id":3,"date":"2023-07-03T19:16:23","date_gmt":"2023-07-03T17:16:23","guid":{"rendered":"https:\/\/antikdepot.cz\/?page_id=3"},"modified":"2023-09-04T16:20:38","modified_gmt":"2023-09-04T14:20:38","slug":"zasady-ochrany-osobnich-udaju","status":"publish","type":"page","link":"https:\/\/antikdepot.cz\/en\/zasady-ochrany-osobnich-udaju\/","title":{"rendered":"Privacy Policy"},"content":{"rendered":"<div data-elementor-type=\"wp-page\" data-elementor-id=\"3\" class=\"elementor elementor-3\" data-elementor-post-type=\"page\">\n\t\t\t\t\t\t<section class=\"elementor-section elementor-top-section elementor-element elementor-element-66567449 elementor-section-boxed elementor-section-height-default elementor-section-height-default\" data-id=\"66567449\" data-element_type=\"section\" data-e-type=\"section\">\n\t\t\t\t\t\t<div class=\"elementor-container elementor-column-gap-default\">\n\t\t\t\t\t<div class=\"elementor-column elementor-col-50 elementor-top-column elementor-element elementor-element-29b49739\" data-id=\"29b49739\" data-element_type=\"column\" data-e-type=\"column\">\n\t\t\t<div class=\"elementor-widget-wrap elementor-element-populated\">\n\t\t\t\t\t\t<div class=\"elementor-element elementor-element-31f1a02e elementor-widget__width-initial elementor-widget elementor-widget-text-editor\" data-id=\"31f1a02e\" data-element_type=\"widget\" data-e-type=\"widget\" data-widget_type=\"text-editor.default\">\n\t\t\t\t<div class=\"elementor-widget-container\">\n\t\t\t\t\t\t\t\t\t\n<h2 class=\"wp-block-heading\">Privacy Policy<\/h2>\n<p>\u00a0<\/p>\n<h2>Who we are<\/h2>\n\n<p>Our web address is:<br \/><a href=\"https:\/\/antikdepot.cz\/en\/\">https:\/\/antikdepot.cz<\/a>.<\/p>\n\n<h2 class=\"wp-block-heading\">Comments<\/h2>\n\n<p>When visitors leave comments on the site, we collect the data displayed in the comment form as well as the visitor's IP address and browser user agent string to help detect spam.<\/p>\n<p>An anonymized string created from your email address (also called a hash) may be provided to Gravatar to determine if you are using it. The Gravatar privacy policy is available here:<\/p>\n<p><span style=\"font-size: 16px;\"><a href=\"https:\/\/automattic.com\/privacy\/\" target=\"_blank\" rel=\"noopener\"> https:\/\/automattic.com\/privacy\/<\/a>. Once your comment is approved, your profile picture will be visible to the public in the context of your comment.<br \/><\/span><\/p>\n\n<h2 class=\"wp-block-heading\">Media<\/h2>\n\n<p>If you upload images to the website, you should avoid uploading images with embedded location data (EXIF GPS). Website visitors can download and extract any location data from images on the website.<\/p>\n\n<h2 class=\"wp-block-heading\">Cookies<\/h2>\n\n<p>If you leave a comment on our website, you can opt-in to having your name, email address and website stored in cookies. They are for your convenience so you don't have to re-enter your details when you leave another comment. These cookies last for one year.<\/p>\n<p>If you visit our login page, we set a temporary cookie to determine if your browser accepts cookies. This cookie does not contain any personal data and is discarded when the browser is closed.<\/p>\n<p>Kdy\u017e se p\u0159ihl\u00e1s\u00edte, nastav\u00edme tak\u00e9 n\u011bkolik soubor\u016f cookie pro ulo\u017een\u00ed va\u0161ich p\u0159ihla\u0161ovac\u00edch \u00fadaj\u016f a va\u0161ich voleb zobrazen\u00ed obrazovky. P\u0159ihla\u0161ovac\u00ed soubory cookie vydr\u017e\u00ed dva dny a soubory cookie mo\u017enost\u00ed obrazovky vydr\u017e\u00ed rok. Pokud zvol\u00edte &#8222;Zapamatovat si m\u011b&#8220;, va\u0161e p\u0159ihl\u00e1\u0161en\u00ed bude trvat dva t\u00fddny. Pokud se odhl\u00e1s\u00edte ze sv\u00e9ho \u00fa\u010dtu, p\u0159ihla\u0161ovac\u00ed soubory cookie budou odstran\u011bny.<\/p>\n<p>If you edit or publish an article, an additional cookie will be stored in your browser. This cookie does not contain any personal information and only indicates the post ID of the article you just edited. It will expire after 1 day.<\/p>\n\n<h2 class=\"wp-block-heading\">Embedded content from other websites<\/h2>\n\n<p>\u010cl\u00e1nky na t\u00e9to str\u00e1nce mohou obsahovat vlo\u017een\u00fd obsah (nap\u0159. videa, obr\u00e1zky, \u010dl\u00e1nky atd.). Vlo\u017een\u00fd obsah z jin\u00fdch webov\u00fdch str\u00e1nek se chov\u00e1 p\u0159esn\u011b tak, jako kdyby n\u00e1v\u0161t\u011bvn\u00edk nav\u0161t\u00edvil jinou webovou str\u00e1nku.<\/p>\n<p>These websites may collect information about you, use cookies, embed other third-party tracking, and monitor your interaction with that embedded content, including tracking your interaction with the embedded content if you have an account and are logged in to that website.<\/p>\n\n<h2 class=\"wp-block-heading\">Who we share your data with<\/h2>\n\n<p>If you request a password reset, your IP address will be included in the reset email.<\/p>\n\n<h2 class=\"wp-block-heading\">How long we keep your data<\/h2>\n\n<p>If you leave a comment, the comment and its metadata will be retained indefinitely. This is so that we can recognize and approve any subsequent comments automatically, rather than holding them in a moderation queue.<\/p>\n<p>For users who register on our website (if any), we also store the personal information they provide in their user profile. All users can view, edit or delete their personal information at any time (except that they cannot change their username). Website administrators can also view and edit this information.<\/p>\n\n<h2 class=\"wp-block-heading\">What rights do you have over your data<\/h2>\n\n<p>If you have an account on this site or have left comments, you can request to be sent an exported file of the personal data we hold about you, including any data you have provided to us. You can also request that we delete any personal data we hold about you. This does not include any data we are required to retain for administrative, legal or security purposes.<\/p>\n\n<h2 class=\"wp-block-heading\">Where your data is sent<\/h2>\n\n<p>Visitor comments may be checked through an automatic spam detection service.<\/p>\n\t\t\t\t\t\t\t\t<\/div>\n\t\t\t\t<\/div>\n\t\t\t\t\t<\/div>\n\t\t<\/div>\n\t\t\t\t<div class=\"elementor-column elementor-col-50 elementor-top-column elementor-element elementor-element-5cd1f1b\" data-id=\"5cd1f1b\" data-element_type=\"column\" data-e-type=\"column\">\n\t\t\t<div class=\"elementor-widget-wrap elementor-element-populated\">\n\t\t\t\t\t\t<div class=\"elementor-element elementor-element-230dabb elementor-widget elementor-widget-sidebar\" data-id=\"230dabb\" data-element_type=\"widget\" data-e-type=\"widget\" data-widget_type=\"sidebar.default\">\n\t\t\t\t<div class=\"elementor-widget-container\">\n\t\t\t\t\t<div class=\"ast-filter-wrap\"><div id=\"block-21\" class=\"ast-woo-sidebar-widget widget widget_block\"><div class=\"custom-product-tags-widget\"><h3>Labels<\/h3><ul class=\"woocommerce-product-tags\"><li><a href=\"https:\/\/antikdepot.cz\/en\/stitek\/altdeutsch\/\">Altdeutsch<\/a><\/li><li><a href=\"https:\/\/antikdepot.cz\/en\/stitek\/antonin-suman\/\">Anton\u00edn \u0160uman<\/a><\/li><li><a href=\"https:\/\/antikdepot.cz\/en\/stitek\/art-deco\/\">Art-Deco<\/a><\/li><li><a href=\"https:\/\/antikdepot.cz\/en\/stitek\/bauhaus-styl\/\">Bauhaus style<\/a><\/li><li><a href=\"https:\/\/antikdepot.cz\/en\/stitek\/biedermeier\/\">Biedermeier<\/a><\/li><li><a href=\"https:\/\/antikdepot.cz\/en\/stitek\/bruselsky-styl\/\">Brussels style<\/a><\/li><li><a href=\"https:\/\/antikdepot.cz\/en\/stitek\/empir\/\">Emp\u00edr<\/a><\/li><li><a href=\"https:\/\/antikdepot.cz\/en\/stitek\/frantisek-hlousek-z-dolniho-bradla\/\">Franti\u0161ek Hlou\u0161ek z Doln\u00edho Bradla<\/a><\/li><li><a href=\"https:\/\/antikdepot.cz\/en\/stitek\/halabala\/\">Halabala<\/a><\/li><li><a href=\"https:\/\/antikdepot.cz\/en\/stitek\/historismus\/\">Historicism<\/a><\/li><li><a href=\"https:\/\/antikdepot.cz\/en\/stitek\/hutni-sklo\/\">Metallurgical glass<\/a><\/li><li><a href=\"https:\/\/antikdepot.cz\/en\/stitek\/interier-n-p-praha\/\">Interi\u00e9r n.p.Praha<\/a><\/li><li><a href=\"https:\/\/antikdepot.cz\/en\/stitek\/jan-evangelista-krahulik\/\">Jan Evangelista Krahul\u00edk<\/a><\/li><li><a href=\"https:\/\/antikdepot.cz\/en\/stitek\/jan-vanek\/\">Jan Van\u011bk<\/a><\/li><li><a href=\"https:\/\/antikdepot.cz\/en\/stitek\/jaroslav-kalivoda\/\">Jaroslav Kalivoda<\/a><\/li><li><a href=\"https:\/\/antikdepot.cz\/en\/stitek\/jindrich-halabala\/\">Jind\u0159ich Halabala<\/a><\/li><li><a href=\"https:\/\/antikdepot.cz\/en\/stitek\/jiri-jiroutek\/\">Ji\u0159\u00ed Jiroutek<\/a><\/li><li><a href=\"https:\/\/antikdepot.cz\/en\/stitek\/josef-hospodka\/\">Josef Hospodka<\/a><\/li><li><a href=\"https:\/\/antikdepot.cz\/en\/stitek\/karel-balicek\/\">Karel Bal\u00ed\u010dek<\/a><\/li><li><a href=\"https:\/\/antikdepot.cz\/en\/stitek\/kdn\/\">KDN<\/a><\/li><li><a href=\"https:\/\/antikdepot.cz\/en\/stitek\/komoda\/\">Chest of drawers<\/a><\/li><li><a href=\"https:\/\/antikdepot.cz\/en\/stitek\/kovona\/\">Kovona<\/a><\/li><li><a href=\"https:\/\/antikdepot.cz\/en\/stitek\/kredenc\/\">Cupboard<\/a><\/li><li><a href=\"https:\/\/antikdepot.cz\/en\/stitek\/kreslo\/\">Chair<\/a><\/li><li><a href=\"https:\/\/antikdepot.cz\/en\/stitek\/kropacek-kozelka\/\">Krop\u00e1\u010dek &amp; Ko\u017eelka<\/a><\/li><li><a href=\"https:\/\/antikdepot.cz\/en\/stitek\/mucke-melder\/\">M\u00fccke Melder<\/a><\/li><li><a href=\"https:\/\/antikdepot.cz\/en\/stitek\/nabytek-na-chalupu\/\">N\u00e1bytek na chalupu<\/a><\/li><li><a href=\"https:\/\/antikdepot.cz\/en\/stitek\/napako\/\">Napako<\/a><\/li><li><a href=\"https:\/\/antikdepot.cz\/en\/stitek\/novinka\/\">Novelty<\/a><\/li><li><a href=\"https:\/\/antikdepot.cz\/en\/stitek\/obdobi-kubismu\/\">Obdob\u00ed kubismu<\/a><\/li><li><a href=\"https:\/\/antikdepot.cz\/en\/stitek\/oswald-haerdtl\/\">Oswald Haerdtl<\/a><\/li><li><a href=\"https:\/\/antikdepot.cz\/en\/stitek\/pradelnik\/\">Dresser<\/a><\/li><li><a href=\"https:\/\/antikdepot.cz\/en\/stitek\/pribornik\/\">P\u0159\u00edborn\u00edk<\/a><\/li><li><a href=\"https:\/\/antikdepot.cz\/en\/stitek\/replika-stareho-nabytku\/\">Replica of antique furniture<\/a><\/li><li><a href=\"https:\/\/antikdepot.cz\/en\/stitek\/retro\/\">retro<\/a><\/li><li><a href=\"https:\/\/antikdepot.cz\/en\/stitek\/royal-dux\/\">Royal Dux<\/a><\/li><li><a href=\"https:\/\/antikdepot.cz\/en\/stitek\/rubinglas\/\">Rubinglas<\/a><\/li><li><a href=\"https:\/\/antikdepot.cz\/en\/stitek\/rustikalni-styl\/\">The rustic style<\/a><\/li><li><a href=\"https:\/\/antikdepot.cz\/en\/stitek\/strojsmalt\/\">Strojsmalt<\/a><\/li><li><a href=\"https:\/\/antikdepot.cz\/en\/stitek\/stul\/\">Table<\/a><\/li><li><a href=\"https:\/\/antikdepot.cz\/en\/stitek\/up-zavody\/\">UP z\u00e1vody<\/a><\/li><li><a href=\"https:\/\/antikdepot.cz\/en\/stitek\/varenka\/\">Va\u0159enka<\/a><\/li><li><a href=\"https:\/\/antikdepot.cz\/en\/stitek\/venkovsky-nabytek\/\">Country furniture<\/a><\/li><\/ul><\/div><\/div><\/div>\t\t\t\t<\/div>\n\t\t\t\t<\/div>\n\t\t\t\t\t<\/div>\n\t\t<\/div>\n\t\t\t\t\t<\/div>\n\t\t<\/section>\n\t\t\t\t<\/div>","protected":false},"excerpt":{"rendered":"<p>Z\u00e1sady ochrany osobn\u00edch \u00fadaj\u016f \u00a0 Kdo jsme Na\u0161e webov\u00e1 adresa je:https:\/\/antikdepot.cz. Koment\u00e1\u0159e Kdy\u017e n\u00e1v\u0161t\u011bvn\u00edci zanechaj\u00ed na webu koment\u00e1\u0159e, shroma\u017e\u010fujeme \u00fadaje zobrazen\u00e9 ve formul\u00e1\u0159i pro koment\u00e1\u0159e a tak\u00e9 IP adresu n\u00e1v\u0161t\u011bvn\u00edka a \u0159et\u011bzec u\u017eivatelsk\u00e9ho agenta prohl\u00ed\u017ee\u010de, abychom pomohli odhalit spam. Anonymizovan\u00fd \u0159et\u011bzec vytvo\u0159en\u00fd z va\u0161\u00ed e-mailov\u00e9 adresy (tak\u00e9 naz\u00fdvan\u00fd hash) m\u016f\u017ee b\u00fdt poskytnut slu\u017eb\u011b Gravatar, abyste [&hellip;]<\/p>\n","protected":false},"author":7,"featured_media":0,"parent":0,"menu_order":0,"comment_status":"closed","ping_status":"closed","template":"","meta":{"site-sidebar-layout":"no-sidebar","site-content-layout":"page-builder","ast-site-content-layout":"default","site-content-style":"default","site-sidebar-style":"default","ast-global-header-display":"","ast-banner-title-visibility":"","ast-main-header-display":"","ast-hfb-above-header-display":"","ast-hfb-below-header-display":"","ast-hfb-mobile-header-display":"","site-post-title":"disabled","ast-breadcrumbs-content":"","ast-featured-img":"","footer-sml-layout":"","ast-disable-related-posts":"","theme-transparent-header-meta":"default","adv-header-id-meta":"","stick-header-meta":"","header-above-stick-meta":"","header-main-stick-meta":"","header-below-stick-meta":"","astra-migrate-meta-layouts":"default","ast-page-background-enabled":"default","ast-page-background-meta":{"desktop":{"background-color":"","background-image":"","background-repeat":"repeat","background-position":"center center","background-size":"auto","background-attachment":"scroll","background-type":"","background-media":"","overlay-type":"","overlay-color":"","overlay-opacity":"","overlay-gradient":""},"tablet":{"background-color":"","background-image":"","background-repeat":"repeat","background-position":"center center","background-size":"auto","background-attachment":"scroll","background-type":"","background-media":"","overlay-type":"","overlay-color":"","overlay-opacity":"","overlay-gradient":""},"mobile":{"background-color":"","background-image":"","background-repeat":"repeat","background-position":"center center","background-size":"auto","background-attachment":"scroll","background-type":"","background-media":"","overlay-type":"","overlay-color":"","overlay-opacity":"","overlay-gradient":""}},"ast-content-background-meta":{"desktop":{"background-color":"var(--ast-global-color-5)","background-image":"","background-repeat":"repeat","background-position":"center center","background-size":"auto","background-attachment":"scroll","background-type":"","background-media":"","overlay-type":"","overlay-color":"","overlay-opacity":"","overlay-gradient":""},"tablet":{"background-color":"var(--ast-global-color-5)","background-image":"","background-repeat":"repeat","background-position":"center center","background-size":"auto","background-attachment":"scroll","background-type":"","background-media":"","overlay-type":"","overlay-color":"","overlay-opacity":"","overlay-gradient":""},"mobile":{"background-color":"var(--ast-global-color-5)","background-image":"","background-repeat":"repeat","background-position":"center center","background-size":"auto","background-attachment":"scroll","background-type":"","background-media":"","overlay-type":"","overlay-color":"","overlay-opacity":"","overlay-gradient":""}},"footnotes":""},"class_list":["post-3","page","type-page","status-publish","hentry"],"_links":{"self":[{"href":"https:\/\/antikdepot.cz\/en\/wp-json\/wp\/v2\/pages\/3","targetHints":{"allow":["GET"]}}],"collection":[{"href":"https:\/\/antikdepot.cz\/en\/wp-json\/wp\/v2\/pages"}],"about":[{"href":"https:\/\/antikdepot.cz\/en\/wp-json\/wp\/v2\/types\/page"}],"author":[{"embeddable":true,"href":"https:\/\/antikdepot.cz\/en\/wp-json\/wp\/v2\/users\/7"}],"replies":[{"embeddable":true,"href":"https:\/\/antikdepot.cz\/en\/wp-json\/wp\/v2\/comments?post=3"}],"version-history":[{"count":21,"href":"https:\/\/antikdepot.cz\/en\/wp-json\/wp\/v2\/pages\/3\/revisions"}],"predecessor-version":[{"id":7122,"href":"https:\/\/antikdepot.cz\/en\/wp-json\/wp\/v2\/pages\/3\/revisions\/7122"}],"wp:attachment":[{"href":"https:\/\/antikdepot.cz\/en\/wp-json\/wp\/v2\/media?parent=3"}],"curies":[{"name":"wp","href":"https:\/\/api.w.org\/{rel}","templated":true}]}}