{"id":43,"date":"2017-12-17T10:06:43","date_gmt":"2017-12-17T09:06:43","guid":{"rendered":"https:\/\/antikdepot.cz\/about\/"},"modified":"2024-09-23T09:59:51","modified_gmt":"2024-09-23T07:59:51","slug":"starozitnictvi-pardubice","status":"publish","type":"page","link":"https:\/\/antikdepot.cz\/en\/starozitnictvi-pardubice\/","title":{"rendered":"Staro\u017eitnictv\u00ed Pardubice"},"content":{"rendered":"<div data-elementor-type=\"wp-post\" data-elementor-id=\"43\" class=\"elementor elementor-43\" data-elementor-post-type=\"page\">\n\t\t\t\t<div class=\"elementor-element elementor-element-0b58bfd e-flex e-con-boxed e-con e-parent\" data-id=\"0b58bfd\" data-element_type=\"container\" data-e-type=\"container\">\n\t\t\t\t\t<div class=\"e-con-inner\">\n\t\t<div class=\"elementor-element elementor-element-243d4df e-con-full e-flex e-con e-child\" data-id=\"243d4df\" data-element_type=\"container\" data-e-type=\"container\" data-settings=\"{&quot;background_background&quot;:&quot;classic&quot;}\">\n\t\t\t\t<div class=\"elementor-element elementor-element-7ac690a elementor-widget elementor-widget-heading\" data-id=\"7ac690a\" data-element_type=\"widget\" data-e-type=\"widget\" data-widget_type=\"heading.default\">\n\t\t\t\t<div class=\"elementor-widget-container\">\n\t\t\t\t\t<h1 class=\"elementor-heading-title elementor-size-default\">Staro\u017eitnictv\u00ed Antik Depot<\/h1>\t\t\t\t<\/div>\n\t\t\t\t<\/div>\n\t\t\t\t<\/div>\n\t\t\t\t\t<\/div>\n\t\t\t\t<\/div>\n\t\t<div class=\"elementor-element elementor-element-ff5cdd1 e-flex e-con-boxed e-con e-parent\" data-id=\"ff5cdd1\" data-element_type=\"container\" data-e-type=\"container\">\n\t\t\t\t\t<div class=\"e-con-inner\">\n\t\t<div class=\"elementor-element elementor-element-eb882b3 e-con-full e-flex e-con e-child\" data-id=\"eb882b3\" data-element_type=\"container\" data-e-type=\"container\">\n\t\t<div class=\"elementor-element elementor-element-3d2f96b e-con-full e-flex e-con e-child\" data-id=\"3d2f96b\" data-element_type=\"container\" data-e-type=\"container\" data-settings=\"{&quot;background_background&quot;:&quot;classic&quot;}\">\n\t\t\t\t<div class=\"elementor-element elementor-element-36d553c elementor-widget-divider--view-line elementor-widget elementor-widget-divider\" data-id=\"36d553c\" data-element_type=\"widget\" data-e-type=\"widget\" data-widget_type=\"divider.default\">\n\t\t\t\t<div class=\"elementor-widget-container\">\n\t\t\t\t\t\t\t<div class=\"elementor-divider\">\n\t\t\t<span class=\"elementor-divider-separator\">\n\t\t\t\t\t\t<\/span>\n\t\t<\/div>\n\t\t\t\t\t\t<\/div>\n\t\t\t\t<\/div>\n\t\t\t\t<div class=\"elementor-element elementor-element-5eed0d6 elementor-widget elementor-widget-image-box\" data-id=\"5eed0d6\" data-element_type=\"widget\" data-e-type=\"widget\" data-widget_type=\"image-box.default\">\n\t\t\t\t<div class=\"elementor-widget-container\">\n\t\t\t\t\t<div class=\"elementor-image-box-wrapper\"><div class=\"elementor-image-box-content\"><h2 class=\"elementor-image-box-title\">About us<\/h2><p class=\"elementor-image-box-description\">At Antik Depot, a wide range of antique retro and vintage furniture, vintage porcelain and paintings is available, which we deliver not only within the Czech Republic, but also throughout Europe. We specialize in the precise restoration of old furniture and home furnishings. Discover our unique pieces of antiques and give your home an unforgettable atmosphere.<\/p><\/div><\/div>\t\t\t\t<\/div>\n\t\t\t\t<\/div>\n\t\t\t\t<\/div>\n\t\t<div class=\"elementor-element elementor-element-77b129c e-con-full e-flex e-con e-child\" data-id=\"77b129c\" data-element_type=\"container\" data-e-type=\"container\" data-settings=\"{&quot;background_background&quot;:&quot;classic&quot;}\">\n\t\t\t\t<div class=\"elementor-element elementor-element-ce07e1c elementor-widget elementor-widget-image\" data-id=\"ce07e1c\" data-element_type=\"widget\" data-e-type=\"widget\" data-widget_type=\"image.default\">\n\t\t\t\t<div class=\"elementor-widget-container\">\n\t\t\t\t\t\t\t\t\t\t\t\t\t\t\t<img fetchpriority=\"high\" decoding=\"async\" width=\"1024\" height=\"576\" src=\"https:\/\/antikdepot.cz\/wp-content\/uploads\/2023\/08\/antikdepot-eshop-starozitnosti-1024x576.webp\" class=\"attachment-large size-large wp-image-5903\" alt=\"Antik Depot - e-shop - antik staro\u017eitnosti - prodej staro\u017eitnost\u00ed\" srcset=\"https:\/\/antikdepot.cz\/wp-content\/uploads\/2023\/08\/antikdepot-eshop-starozitnosti-1024x576.webp 1024w, https:\/\/antikdepot.cz\/wp-content\/uploads\/2023\/08\/antikdepot-eshop-starozitnosti-300x169.webp 300w, https:\/\/antikdepot.cz\/wp-content\/uploads\/2023\/08\/antikdepot-eshop-starozitnosti-768x432.webp 768w, https:\/\/antikdepot.cz\/wp-content\/uploads\/2023\/08\/antikdepot-eshop-starozitnosti-600x338.webp 600w, https:\/\/antikdepot.cz\/wp-content\/uploads\/2023\/08\/antikdepot-eshop-starozitnosti.webp 1200w\" sizes=\"(max-width: 1024px) 100vw, 1024px\" \/>\t\t\t\t\t\t\t\t\t\t\t\t\t\t\t<\/div>\n\t\t\t\t<\/div>\n\t\t\t\t<\/div>\n\t\t\t\t<\/div>\n\t\t\t\t\t<\/div>\n\t\t\t\t<\/div>\n\t\t<div class=\"elementor-element elementor-element-0ed79f9 e-flex e-con-boxed e-con e-parent\" data-id=\"0ed79f9\" data-element_type=\"container\" data-e-type=\"container\">\n\t\t\t\t\t<div class=\"e-con-inner\">\n\t\t<div class=\"elementor-element elementor-element-709f79c e-con-full e-flex e-con e-child\" data-id=\"709f79c\" data-element_type=\"container\" data-e-type=\"container\" data-settings=\"{&quot;background_background&quot;:&quot;classic&quot;}\">\n\t\t<div class=\"elementor-element elementor-element-ba1d67e e-con-full e-flex e-con e-child\" data-id=\"ba1d67e\" data-element_type=\"container\" data-e-type=\"container\" data-settings=\"{&quot;background_background&quot;:&quot;classic&quot;}\">\n\t\t<div class=\"elementor-element elementor-element-2e9939c e-con-full e-flex e-con e-child\" data-id=\"2e9939c\" data-element_type=\"container\" data-e-type=\"container\" data-settings=\"{&quot;background_background&quot;:&quot;classic&quot;}\">\n\t\t\t\t<div class=\"elementor-element elementor-element-e45aa0e elementor-position-top elementor-widget elementor-widget-image-box\" data-id=\"e45aa0e\" data-element_type=\"widget\" data-e-type=\"widget\" data-widget_type=\"image-box.default\">\n\t\t\t\t<div class=\"elementor-widget-container\">\n\t\t\t\t\t<div class=\"elementor-image-box-wrapper\"><figure class=\"elementor-image-box-img\"><img decoding=\"async\" width=\"512\" height=\"512\" src=\"https:\/\/antikdepot.cz\/wp-content\/uploads\/2023\/07\/kurier.png\" class=\"attachment-full size-full wp-image-4642\" alt=\"\" srcset=\"https:\/\/antikdepot.cz\/wp-content\/uploads\/2023\/07\/kurier.png 512w, https:\/\/antikdepot.cz\/wp-content\/uploads\/2023\/07\/kurier-300x300.png 300w, https:\/\/antikdepot.cz\/wp-content\/uploads\/2023\/07\/kurier-150x150.png 150w, https:\/\/antikdepot.cz\/wp-content\/uploads\/2023\/07\/kurier-100x100.png 100w\" sizes=\"(max-width: 512px) 100vw, 512px\" \/><\/figure><div class=\"elementor-image-box-content\"><h5 class=\"elementor-image-box-title\">Shipping throughout the EU<\/h5><p class=\"elementor-image-box-description\">Reliable transport throughout the European Union. Your valuables will arrive safely and on time to your home.<\/p><\/div><\/div>\t\t\t\t<\/div>\n\t\t\t\t<\/div>\n\t\t\t\t<\/div>\n\t\t<div class=\"elementor-element elementor-element-eb338e4 e-con-full e-flex e-con e-child\" data-id=\"eb338e4\" data-element_type=\"container\" data-e-type=\"container\" data-settings=\"{&quot;background_background&quot;:&quot;classic&quot;}\">\n\t\t\t\t<div class=\"elementor-element elementor-element-a12c155 elementor-position-top elementor-widget elementor-widget-image-box\" data-id=\"a12c155\" data-element_type=\"widget\" data-e-type=\"widget\" data-widget_type=\"image-box.default\">\n\t\t\t\t<div class=\"elementor-widget-container\">\n\t\t\t\t\t<div class=\"elementor-image-box-wrapper\"><figure class=\"elementor-image-box-img\"><img decoding=\"async\" width=\"200\" height=\"200\" src=\"https:\/\/antikdepot.cz\/wp-content\/uploads\/2023\/07\/quality.png\" class=\"attachment-full size-full wp-image-4645\" alt=\"Staro\u017eitn\u00fd N\u00e1bytek- E-shop\" srcset=\"https:\/\/antikdepot.cz\/wp-content\/uploads\/2023\/07\/quality.png 200w, https:\/\/antikdepot.cz\/wp-content\/uploads\/2023\/07\/quality-150x150.png 150w, https:\/\/antikdepot.cz\/wp-content\/uploads\/2023\/07\/quality-100x100.png 100w\" sizes=\"(max-width: 200px) 100vw, 200px\" \/><\/figure><div class=\"elementor-image-box-content\"><h5 class=\"elementor-image-box-title\">High Quality<\/h5><p class=\"elementor-image-box-description\">Thanks to our careful care, which includes treatment and thorough cleaning, the original condition and unique character will be preserved.<\/p><\/div><\/div>\t\t\t\t<\/div>\n\t\t\t\t<\/div>\n\t\t\t\t<\/div>\n\t\t<div class=\"elementor-element elementor-element-3e093ce e-con-full e-flex e-con e-child\" data-id=\"3e093ce\" data-element_type=\"container\" data-e-type=\"container\" data-settings=\"{&quot;background_background&quot;:&quot;classic&quot;}\">\n\t\t\t\t<div class=\"elementor-element elementor-element-2786757 elementor-position-top elementor-widget elementor-widget-image-box\" data-id=\"2786757\" data-element_type=\"widget\" data-e-type=\"widget\" data-widget_type=\"image-box.default\">\n\t\t\t\t<div class=\"elementor-widget-container\">\n\t\t\t\t\t<div class=\"elementor-image-box-wrapper\"><figure class=\"elementor-image-box-img\"><img loading=\"lazy\" decoding=\"async\" width=\"120\" height=\"120\" src=\"https:\/\/antikdepot.cz\/wp-content\/uploads\/2018\/12\/tag-free-img.png\" class=\"attachment-full size-full wp-image-589\" alt=\"\" srcset=\"https:\/\/antikdepot.cz\/wp-content\/uploads\/2018\/12\/tag-free-img.png 120w, https:\/\/antikdepot.cz\/wp-content\/uploads\/2018\/12\/tag-free-img-100x100.png 100w\" sizes=\"(max-width: 120px) 100vw, 120px\" \/><\/figure><div class=\"elementor-image-box-content\"><h5 class=\"elementor-image-box-title\">The best offers<\/h5><p class=\"elementor-image-box-description\">Find the most valuable pieces with rich history and irresistible charm at great prices.<\/p><\/div><\/div>\t\t\t\t<\/div>\n\t\t\t\t<\/div>\n\t\t\t\t<\/div>\n\t\t<div class=\"elementor-element elementor-element-c40c4fb e-con-full e-flex e-con e-child\" data-id=\"c40c4fb\" data-element_type=\"container\" data-e-type=\"container\" data-settings=\"{&quot;background_background&quot;:&quot;classic&quot;}\">\n\t\t\t\t<div class=\"elementor-element elementor-element-91a194e elementor-position-top elementor-widget elementor-widget-image-box\" data-id=\"91a194e\" data-element_type=\"widget\" data-e-type=\"widget\" data-widget_type=\"image-box.default\">\n\t\t\t\t<div class=\"elementor-widget-container\">\n\t\t\t\t\t<div class=\"elementor-image-box-wrapper\"><figure class=\"elementor-image-box-img\"><img loading=\"lazy\" decoding=\"async\" width=\"120\" height=\"120\" src=\"https:\/\/antikdepot.cz\/wp-content\/uploads\/2018\/12\/lock-free-img.png\" class=\"attachment-full size-full wp-image-587\" alt=\"\" srcset=\"https:\/\/antikdepot.cz\/wp-content\/uploads\/2018\/12\/lock-free-img.png 120w, https:\/\/antikdepot.cz\/wp-content\/uploads\/2018\/12\/lock-free-img-100x100.png 100w\" sizes=\"(max-width: 120px) 100vw, 120px\" \/><\/figure><div class=\"elementor-image-box-content\"><h5 class=\"elementor-image-box-title\">Secure payments<\/h5><p class=\"elementor-image-box-description\">Secure payment methods that allow you to transact with confidence and protect your financial data.<\/p><\/div><\/div>\t\t\t\t<\/div>\n\t\t\t\t<\/div>\n\t\t\t\t<\/div>\n\t\t\t\t<\/div>\n\t\t\t\t<\/div>\n\t\t\t\t\t<\/div>\n\t\t\t\t<\/div>\n\t\t\t\t<\/div>","protected":false},"excerpt":{"rendered":"<p>Staro\u017eitnictv\u00ed Antik Depot O n\u00e1s V Antik Depotu nab\u00edz\u00edme \u0161irokou \u0161k\u00e1lu retro a vintage n\u00e1bytku, staro\u017eitn\u00e9ho porcel\u00e1nu a obraz\u016f, kter\u00e9 dod\u00e1v\u00e1me nejen v r\u00e1mci \u010cesk\u00e9 republiky, ale tak\u00e9 po cel\u00e9 Evrop\u011b. Specializujeme se na precizn\u00ed restaurov\u00e1n\u00ed star\u00e9ho n\u00e1bytku a bytov\u00e9ho vybaven\u00ed. Objevte na\u0161e unik\u00e1tn\u00ed kousky staro\u017eitnost\u00ed a dop\u0159ejte sv\u00e9mu domovu nezapomenutelnou atmosf\u00e9ru. Doprava po cel\u00e9 [&hellip;]<\/p>\n","protected":false},"author":7,"featured_media":5901,"parent":0,"menu_order":0,"comment_status":"closed","ping_status":"closed","template":"","meta":{"site-sidebar-layout":"no-sidebar","site-content-layout":"page-builder","ast-site-content-layout":"full-width-container","site-content-style":"unboxed","site-sidebar-style":"unboxed","ast-global-header-display":"","ast-banner-title-visibility":"","ast-main-header-display":"","ast-hfb-above-header-display":"","ast-hfb-below-header-display":"","ast-hfb-mobile-header-display":"","site-post-title":"disabled","ast-breadcrumbs-content":"","ast-featured-img":"disabled","footer-sml-layout":"","ast-disable-related-posts":"","theme-transparent-header-meta":"enabled","adv-header-id-meta":"","stick-header-meta":"","header-above-stick-meta":"","header-main-stick-meta":"","header-below-stick-meta":"","astra-migrate-meta-layouts":"set","ast-page-background-enabled":"default","ast-page-background-meta":{"desktop":{"background-color":"","background-image":"","background-repeat":"repeat","background-position":"center center","background-size":"auto","background-attachment":"scroll","background-type":"","background-media":"","overlay-type":"","overlay-color":"","overlay-opacity":"","overlay-gradient":""},"tablet":{"background-color":"","background-image":"","background-repeat":"repeat","background-position":"center center","background-size":"auto","background-attachment":"scroll","background-type":"","background-media":"","overlay-type":"","overlay-color":"","overlay-opacity":"","overlay-gradient":""},"mobile":{"background-color":"","background-image":"","background-repeat":"repeat","background-position":"center center","background-size":"auto","background-attachment":"scroll","background-type":"","background-media":"","overlay-type":"","overlay-color":"","overlay-opacity":"","overlay-gradient":""}},"ast-content-background-meta":{"desktop":{"background-color":"var(--ast-global-color-5)","background-image":"","background-repeat":"repeat","background-position":"center center","background-size":"auto","background-attachment":"scroll","background-type":"","background-media":"","overlay-type":"","overlay-color":"","overlay-opacity":"","overlay-gradient":""},"tablet":{"background-color":"var(--ast-global-color-5)","background-image":"","background-repeat":"repeat","background-position":"center center","background-size":"auto","background-attachment":"scroll","background-type":"","background-media":"","overlay-type":"","overlay-color":"","overlay-opacity":"","overlay-gradient":""},"mobile":{"background-color":"var(--ast-global-color-5)","background-image":"","background-repeat":"repeat","background-position":"center center","background-size":"auto","background-attachment":"scroll","background-type":"","background-media":"","overlay-type":"","overlay-color":"","overlay-opacity":"","overlay-gradient":""}},"footnotes":""},"class_list":["post-43","page","type-page","status-publish","has-post-thumbnail","hentry"],"_links":{"self":[{"href":"https:\/\/antikdepot.cz\/en\/wp-json\/wp\/v2\/pages\/43","targetHints":{"allow":["GET"]}}],"collection":[{"href":"https:\/\/antikdepot.cz\/en\/wp-json\/wp\/v2\/pages"}],"about":[{"href":"https:\/\/antikdepot.cz\/en\/wp-json\/wp\/v2\/types\/page"}],"author":[{"embeddable":true,"href":"https:\/\/antikdepot.cz\/en\/wp-json\/wp\/v2\/users\/7"}],"replies":[{"embeddable":true,"href":"https:\/\/antikdepot.cz\/en\/wp-json\/wp\/v2\/comments?post=43"}],"version-history":[{"count":78,"href":"https:\/\/antikdepot.cz\/en\/wp-json\/wp\/v2\/pages\/43\/revisions"}],"predecessor-version":[{"id":14365,"href":"https:\/\/antikdepot.cz\/en\/wp-json\/wp\/v2\/pages\/43\/revisions\/14365"}],"wp:featuredmedia":[{"embeddable":true,"href":"https:\/\/antikdepot.cz\/en\/wp-json\/wp\/v2\/media\/5901"}],"wp:attachment":[{"href":"https:\/\/antikdepot.cz\/en\/wp-json\/wp\/v2\/media?parent=43"}],"curies":[{"name":"wp","href":"https:\/\/api.w.org\/{rel}","templated":true}]}}