{"id":12795,"date":"2024-04-18T10:36:35","date_gmt":"2024-04-18T08:36:35","guid":{"rendered":"https:\/\/antikdepot.cz\/?post_type=product&#038;p=12795"},"modified":"2024-04-18T10:45:23","modified_gmt":"2024-04-18T08:45:23","slug":"zidle-antonin-suman-jitona","status":"publish","type":"product","link":"https:\/\/antikdepot.cz\/en\/zidle-antonin-suman-jitona\/","title":{"rendered":"Chair Anton\u00edn \u0160uman | Jitona"},"content":{"rendered":"<h5>Vintage chair Anton\u00edn Shuman<\/h5>\n<ul>\n<li>Original very good condition<\/li>\n<li>Size: h-80 cm  w-41 cm d-45 cm<\/li>\n<li>The period of the 60s<\/li>\n<\/ul>\n<p>We offer repair, renovation and restoration of old and antique furniture.<\/p>","protected":false},"excerpt":{"rendered":"<p>Anton\u00edn \u0160uman retro chair<\/p>","protected":false},"featured_media":12798,"template":"","meta":{"site-sidebar-layout":"default","site-content-layout":"","ast-site-content-layout":"default","site-content-style":"default","site-sidebar-style":"default","ast-global-header-display":"","ast-banner-title-visibility":"","ast-main-header-display":"","ast-hfb-above-header-display":"","ast-hfb-below-header-display":"","ast-hfb-mobile-header-display":"","site-post-title":"","ast-breadcrumbs-content":"","ast-featured-img":"","footer-sml-layout":"","ast-disable-related-posts":"","theme-transparent-header-meta":"default","adv-header-id-meta":"","stick-header-meta":"","header-above-stick-meta":"","header-main-stick-meta":"","header-below-stick-meta":"","astra-migrate-meta-layouts":"set","ast-page-background-enabled":"default","ast-page-background-meta":{"desktop":{"background-color":"","background-image":"","background-repeat":"repeat","background-position":"center center","background-size":"auto","background-attachment":"scroll","background-type":"","background-media":"","overlay-type":"","overlay-color":"","overlay-opacity":"","overlay-gradient":""},"tablet":{"background-color":"","background-image":"","background-repeat":"repeat","background-position":"center center","background-size":"auto","background-attachment":"scroll","background-type":"","background-media":"","overlay-type":"","overlay-color":"","overlay-opacity":"","overlay-gradient":""},"mobile":{"background-color":"","background-image":"","background-repeat":"repeat","background-position":"center center","background-size":"auto","background-attachment":"scroll","background-type":"","background-media":"","overlay-type":"","overlay-color":"","overlay-opacity":"","overlay-gradient":""}},"ast-content-background-meta":{"desktop":{"background-color":"var(--ast-global-color-5)","background-image":"","background-repeat":"repeat","background-position":"center center","background-size":"auto","background-attachment":"scroll","background-type":"","background-media":"","overlay-type":"","overlay-color":"","overlay-opacity":"","overlay-gradient":""},"tablet":{"background-color":"var(--ast-global-color-5)","background-image":"","background-repeat":"repeat","background-position":"center center","background-size":"auto","background-attachment":"scroll","background-type":"","background-media":"","overlay-type":"","overlay-color":"","overlay-opacity":"","overlay-gradient":""},"mobile":{"background-color":"var(--ast-global-color-5)","background-image":"","background-repeat":"repeat","background-position":"center center","background-size":"auto","background-attachment":"scroll","background-type":"","background-media":"","overlay-type":"","overlay-color":"","overlay-opacity":"","overlay-gradient":""}}},"product_brand":[],"product_cat":[75,58,61],"product_tag":[122],"class_list":{"0":"post-12795","1":"product","2":"type-product","3":"status-publish","4":"has-post-thumbnail","6":"product_cat-starozitny-nabytek","7":"product_cat-retro-nabytek","8":"product_cat-starozitna-kresla","9":"product_tag-antonin-suman","10":"desktop-align-center","11":"tablet-align-left","12":"mobile-align-left","14":"first","15":"instock","16":"taxable","17":"shipping-taxable","18":"purchasable","19":"product-type-simple"},"_links":{"self":[{"href":"https:\/\/antikdepot.cz\/en\/wp-json\/wp\/v2\/product\/12795","targetHints":{"allow":["GET"]}}],"collection":[{"href":"https:\/\/antikdepot.cz\/en\/wp-json\/wp\/v2\/product"}],"about":[{"href":"https:\/\/antikdepot.cz\/en\/wp-json\/wp\/v2\/types\/product"}],"version-history":[{"count":1,"href":"https:\/\/antikdepot.cz\/en\/wp-json\/wp\/v2\/product\/12795\/revisions"}],"predecessor-version":[{"id":12806,"href":"https:\/\/antikdepot.cz\/en\/wp-json\/wp\/v2\/product\/12795\/revisions\/12806"}],"wp:featuredmedia":[{"embeddable":true,"href":"https:\/\/antikdepot.cz\/en\/wp-json\/wp\/v2\/media\/12798"}],"wp:attachment":[{"href":"https:\/\/antikdepot.cz\/en\/wp-json\/wp\/v2\/media?parent=12795"}],"wp:term":[{"taxonomy":"product_brand","embeddable":true,"href":"https:\/\/antikdepot.cz\/en\/wp-json\/wp\/v2\/product_brand?post=12795"},{"taxonomy":"product_cat","embeddable":true,"href":"https:\/\/antikdepot.cz\/en\/wp-json\/wp\/v2\/product_cat?post=12795"},{"taxonomy":"product_tag","embeddable":true,"href":"https:\/\/antikdepot.cz\/en\/wp-json\/wp\/v2\/product_tag?post=12795"}],"curies":[{"name":"wp","href":"https:\/\/api.w.org\/{rel}","templated":true}]}}