{"id":13148,"date":"2024-05-15T14:31:09","date_gmt":"2024-05-15T12:31:09","guid":{"rendered":"https:\/\/antikdepot.cz\/?post_type=product&#038;p=13148"},"modified":"2024-09-27T12:33:15","modified_gmt":"2024-09-27T10:33:15","slug":"rohova-vitrina-biedermeier-v-empirovem-stylu","status":"publish","type":"product","link":"https:\/\/antikdepot.cz\/en\/rohova-vitrina-biedermeier-v-empirovem-stylu\/","title":{"rendered":"Rohov\u00e1 vitr\u00edna v emp\u00edrov\u00e9m stylu"},"content":{"rendered":"<h5>Rohov\u00e1 vitr\u00edna v emp\u00edrov\u00e9m stylu<\/h5>\n<p>Made around the year <strong>1830<\/strong><\/p>\n<p>Dimensions:<\/p>\n<ul>\n<li>Height 191 cm<\/li>\n<li>Width 90 cm<\/li>\n<li>Depth 55 cm<\/li>\n<\/ul>\n<p><span style=\"color: #339966;\"><strong>\u00a0<\/strong><\/span><\/p>","protected":false},"excerpt":{"rendered":"<p><strong>Rohov\u00e1 vitr\u00edna<br \/>\n<\/strong><\/p>\n<p>This corner single-door three-story showcase is the epitome of Empire style. It is decorated with a pair of conical pilasters with gilded caryatids on capitals and a tympanum decorated with a gilded cornice. The showcase is made of an oak body that is veneered with cherry veneer. Its dimensions are 191 x 90 x 55 cm and the condition is very good. This showcase will be a great addition to any elegant home.<\/p>","protected":false},"featured_media":13319,"template":"","meta":{"site-sidebar-layout":"default","site-content-layout":"","ast-site-content-layout":"default","site-content-style":"default","site-sidebar-style":"default","ast-global-header-display":"","ast-banner-title-visibility":"","ast-main-header-display":"","ast-hfb-above-header-display":"","ast-hfb-below-header-display":"","ast-hfb-mobile-header-display":"","site-post-title":"","ast-breadcrumbs-content":"","ast-featured-img":"","footer-sml-layout":"","ast-disable-related-posts":"","theme-transparent-header-meta":"default","adv-header-id-meta":"","stick-header-meta":"","header-above-stick-meta":"","header-main-stick-meta":"","header-below-stick-meta":"","astra-migrate-meta-layouts":"set","ast-page-background-enabled":"default","ast-page-background-meta":{"desktop":{"background-color":"","background-image":"","background-repeat":"repeat","background-position":"center center","background-size":"auto","background-attachment":"scroll","background-type":"","background-media":"","overlay-type":"","overlay-color":"","overlay-opacity":"","overlay-gradient":""},"tablet":{"background-color":"","background-image":"","background-repeat":"repeat","background-position":"center center","background-size":"auto","background-attachment":"scroll","background-type":"","background-media":"","overlay-type":"","overlay-color":"","overlay-opacity":"","overlay-gradient":""},"mobile":{"background-color":"","background-image":"","background-repeat":"repeat","background-position":"center center","background-size":"auto","background-attachment":"scroll","background-type":"","background-media":"","overlay-type":"","overlay-color":"","overlay-opacity":"","overlay-gradient":""}},"ast-content-background-meta":{"desktop":{"background-color":"var(--ast-global-color-5)","background-image":"","background-repeat":"repeat","background-position":"center center","background-size":"auto","background-attachment":"scroll","background-type":"","background-media":"","overlay-type":"","overlay-color":"","overlay-opacity":"","overlay-gradient":""},"tablet":{"background-color":"var(--ast-global-color-5)","background-image":"","background-repeat":"repeat","background-position":"center center","background-size":"auto","background-attachment":"scroll","background-type":"","background-media":"","overlay-type":"","overlay-color":"","overlay-opacity":"","overlay-gradient":""},"mobile":{"background-color":"var(--ast-global-color-5)","background-image":"","background-repeat":"repeat","background-position":"center center","background-size":"auto","background-attachment":"scroll","background-type":"","background-media":"","overlay-type":"","overlay-color":"","overlay-opacity":"","overlay-gradient":""}}},"product_brand":[],"product_cat":[75,57],"product_tag":[124,125],"class_list":{"0":"post-13148","1":"product","2":"type-product","3":"status-publish","4":"has-post-thumbnail","6":"product_cat-starozitny-nabytek","7":"product_cat-historicky-nabytek","8":"product_tag-biedermeier","9":"product_tag-empir","10":"desktop-align-center","11":"tablet-align-left","12":"mobile-align-left","14":"first","15":"instock","16":"taxable","17":"shipping-taxable","18":"purchasable","19":"product-type-simple"},"_links":{"self":[{"href":"https:\/\/antikdepot.cz\/en\/wp-json\/wp\/v2\/product\/13148","targetHints":{"allow":["GET"]}}],"collection":[{"href":"https:\/\/antikdepot.cz\/en\/wp-json\/wp\/v2\/product"}],"about":[{"href":"https:\/\/antikdepot.cz\/en\/wp-json\/wp\/v2\/types\/product"}],"version-history":[{"count":3,"href":"https:\/\/antikdepot.cz\/en\/wp-json\/wp\/v2\/product\/13148\/revisions"}],"predecessor-version":[{"id":14475,"href":"https:\/\/antikdepot.cz\/en\/wp-json\/wp\/v2\/product\/13148\/revisions\/14475"}],"wp:featuredmedia":[{"embeddable":true,"href":"https:\/\/antikdepot.cz\/en\/wp-json\/wp\/v2\/media\/13319"}],"wp:attachment":[{"href":"https:\/\/antikdepot.cz\/en\/wp-json\/wp\/v2\/media?parent=13148"}],"wp:term":[{"taxonomy":"product_brand","embeddable":true,"href":"https:\/\/antikdepot.cz\/en\/wp-json\/wp\/v2\/product_brand?post=13148"},{"taxonomy":"product_cat","embeddable":true,"href":"https:\/\/antikdepot.cz\/en\/wp-json\/wp\/v2\/product_cat?post=13148"},{"taxonomy":"product_tag","embeddable":true,"href":"https:\/\/antikdepot.cz\/en\/wp-json\/wp\/v2\/product_tag?post=13148"}],"curies":[{"name":"wp","href":"https:\/\/api.w.org\/{rel}","templated":true}]}}