{"id":14559,"date":"2024-10-06T14:08:39","date_gmt":"2024-10-06T12:08:39","guid":{"rendered":"https:\/\/antikdepot.cz\/?post_type=product&#038;p=14559"},"modified":"2024-10-06T14:08:40","modified_gmt":"2024-10-06T12:08:40","slug":"velka-ceska-vaza-rubin-glass-60-leta","status":"publish","type":"product","link":"https:\/\/antikdepot.cz\/en\/velka-ceska-vaza-rubin-glass-60-leta\/","title":{"rendered":"Large Czech vase, Rub\u00edn Glass - 60s, crystal elegance"},"content":{"rendered":"<h2>Velk\u00e1 \u010desk\u00e1 v\u00e1za, Rub\u00edn Glass \u2013 60. l\u00e9ta<\/h2>\n<ul>\n<li><strong>Rub\u00edn Glass<\/strong><\/li>\n<li>made in the Czech Republic<\/li>\n<li>handmade<\/li>\n<li>from the 1960s<\/li>\n<li>solid metallurgical glass<\/li>\n<\/ul>","protected":false},"excerpt":{"rendered":"<h1>Large Czech vase, Ruby Glass<\/h1>\n<p>Beautiful and impressive vase handmade from solid Czech glass, dating from the 1960s. This vase is a perfect example of masterful glass art. The beautiful solid crystal piece catches the eye not only with its rich, deep shades of green, but also with its magnificent size and weight, making it an exceptional addition to any interior.<\/p>\n<p>In very good condition with no visible signs of wear or damage. For collectors and lovers of design from the last century, this vase is the perfect addition to enhance the elegance of any space.<\/p>","protected":false},"featured_media":14564,"template":"","meta":{"site-sidebar-layout":"default","site-content-layout":"","ast-site-content-layout":"default","site-content-style":"default","site-sidebar-style":"default","ast-global-header-display":"","ast-banner-title-visibility":"","ast-main-header-display":"","ast-hfb-above-header-display":"","ast-hfb-below-header-display":"","ast-hfb-mobile-header-display":"","site-post-title":"","ast-breadcrumbs-content":"","ast-featured-img":"","footer-sml-layout":"","ast-disable-related-posts":"","theme-transparent-header-meta":"default","adv-header-id-meta":"","stick-header-meta":"","header-above-stick-meta":"","header-main-stick-meta":"","header-below-stick-meta":"","astra-migrate-meta-layouts":"set","ast-page-background-enabled":"default","ast-page-background-meta":{"desktop":{"background-color":"","background-image":"","background-repeat":"repeat","background-position":"center center","background-size":"auto","background-attachment":"scroll","background-type":"","background-media":"","overlay-type":"","overlay-color":"","overlay-opacity":"","overlay-gradient":""},"tablet":{"background-color":"","background-image":"","background-repeat":"repeat","background-position":"center center","background-size":"auto","background-attachment":"scroll","background-type":"","background-media":"","overlay-type":"","overlay-color":"","overlay-opacity":"","overlay-gradient":""},"mobile":{"background-color":"","background-image":"","background-repeat":"repeat","background-position":"center center","background-size":"auto","background-attachment":"scroll","background-type":"","background-media":"","overlay-type":"","overlay-color":"","overlay-opacity":"","overlay-gradient":""}},"ast-content-background-meta":{"desktop":{"background-color":"var(--ast-global-color-5)","background-image":"","background-repeat":"repeat","background-position":"center center","background-size":"auto","background-attachment":"scroll","background-type":"","background-media":"","overlay-type":"","overlay-color":"","overlay-opacity":"","overlay-gradient":""},"tablet":{"background-color":"var(--ast-global-color-5)","background-image":"","background-repeat":"repeat","background-position":"center center","background-size":"auto","background-attachment":"scroll","background-type":"","background-media":"","overlay-type":"","overlay-color":"","overlay-opacity":"","overlay-gradient":""},"mobile":{"background-color":"var(--ast-global-color-5)","background-image":"","background-repeat":"repeat","background-position":"center center","background-size":"auto","background-attachment":"scroll","background-type":"","background-media":"","overlay-type":"","overlay-color":"","overlay-opacity":"","overlay-gradient":""}}},"product_brand":[],"product_cat":[68,63],"product_tag":[],"class_list":{"0":"post-14559","1":"product","2":"type-product","3":"status-publish","4":"has-post-thumbnail","6":"product_cat-starozitne-sklo","7":"product_cat-starozitne-dekorace","8":"desktop-align-center","9":"tablet-align-left","10":"mobile-align-left","12":"first","13":"instock","14":"taxable","15":"shipping-taxable","16":"purchasable","17":"product-type-simple"},"_links":{"self":[{"href":"https:\/\/antikdepot.cz\/en\/wp-json\/wp\/v2\/product\/14559","targetHints":{"allow":["GET"]}}],"collection":[{"href":"https:\/\/antikdepot.cz\/en\/wp-json\/wp\/v2\/product"}],"about":[{"href":"https:\/\/antikdepot.cz\/en\/wp-json\/wp\/v2\/types\/product"}],"version-history":[{"count":1,"href":"https:\/\/antikdepot.cz\/en\/wp-json\/wp\/v2\/product\/14559\/revisions"}],"predecessor-version":[{"id":14566,"href":"https:\/\/antikdepot.cz\/en\/wp-json\/wp\/v2\/product\/14559\/revisions\/14566"}],"wp:featuredmedia":[{"embeddable":true,"href":"https:\/\/antikdepot.cz\/en\/wp-json\/wp\/v2\/media\/14564"}],"wp:attachment":[{"href":"https:\/\/antikdepot.cz\/en\/wp-json\/wp\/v2\/media?parent=14559"}],"wp:term":[{"taxonomy":"product_brand","embeddable":true,"href":"https:\/\/antikdepot.cz\/en\/wp-json\/wp\/v2\/product_brand?post=14559"},{"taxonomy":"product_cat","embeddable":true,"href":"https:\/\/antikdepot.cz\/en\/wp-json\/wp\/v2\/product_cat?post=14559"},{"taxonomy":"product_tag","embeddable":true,"href":"https:\/\/antikdepot.cz\/en\/wp-json\/wp\/v2\/product_tag?post=14559"}],"curies":[{"name":"wp","href":"https:\/\/api.w.org\/{rel}","templated":true}]}}