{"id":14628,"date":"2024-10-07T08:12:59","date_gmt":"2024-10-07T06:12:59","guid":{"rendered":"https:\/\/antikdepot.cz\/?post_type=product&#038;p=14628"},"modified":"2025-10-01T21:35:28","modified_gmt":"2025-10-01T19:35:28","slug":"busta-bozeny-nemcove-signovano-a-pokorny","status":"publish","type":"product","link":"https:\/\/antikdepot.cz\/en\/busta-bozeny-nemcove-signovano-a-pokorny\/","title":{"rendered":"Bust of Bo\u017eena N\u011bmcov\u00e1 - Signed A. Pokorn\u00fd"},"content":{"rendered":"<h2>Bust of Bo\u017eena N\u011bmcov\u00e1<\/h2>\n<ul>\n<li><strong>Material:<\/strong> Ceramics<\/li>\n<li>Signed <strong>A. Pokorn\u00fd<\/strong><\/li>\n<\/ul>\n<p>&nbsp;<\/p>","protected":false},"excerpt":{"rendered":"<h1>Bust of Bo\u017eena N\u011bmcov\u00e1 - Signed A. Pokorn\u00fd<\/h1>\n<p>This ceramic bust depicts the important Czech writer Bo\u017eena N\u011bmcov\u00e1, author of the cult work \"Grandma\". It is signed by the artist A. Pokorn\u00fd and is an authentic and detailed sculpture that carries a deep cultural and historical significance.<\/p>\n<p>With a height of 24 cm and careful execution, the bust stands out not only for its realistic representation, but also for its beautiful patina, which underlines its historical value. This piece is a great accessory for collectors or lovers of Czech literature and art, or as an elegant decoration for an interior with a cultural touch.<\/p>","protected":false},"featured_media":14630,"template":"","meta":{"site-sidebar-layout":"default","site-content-layout":"","ast-site-content-layout":"default","site-content-style":"default","site-sidebar-style":"default","ast-global-header-display":"","ast-banner-title-visibility":"","ast-main-header-display":"","ast-hfb-above-header-display":"","ast-hfb-below-header-display":"","ast-hfb-mobile-header-display":"","site-post-title":"","ast-breadcrumbs-content":"","ast-featured-img":"","footer-sml-layout":"","ast-disable-related-posts":"","theme-transparent-header-meta":"default","adv-header-id-meta":"","stick-header-meta":"","header-above-stick-meta":"","header-main-stick-meta":"","header-below-stick-meta":"","astra-migrate-meta-layouts":"set","ast-page-background-enabled":"default","ast-page-background-meta":{"desktop":{"background-color":"","background-image":"","background-repeat":"repeat","background-position":"center center","background-size":"auto","background-attachment":"scroll","background-type":"","background-media":"","overlay-type":"","overlay-color":"","overlay-opacity":"","overlay-gradient":""},"tablet":{"background-color":"","background-image":"","background-repeat":"repeat","background-position":"center center","background-size":"auto","background-attachment":"scroll","background-type":"","background-media":"","overlay-type":"","overlay-color":"","overlay-opacity":"","overlay-gradient":""},"mobile":{"background-color":"","background-image":"","background-repeat":"repeat","background-position":"center center","background-size":"auto","background-attachment":"scroll","background-type":"","background-media":"","overlay-type":"","overlay-color":"","overlay-opacity":"","overlay-gradient":""}},"ast-content-background-meta":{"desktop":{"background-color":"var(--ast-global-color-5)","background-image":"","background-repeat":"repeat","background-position":"center center","background-size":"auto","background-attachment":"scroll","background-type":"","background-media":"","overlay-type":"","overlay-color":"","overlay-opacity":"","overlay-gradient":""},"tablet":{"background-color":"var(--ast-global-color-5)","background-image":"","background-repeat":"repeat","background-position":"center center","background-size":"auto","background-attachment":"scroll","background-type":"","background-media":"","overlay-type":"","overlay-color":"","overlay-opacity":"","overlay-gradient":""},"mobile":{"background-color":"var(--ast-global-color-5)","background-image":"","background-repeat":"repeat","background-position":"center center","background-size":"auto","background-attachment":"scroll","background-type":"","background-media":"","overlay-type":"","overlay-color":"","overlay-opacity":"","overlay-gradient":""}}},"product_brand":[],"product_cat":[63,60],"product_tag":[],"class_list":{"0":"post-14628","1":"product","2":"type-product","3":"status-publish","4":"has-post-thumbnail","6":"product_cat-starozitne-dekorace","7":"product_cat-starozitne-sosky","8":"desktop-align-center","9":"tablet-align-left","10":"mobile-align-left","12":"first","13":"outofstock","14":"taxable","15":"shipping-taxable","16":"purchasable","17":"product-type-simple"},"_links":{"self":[{"href":"https:\/\/antikdepot.cz\/en\/wp-json\/wp\/v2\/product\/14628","targetHints":{"allow":["GET"]}}],"collection":[{"href":"https:\/\/antikdepot.cz\/en\/wp-json\/wp\/v2\/product"}],"about":[{"href":"https:\/\/antikdepot.cz\/en\/wp-json\/wp\/v2\/types\/product"}],"version-history":[{"count":1,"href":"https:\/\/antikdepot.cz\/en\/wp-json\/wp\/v2\/product\/14628\/revisions"}],"predecessor-version":[{"id":14637,"href":"https:\/\/antikdepot.cz\/en\/wp-json\/wp\/v2\/product\/14628\/revisions\/14637"}],"wp:featuredmedia":[{"embeddable":true,"href":"https:\/\/antikdepot.cz\/en\/wp-json\/wp\/v2\/media\/14630"}],"wp:attachment":[{"href":"https:\/\/antikdepot.cz\/en\/wp-json\/wp\/v2\/media?parent=14628"}],"wp:term":[{"taxonomy":"product_brand","embeddable":true,"href":"https:\/\/antikdepot.cz\/en\/wp-json\/wp\/v2\/product_brand?post=14628"},{"taxonomy":"product_cat","embeddable":true,"href":"https:\/\/antikdepot.cz\/en\/wp-json\/wp\/v2\/product_cat?post=14628"},{"taxonomy":"product_tag","embeddable":true,"href":"https:\/\/antikdepot.cz\/en\/wp-json\/wp\/v2\/product_tag?post=14628"}],"curies":[{"name":"wp","href":"https:\/\/api.w.org\/{rel}","templated":true}]}}