{"id":14831,"date":"2024-12-04T22:14:19","date_gmt":"2024-12-04T21:14:19","guid":{"rendered":"https:\/\/antikdepot.cz\/?post_type=product&#038;p=14831"},"modified":"2024-12-05T11:29:04","modified_gmt":"2024-12-05T10:29:04","slug":"rustikalni-selska-komoda-z-masivniho-dreva-replika-z-obdobi-grunderzeit","status":"publish","type":"product","link":"https:\/\/antikdepot.cz\/en\/rustikalni-selska-komoda-z-masivniho-dreva-replika-z-obdobi-grunderzeit\/","title":{"rendered":"Rustic rustic solid wood chest of drawers - replica from the Gr\u00fcnderzeit"},"content":{"rendered":"<div class=\"flex-shrink-0 flex flex-col relative items-end\">\n<div>\n<div class=\"pt-0\">\n<div class=\"gizmo-bot-avatar flex h-8 w-8 items-center justify-center overflow-hidden rounded-full\">\n<div class=\"relative p-1 rounded-sm flex items-center justify-center bg-token-main-surface-primary text-token-text-primary h-8 w-8\"><\/div>\n<\/div>\n<\/div>\n<\/div>\n<\/div>\n<div class=\"group\/conversation-turn relative flex w-full min-w-0 flex-col agent-turn\">\n<div class=\"flex-col gap-1 md:gap-3\">\n<div class=\"flex max-w-full flex-col flex-grow\">\n<div class=\"min-h-8 text-message flex w-full flex-col items-end gap-2 whitespace-normal break-words [.text-message+&amp;]:mt-5\" dir=\"auto\" data-message-author-role=\"assistant\" data-message-id=\"67016599-9197-469e-947d-194c0bbde48e\" data-message-model-slug=\"gpt-4o-mini\">\n<div class=\"flex w-full flex-col gap-1 empty:hidden first:pt-[3px]\">\n<div class=\"markdown prose w-full break-words dark:prose-invert dark\">\n<h2>Rustik\u00e1ln\u00ed selsk\u00e1 komoda z masivn\u00edho d\u0159eva<\/h2>\n<ul>\n<li><strong>Materi\u00e1l:<\/strong> Komplet z masivn\u00edho d\u0159eva, v\u010detn\u011b zadn\u00ed desky a z\u00e1suvek.<\/li>\n<li><strong>Barva:<\/strong> \u010cist\u011b b\u00edl\u00e1 (RAL 9010).<\/li>\n<li><strong>Povrchov\u00e1 \u00faprava:<\/strong> NATUR bez voskov\u00e1n\u00ed (voskov\u00e1n\u00ed mo\u017en\u00e9 na vy\u017e\u00e1d\u00e1n\u00ed).<\/li>\n<li><strong>Z\u00e1suvky:<\/strong> S ozdobn\u00fdmi c\u00ednkovan\u00fdmi spoji.<\/li>\n<li><strong>Kov\u00e1n\u00ed:<\/strong> Harmonick\u00e9, tradi\u010dn\u00ed.<\/li>\n<li><strong>Rozm\u011bry:<\/strong> V\u00fd\u0161ka: 90 cm, \u0160\u00ed\u0159ka: 100 cm, Hloubka: 50 cm.<\/li>\n<li><strong>Dod\u00e1n\u00ed:<\/strong> Na zak\u00e1zku, dod\u00e1n\u00ed v celku.<\/li>\n<\/ul>\n<\/div>\n<\/div>\n<\/div>\n<\/div>\n<\/div>\n<\/div>\n","protected":false},"excerpt":{"rendered":"<div class=\"flex-shrink-0 flex flex-col relative items-end\">\n<div>\n<div class=\"pt-0\">\n<div class=\"gizmo-bot-avatar flex h-8 w-8 items-center justify-center overflow-hidden rounded-full\">\n<div class=\"relative p-1 rounded-sm flex items-center justify-center bg-token-main-surface-primary text-token-text-primary h-8 w-8\"><\/div>\n<\/div>\n<\/div>\n<\/div>\n<\/div>\n<div class=\"group\/conversation-turn relative flex w-full min-w-0 flex-col agent-turn\">\n<div class=\"flex-col gap-1 md:gap-3\">\n<div class=\"flex max-w-full flex-col flex-grow\">\n<div class=\"min-h-8 text-message flex w-full flex-col items-end gap-2 whitespace-normal break-words [.text-message+&amp;]:mt-5\" dir=\"auto\" data-message-author-role=\"assistant\" data-message-id=\"67016599-9197-469e-947d-194c0bbde48e\" data-message-model-slug=\"gpt-4o-mini\">\n<div class=\"flex w-full flex-col gap-1 empty:hidden first:pt-[3px]\">\n<div class=\"markdown prose w-full break-words dark:prose-invert dark\">\n<h1><strong>Rustik\u00e1ln\u00ed selsk\u00e1 komoda z masivn\u00edho d\u0159eva \u2013 replika z obdob\u00ed Gr\u00fcnderzeit<\/strong><\/h1>\n<p>Tato kr\u00e1sn\u00e1 selsk\u00e1 komoda, inspirovan\u00e1 obdob\u00edm Gr\u00fcnderzeit, je vyrobena z kvalitn\u00edho star\u00e9ho d\u0159eva a zpracov\u00e1na s ohledem na tradi\u010dn\u00ed \u0159emeslnou preciznost. Spojuje eleganci historick\u00e9ho n\u00e1bytku s modern\u00edmi funkcemi.<\/p>\n<p><strong>Doba dod\u00e1n\u00ed: 6 &#8211; 8 t\u00fddn\u016f<\/strong><\/p>\n<h3><span style=\"color: #339966;\">Cena na dotaz<\/span><\/h3>\n<\/div>\n<\/div>\n<\/div>\n<\/div>\n<\/div>\n<\/div>\n","protected":false},"featured_media":14835,"template":"","meta":{"site-sidebar-layout":"default","site-content-layout":"","ast-site-content-layout":"default","site-content-style":"default","site-sidebar-style":"default","ast-global-header-display":"","ast-banner-title-visibility":"","ast-main-header-display":"","ast-hfb-above-header-display":"","ast-hfb-below-header-display":"","ast-hfb-mobile-header-display":"","site-post-title":"","ast-breadcrumbs-content":"","ast-featured-img":"","footer-sml-layout":"","ast-disable-related-posts":"","theme-transparent-header-meta":"default","adv-header-id-meta":"","stick-header-meta":"","header-above-stick-meta":"","header-main-stick-meta":"","header-below-stick-meta":"","astra-migrate-meta-layouts":"set","ast-page-background-enabled":"default","ast-page-background-meta":{"desktop":{"background-color":"","background-image":"","background-repeat":"repeat","background-position":"center center","background-size":"auto","background-attachment":"scroll","background-type":"","background-media":"","overlay-type":"","overlay-color":"","overlay-opacity":"","overlay-gradient":""},"tablet":{"background-color":"","background-image":"","background-repeat":"repeat","background-position":"center center","background-size":"auto","background-attachment":"scroll","background-type":"","background-media":"","overlay-type":"","overlay-color":"","overlay-opacity":"","overlay-gradient":""},"mobile":{"background-color":"","background-image":"","background-repeat":"repeat","background-position":"center center","background-size":"auto","background-attachment":"scroll","background-type":"","background-media":"","overlay-type":"","overlay-color":"","overlay-opacity":"","overlay-gradient":""}},"ast-content-background-meta":{"desktop":{"background-color":"var(--ast-global-color-5)","background-image":"","background-repeat":"repeat","background-position":"center center","background-size":"auto","background-attachment":"scroll","background-type":"","background-media":"","overlay-type":"","overlay-color":"","overlay-opacity":"","overlay-gradient":""},"tablet":{"background-color":"var(--ast-global-color-5)","background-image":"","background-repeat":"repeat","background-position":"center center","background-size":"auto","background-attachment":"scroll","background-type":"","background-media":"","overlay-type":"","overlay-color":"","overlay-opacity":"","overlay-gradient":""},"mobile":{"background-color":"var(--ast-global-color-5)","background-image":"","background-repeat":"repeat","background-position":"center center","background-size":"auto","background-attachment":"scroll","background-type":"","background-media":"","overlay-type":"","overlay-color":"","overlay-opacity":"","overlay-gradient":""}}},"product_brand":[],"product_cat":[75,130,128],"product_tag":[],"class_list":{"0":"post-14831","1":"product","2":"type-product","3":"status-publish","4":"has-post-thumbnail","6":"product_cat-starozitny-nabytek","7":"product_cat-selske-komody-a-vitryny","8":"product_cat-selsky-nabytek","9":"desktop-align-center","10":"tablet-align-left","11":"mobile-align-left","13":"first","14":"onbackorder","15":"taxable","16":"shipping-taxable","17":"product-type-simple"},"_links":{"self":[{"href":"https:\/\/antikdepot.cz\/en\/wp-json\/wp\/v2\/product\/14831","targetHints":{"allow":["GET"]}}],"collection":[{"href":"https:\/\/antikdepot.cz\/en\/wp-json\/wp\/v2\/product"}],"about":[{"href":"https:\/\/antikdepot.cz\/en\/wp-json\/wp\/v2\/types\/product"}],"version-history":[{"count":4,"href":"https:\/\/antikdepot.cz\/en\/wp-json\/wp\/v2\/product\/14831\/revisions"}],"predecessor-version":[{"id":14907,"href":"https:\/\/antikdepot.cz\/en\/wp-json\/wp\/v2\/product\/14831\/revisions\/14907"}],"wp:featuredmedia":[{"embeddable":true,"href":"https:\/\/antikdepot.cz\/en\/wp-json\/wp\/v2\/media\/14835"}],"wp:attachment":[{"href":"https:\/\/antikdepot.cz\/en\/wp-json\/wp\/v2\/media?parent=14831"}],"wp:term":[{"taxonomy":"product_brand","embeddable":true,"href":"https:\/\/antikdepot.cz\/en\/wp-json\/wp\/v2\/product_brand?post=14831"},{"taxonomy":"product_cat","embeddable":true,"href":"https:\/\/antikdepot.cz\/en\/wp-json\/wp\/v2\/product_cat?post=14831"},{"taxonomy":"product_tag","embeddable":true,"href":"https:\/\/antikdepot.cz\/en\/wp-json\/wp\/v2\/product_tag?post=14831"}],"curies":[{"name":"wp","href":"https:\/\/api.w.org\/{rel}","templated":true}]}}