{"id":15687,"date":"2025-03-17T03:35:37","date_gmt":"2025-03-17T02:35:37","guid":{"rendered":"https:\/\/antikdepot.cz\/?post_type=product&#038;p=15687"},"modified":"2025-03-19T10:52:35","modified_gmt":"2025-03-19T09:52:35","slug":"prostorna-policova-skrin-z-mekkeho-dreva-165-cm","status":"publish","type":"product","link":"https:\/\/antikdepot.cz\/en\/prostorna-policova-skrin-z-mekkeho-dreva-165-cm\/","title":{"rendered":"Prostorn\u00e1 policov\u00e1 sk\u0159\u00ed\u0148 z m\u011bkk\u00e9ho d\u0159eva 165 cm"},"content":{"rendered":"<h1>Prostorn\u00e1 policov\u00e1 sk\u0159\u00ed\u0148 z m\u011bkk\u00e9ho d\u0159eva<\/h1>\n<p data-start=\"353\" data-end=\"654\"><span data-start=\"379\" data-end=\"420\">E<\/span><strong data-start=\"379\" data-end=\"420\">legantn\u00ed jednodv\u00e9\u0159ov\u00e1 sk\u0159\u00ed\u0148<\/strong>, that provides plenty of storage space <strong data-start=\"470\" data-end=\"490\">thanks to its internal shelves<\/strong>. It is an ideal choice for interiors in <strong data-start=\"526\" data-end=\"561\">a rustic or vintage style<\/strong>, but it will also fit perfectly into modernly furnished homes as <strong data-start=\"622\" data-end=\"651\">a stylish and practical element<\/strong>.<\/p>\n<p data-start=\"656\" data-end=\"994\">\u2705 <strong data-start=\"658\" data-end=\"693\">Framed door with functional lock<\/strong> dod\u00e1vaj\u00ed sk\u0159\u00edni <strong data-start=\"710\" data-end=\"738\">an authentic period look<\/strong> a z\u00e1rove\u0148 poskytuj\u00ed bezpe\u010dn\u00e9 uzav\u0159en\u00ed ulo\u017een\u00fdch v\u011bc\u00ed.<br data-start=\"792\" data-end=\"795\" \/>\u2705 <strong data-start=\"797\" data-end=\"837\">Zdobn\u00e9 vy\u0159ez\u00e1van\u00e9 sloupy po stran\u00e1ch<\/strong> podtrhuj\u00ed <strong data-start=\"848\" data-end=\"871\">\u0159emesln\u00e9 zpracov\u00e1n\u00ed<\/strong> and <strong data-start=\"874\" data-end=\"893\">klasick\u00fd design<\/strong>.<br data-start=\"894\" data-end=\"897\" \/>\u2705 <strong data-start=\"899\" data-end=\"929\">Solid softwood wooden construction<\/strong> z m\u011bkk\u00e9ho d\u0159eva zaji\u0161\u0165uje pevnost a dlouhou \u017eivotnost n\u00e1bytku.<\/p>\n<p data-start=\"996\" data-end=\"1206\">Thanks to its dimensions\u00a0<strong data-start=\"1041\" data-end=\"1065\">wardrobe is a universal accessory<\/strong> \u2013 it is suitable for <strong data-start=\"1079\" data-end=\"1128\">bedrooms, hallways, living rooms and offices<\/strong>, where it will provide <strong data-start=\"1143\" data-end=\"1203\">enough space for storing clothes, books or decorations.<\/strong>.<\/p>\n<p data-start=\"1208\" data-end=\"1299\">\ud83d\udca1 <strong data-start=\"1211\" data-end=\"1297\">\ud83d\udca1 The perfect combination of elegance, functionality and historical charm for any interior.<\/strong><\/p>\n<p data-start=\"1208\" data-end=\"1299\">\u2705 <strong data-start=\"1326\" data-end=\"1364\">Slim and space-saving design<\/strong> - ideal for smaller rooms<br data-start=\"1397\" data-end=\"1400\" \/>\u2705 <strong data-start=\"1402\" data-end=\"1420\">Internal shelves<\/strong> - practical arrangement for various items<br data-start=\"1462\" data-end=\"1465\" \/>\u2705 <strong data-start=\"1467\" data-end=\"1502\">Framed door with functional lock<\/strong> - traditional look and secure closure<br data-start=\"1540\" data-end=\"1543\" \/>\u2705 <strong data-start=\"1545\" data-end=\"1578\">Carved columns on the sides<\/strong> - detailed craftsmanship<br data-start=\"1604\" data-end=\"1607\" \/>\u2705 <strong data-start=\"1609\" data-end=\"1633\">Quality softwood<\/strong> - strong and durable workmanship<br data-start=\"1661\" data-end=\"1664\" \/>\u2705 <strong data-start=\"1666\" data-end=\"1689\">Versatile use<\/strong> - great for bedroom, hallway and living room<\/p>\n<h3 data-start=\"1747\" data-end=\"1777\"><strong data-start=\"1751\" data-end=\"1775\">Technical parameters:<\/strong><\/h3>\n<p data-start=\"1778\" data-end=\"1976\">\ud83d\udccf <strong data-start=\"1781\" data-end=\"1793\">Dimensions:<\/strong> 165 \u00d7 71 \u00d7 43 cm<br data-start=\"1810\" data-end=\"1813\" \/>\ud83d\udccf <strong data-start=\"1816\" data-end=\"1826\">Height:<\/strong> 165 cm<br data-start=\"1833\" data-end=\"1836\" \/>\ud83d\udccf <strong data-start=\"1839\" data-end=\"1849\">Width:<\/strong> 71 cm<br data-start=\"1855\" data-end=\"1858\" \/>\ud83d\udccf <strong data-start=\"1861\" data-end=\"1873\">Depth:<\/strong> 43 cm<br data-start=\"1879\" data-end=\"1882\" \/>\ud83c\udfa8 <strong data-start=\"1885\" data-end=\"1898\">Material:<\/strong> Softwood<br data-start=\"1910\" data-end=\"1913\" \/>\ud83e\ude9a <strong data-start=\"1916\" data-end=\"1930\">Execution:<\/strong> Natural wood \/ Waxing available on request<\/p>","protected":false},"excerpt":{"rendered":"<h1>Prostorn\u00e1 policov\u00e1 sk\u0159\u00ed\u0148 z m\u011bkk\u00e9ho d\u0159eva se zdoben\u00fdmi sloupy 165 cm<\/h1>\n<p>Tato jednodv\u00e9\u0159ov\u00e1 sk\u0159\u00ed\u0148\u00a0je praktick\u00fdm a elegantn\u00edm kusem n\u00e1bytku s <strong data-start=\"204\" data-end=\"235\">with shelf storage space<\/strong>. Made of soft wood, decorated with carved columns and fitted with a functional lock.<\/p>","protected":false},"featured_media":15778,"template":"","meta":{"site-sidebar-layout":"default","site-content-layout":"","ast-site-content-layout":"default","site-content-style":"default","site-sidebar-style":"default","ast-global-header-display":"","ast-banner-title-visibility":"","ast-main-header-display":"","ast-hfb-above-header-display":"","ast-hfb-below-header-display":"","ast-hfb-mobile-header-display":"","site-post-title":"","ast-breadcrumbs-content":"","ast-featured-img":"","footer-sml-layout":"","ast-disable-related-posts":"","theme-transparent-header-meta":"default","adv-header-id-meta":"","stick-header-meta":"","header-above-stick-meta":"","header-main-stick-meta":"","header-below-stick-meta":"","astra-migrate-meta-layouts":"set","ast-page-background-enabled":"default","ast-page-background-meta":{"desktop":{"background-color":"","background-image":"","background-repeat":"repeat","background-position":"center center","background-size":"auto","background-attachment":"scroll","background-type":"","background-media":"","overlay-type":"","overlay-color":"","overlay-opacity":"","overlay-gradient":""},"tablet":{"background-color":"","background-image":"","background-repeat":"repeat","background-position":"center center","background-size":"auto","background-attachment":"scroll","background-type":"","background-media":"","overlay-type":"","overlay-color":"","overlay-opacity":"","overlay-gradient":""},"mobile":{"background-color":"","background-image":"","background-repeat":"repeat","background-position":"center center","background-size":"auto","background-attachment":"scroll","background-type":"","background-media":"","overlay-type":"","overlay-color":"","overlay-opacity":"","overlay-gradient":""}},"ast-content-background-meta":{"desktop":{"background-color":"var(--ast-global-color-5)","background-image":"","background-repeat":"repeat","background-position":"center center","background-size":"auto","background-attachment":"scroll","background-type":"","background-media":"","overlay-type":"","overlay-color":"","overlay-opacity":"","overlay-gradient":""},"tablet":{"background-color":"var(--ast-global-color-5)","background-image":"","background-repeat":"repeat","background-position":"center center","background-size":"auto","background-attachment":"scroll","background-type":"","background-media":"","overlay-type":"","overlay-color":"","overlay-opacity":"","overlay-gradient":""},"mobile":{"background-color":"var(--ast-global-color-5)","background-image":"","background-repeat":"repeat","background-position":"center center","background-size":"auto","background-attachment":"scroll","background-type":"","background-media":"","overlay-type":"","overlay-color":"","overlay-opacity":"","overlay-gradient":""}}},"product_brand":[],"product_cat":[75,132,128],"product_tag":[],"class_list":{"0":"post-15687","1":"product","2":"type-product","3":"status-publish","4":"has-post-thumbnail","6":"product_cat-starozitny-nabytek","7":"product_cat-selske-skrine-a-ulozne-prostory","8":"product_cat-selsky-nabytek","9":"desktop-align-center","10":"tablet-align-left","11":"mobile-align-left","13":"first","14":"onbackorder","15":"taxable","16":"shipping-taxable","17":"purchasable","18":"product-type-variable"},"_links":{"self":[{"href":"https:\/\/antikdepot.cz\/en\/wp-json\/wp\/v2\/product\/15687","targetHints":{"allow":["GET"]}}],"collection":[{"href":"https:\/\/antikdepot.cz\/en\/wp-json\/wp\/v2\/product"}],"about":[{"href":"https:\/\/antikdepot.cz\/en\/wp-json\/wp\/v2\/types\/product"}],"version-history":[{"count":5,"href":"https:\/\/antikdepot.cz\/en\/wp-json\/wp\/v2\/product\/15687\/revisions"}],"predecessor-version":[{"id":15773,"href":"https:\/\/antikdepot.cz\/en\/wp-json\/wp\/v2\/product\/15687\/revisions\/15773"}],"wp:featuredmedia":[{"embeddable":true,"href":"https:\/\/antikdepot.cz\/en\/wp-json\/wp\/v2\/media\/15778"}],"wp:attachment":[{"href":"https:\/\/antikdepot.cz\/en\/wp-json\/wp\/v2\/media?parent=15687"}],"wp:term":[{"taxonomy":"product_brand","embeddable":true,"href":"https:\/\/antikdepot.cz\/en\/wp-json\/wp\/v2\/product_brand?post=15687"},{"taxonomy":"product_cat","embeddable":true,"href":"https:\/\/antikdepot.cz\/en\/wp-json\/wp\/v2\/product_cat?post=15687"},{"taxonomy":"product_tag","embeddable":true,"href":"https:\/\/antikdepot.cz\/en\/wp-json\/wp\/v2\/product_tag?post=15687"}],"curies":[{"name":"wp","href":"https:\/\/api.w.org\/{rel}","templated":true}]}}