{"id":16064,"date":"2025-07-14T16:14:04","date_gmt":"2025-07-14T14:14:04","guid":{"rendered":"https:\/\/antikdepot.cz\/?post_type=product&#038;p=16064"},"modified":"2025-07-14T16:32:24","modified_gmt":"2025-07-14T14:32:24","slug":"kresla-jan-vanek-parova-klubova-kresla","status":"publish","type":"product","link":"https:\/\/antikdepot.cz\/en\/kresla-jan-vanek-parova-klubova-kresla\/","title":{"rendered":"K\u0159esla Jan Van\u011bk | P\u00e1rov\u00e1 klubov\u00e1 k\u0159esla"},"content":{"rendered":"<p>P\u00e1rov\u00e1 k\u0159esla (atrib. <strong>Jan Va\u0148ek<\/strong>)<br \/>\n\u010ceskoslovensko, 30 -40.\u00a0 l\u00e9ta 20. stolet\u00ed<br \/>\nOh\u00fdban\u00e9 bukov\u00e9 d\u0159evo, textil, popruhov\u00e1n\u00ed<\/p>\n<p>P\u00e1r n\u00edzk\u00fdch klubov\u00fdch k\u0159esel s dynamicky tvarovan\u00fdmi podru\u010dkami a li\u017einovou konstrukc\u00ed. N\u00e1vrh b\u00fdv\u00e1 p\u0159ipisov\u00e1n v\u00fdznamn\u00e9mu \u010desk\u00e9mu architektovi a design\u00e9rovi Janu Va\u0148kovi, kter\u00fd ve 30. letech navrhoval n\u00e1bytek v duchu funkcionalismu. K\u0159esla si zachovala p\u016fvodn\u00ed konstruk\u010dn\u00ed \u0159e\u0161en\u00ed, textiln\u00ed \u010daloun\u011bn\u00ed s geometrick\u00fdm vzorem.<\/p>\n<p><strong>Condition:<\/strong> v\u00fdborn\u00e1 n\u00e1lezov\u00e1 kondice<\/p>\n<p>Price per pair<\/p>","protected":false},"excerpt":{"rendered":"<h3 class=\"LC20lb MBeuO DKV0Md\">K\u0159esla p\u00e1rov\u00e1 Jan Van\u011bk pro \u00daP Z\u00e1vody<\/h3>","protected":false},"featured_media":16074,"template":"","meta":{"site-sidebar-layout":"default","site-content-layout":"","ast-site-content-layout":"default","site-content-style":"default","site-sidebar-style":"default","ast-global-header-display":"","ast-banner-title-visibility":"","ast-main-header-display":"","ast-hfb-above-header-display":"","ast-hfb-below-header-display":"","ast-hfb-mobile-header-display":"","site-post-title":"","ast-breadcrumbs-content":"","ast-featured-img":"","footer-sml-layout":"","ast-disable-related-posts":"","theme-transparent-header-meta":"default","adv-header-id-meta":"","stick-header-meta":"","header-above-stick-meta":"","header-main-stick-meta":"","header-below-stick-meta":"","astra-migrate-meta-layouts":"set","ast-page-background-enabled":"default","ast-page-background-meta":{"desktop":{"background-color":"","background-image":"","background-repeat":"repeat","background-position":"center center","background-size":"auto","background-attachment":"scroll","background-type":"","background-media":"","overlay-type":"","overlay-color":"","overlay-opacity":"","overlay-gradient":""},"tablet":{"background-color":"","background-image":"","background-repeat":"repeat","background-position":"center center","background-size":"auto","background-attachment":"scroll","background-type":"","background-media":"","overlay-type":"","overlay-color":"","overlay-opacity":"","overlay-gradient":""},"mobile":{"background-color":"","background-image":"","background-repeat":"repeat","background-position":"center center","background-size":"auto","background-attachment":"scroll","background-type":"","background-media":"","overlay-type":"","overlay-color":"","overlay-opacity":"","overlay-gradient":""}},"ast-content-background-meta":{"desktop":{"background-color":"var(--ast-global-color-5)","background-image":"","background-repeat":"repeat","background-position":"center center","background-size":"auto","background-attachment":"scroll","background-type":"","background-media":"","overlay-type":"","overlay-color":"","overlay-opacity":"","overlay-gradient":""},"tablet":{"background-color":"var(--ast-global-color-5)","background-image":"","background-repeat":"repeat","background-position":"center center","background-size":"auto","background-attachment":"scroll","background-type":"","background-media":"","overlay-type":"","overlay-color":"","overlay-opacity":"","overlay-gradient":""},"mobile":{"background-color":"var(--ast-global-color-5)","background-image":"","background-repeat":"repeat","background-position":"center center","background-size":"auto","background-attachment":"scroll","background-type":"","background-media":"","overlay-type":"","overlay-color":"","overlay-opacity":"","overlay-gradient":""}}},"product_brand":[],"product_cat":[58,75,15,61,57],"product_tag":[150],"class_list":{"0":"post-16064","1":"product","2":"type-product","3":"status-publish","4":"has-post-thumbnail","6":"product_cat-retro-nabytek","7":"product_cat-starozitny-nabytek","8":"product_cat-nezarazene-starozitnosti","9":"product_cat-starozitna-kresla","10":"product_cat-historicky-nabytek","11":"product_tag-jan-vanek","12":"desktop-align-center","13":"tablet-align-left","14":"mobile-align-left","16":"first","17":"instock","18":"taxable","19":"shipping-taxable","20":"purchasable","21":"product-type-simple"},"_links":{"self":[{"href":"https:\/\/antikdepot.cz\/en\/wp-json\/wp\/v2\/product\/16064","targetHints":{"allow":["GET"]}}],"collection":[{"href":"https:\/\/antikdepot.cz\/en\/wp-json\/wp\/v2\/product"}],"about":[{"href":"https:\/\/antikdepot.cz\/en\/wp-json\/wp\/v2\/types\/product"}],"version-history":[{"count":2,"href":"https:\/\/antikdepot.cz\/en\/wp-json\/wp\/v2\/product\/16064\/revisions"}],"predecessor-version":[{"id":16076,"href":"https:\/\/antikdepot.cz\/en\/wp-json\/wp\/v2\/product\/16064\/revisions\/16076"}],"wp:featuredmedia":[{"embeddable":true,"href":"https:\/\/antikdepot.cz\/en\/wp-json\/wp\/v2\/media\/16074"}],"wp:attachment":[{"href":"https:\/\/antikdepot.cz\/en\/wp-json\/wp\/v2\/media?parent=16064"}],"wp:term":[{"taxonomy":"product_brand","embeddable":true,"href":"https:\/\/antikdepot.cz\/en\/wp-json\/wp\/v2\/product_brand?post=16064"},{"taxonomy":"product_cat","embeddable":true,"href":"https:\/\/antikdepot.cz\/en\/wp-json\/wp\/v2\/product_cat?post=16064"},{"taxonomy":"product_tag","embeddable":true,"href":"https:\/\/antikdepot.cz\/en\/wp-json\/wp\/v2\/product_tag?post=16064"}],"curies":[{"name":"wp","href":"https:\/\/api.w.org\/{rel}","templated":true}]}}