{"id":17079,"date":"2026-03-06T19:52:16","date_gmt":"2026-03-06T18:52:16","guid":{"rendered":"https:\/\/antikdepot.cz\/?post_type=product&#038;p=17079"},"modified":"2026-03-06T19:53:56","modified_gmt":"2026-03-06T18:53:56","slug":"komoda-z-masivu-180-cm-rustikalni-komoda-v-landhaus-stylu","status":"publish","type":"product","link":"https:\/\/antikdepot.cz\/en\/komoda-z-masivu-180-cm-rustikalni-komoda-v-landhaus-stylu\/","title":{"rendered":"Komoda z masivu 180 cm \u2013 rustik\u00e1ln\u00ed komoda v landhaus stylu"},"content":{"rendered":"<p data-start=\"154\" data-end=\"461\">P\u0159\u00edrodn\u00ed povrch zv\u00fdraz\u0148uje p\u0159irozenou kresbu d\u0159eva a spolu s <strong data-start=\"374\" data-end=\"400\">kov\u00e1n\u00edm ve staromosazi<\/strong> vytv\u00e1\u0159\u00ed autentick\u00fd charakter tradi\u010dn\u00edho venkovsk\u00e9ho n\u00e1bytku.<\/p>\n<p data-start=\"463\" data-end=\"666\">Komoda stoj\u00ed na <strong data-start=\"479\" data-end=\"497\">masivn\u00edm soklu<\/strong>, kter\u00fd zaji\u0161\u0165uje vysokou stabilitu a dlouhou \u017eivotnost. Kombinace z\u00e1suvek a sk\u0159\u00edn\u011bk nab\u00edz\u00ed praktick\u00fd \u00falo\u017en\u00fd prostor pro n\u00e1dob\u00ed, textilie nebo dal\u0161\u00ed vybaven\u00ed dom\u00e1cnosti.<\/p>\n<p data-start=\"668\" data-end=\"812\">Tento kus n\u00e1bytku je ide\u00e1ln\u00ed volbou pro v\u0161echny, kte\u0159\u00ed hledaj\u00ed <strong data-start=\"731\" data-end=\"811\">kvalitn\u00ed n\u00e1bytek z masivu na chalupu, chatu nebo do domu v rustik\u00e1ln\u00edm stylu<\/strong>.<\/p>\n<p data-start=\"814\" data-end=\"901\">Komoda je dod\u00e1v\u00e1na <strong data-start=\"833\" data-end=\"872\">v jednom kuse, kompletn\u011b smontovan\u00e1<\/strong>, bez nutnosti dal\u0161\u00ed mont\u00e1\u017ee.<\/p>\n<hr data-start=\"903\" data-end=\"906\" \/>\n<h4 data-section-id=\"r8inox\" data-start=\"908\" data-end=\"945\">Pro\u010d si vybrat pr\u00e1v\u011b tento n\u00e1bytek<\/h4>\n<p data-start=\"947\" data-end=\"1232\">\u2713 <strong data-start=\"949\" data-end=\"966\">Solid wood<\/strong> \u2013 kvalitn\u00ed a poctiv\u011b vyroben\u00fd n\u00e1bytek s dlouhou \u017eivotnost\u00ed<br data-start=\"1025\" data-end=\"1028\" \/>\u2713 <strong data-start=\"1030\" data-end=\"1062\">Tradi\u010dn\u00ed \u0159emesln\u00e9 zpracov\u00e1n\u00ed<\/strong><br data-start=\"1062\" data-end=\"1065\" \/>\u2713 <strong data-start=\"1067\" data-end=\"1116\">Ide\u00e1ln\u00ed n\u00e1bytek na chalupu nebo venkovsk\u00fd d\u016fm<\/strong><br data-start=\"1116\" data-end=\"1119\" \/>\u2713 <strong data-start=\"1121\" data-end=\"1145\">Dod\u00e1n\u00ed v jednom kuse<\/strong> \u2013 \u017e\u00e1dn\u00e1 mont\u00e1\u017e nen\u00ed pot\u0159eba<br data-start=\"1173\" data-end=\"1176\" \/>\u2713 <strong data-start=\"1178\" data-end=\"1202\">Velk\u00fd \u00falo\u017en\u00fd prostor<\/strong> \u2013 z\u00e1suvky a prostorn\u00e9 sk\u0159\u00ed\u0148ky<\/p>\n<hr data-start=\"1234\" data-end=\"1237\" \/>\n<h5 data-section-id=\"zb9oh5\" data-start=\"1239\" data-end=\"1257\">Technick\u00e9 \u00fadaje<\/h5>\n<p data-start=\"1259\" data-end=\"1383\">Style: <strong data-start=\"1265\" data-end=\"1297\">landhaus \/ venkovsk\u00fd n\u00e1bytek<\/strong><br data-start=\"1297\" data-end=\"1300\" \/>Material: <strong data-start=\"1310\" data-end=\"1327\">solid wood<\/strong><br data-start=\"1327\" data-end=\"1330\" \/>Povrch: <strong data-start=\"1338\" data-end=\"1358\">natur (p\u0159\u00edrodn\u00ed)<\/strong><br data-start=\"1358\" data-end=\"1361\" \/>Fittings: <strong data-start=\"1369\" data-end=\"1383\">staromosaz<\/strong><\/p>\n<p data-start=\"1385\" data-end=\"1433\">Rozm\u011bry (V \u00d7 \u0160 \u00d7 H):<br data-start=\"1405\" data-end=\"1408\" \/><strong data-start=\"1408\" data-end=\"1433\">90 \u00d7 180 \u00d7 42 \/ 50 cm<\/strong><\/p>\n<hr data-start=\"1435\" data-end=\"1438\" \/>\n<h6 data-section-id=\"9pjowz\" data-start=\"1440\" data-end=\"1458\">N\u00e1bytek na m\u00edru<\/h6>\n<p data-start=\"1460\" data-end=\"1626\">Krom\u011b jednotliv\u00fdch kus\u016f vyr\u00e1b\u00edme tak\u00e9 <strong data-start=\"1498\" data-end=\"1547\">landhaus n\u00e1bytek a n\u00e1bytek na chalupu na m\u00edru<\/strong> \u2013 nap\u0159\u00edklad komody, sk\u0159\u00edn\u011b, koupelnov\u00fd n\u00e1bytek nebo kuchyn\u011b z masivn\u00edho d\u0159eva.<\/p>","protected":false},"excerpt":{"rendered":"<h3 data-section-id=\"1ryj2vs\" data-start=\"91\" data-end=\"152\">Komoda z masivu 180 cm \u2013 rustik\u00e1ln\u00ed komoda v landhaus stylu<\/h3>\n<p data-start=\"154\" data-end=\"461\">Velk\u00e1 <strong data-start=\"160\" data-end=\"217\">komoda z masivn\u00edho d\u0159eva v rustik\u00e1ln\u00edm landhaus stylu<\/strong>, kter\u00e1 je ide\u00e1ln\u00ed jako stylov\u00fd <strong data-start=\"249\" data-end=\"311\">n\u00e1bytek na chalupu, venkovsk\u00fd d\u016fm nebo rustik\u00e1ln\u00ed interi\u00e9r<\/strong>.<\/p>","protected":false},"featured_media":17085,"template":"","meta":{"site-sidebar-layout":"default","site-content-layout":"","ast-site-content-layout":"default","site-content-style":"default","site-sidebar-style":"default","ast-global-header-display":"","ast-banner-title-visibility":"","ast-main-header-display":"","ast-hfb-above-header-display":"","ast-hfb-below-header-display":"","ast-hfb-mobile-header-display":"","site-post-title":"","ast-breadcrumbs-content":"","ast-featured-img":"","footer-sml-layout":"","ast-disable-related-posts":"","theme-transparent-header-meta":"default","adv-header-id-meta":"","stick-header-meta":"","header-above-stick-meta":"","header-main-stick-meta":"","header-below-stick-meta":"","astra-migrate-meta-layouts":"set","ast-page-background-enabled":"default","ast-page-background-meta":{"desktop":{"background-color":"","background-image":"","background-repeat":"repeat","background-position":"center center","background-size":"auto","background-attachment":"scroll","background-type":"","background-media":"","overlay-type":"","overlay-color":"","overlay-opacity":"","overlay-gradient":""},"tablet":{"background-color":"","background-image":"","background-repeat":"repeat","background-position":"center center","background-size":"auto","background-attachment":"scroll","background-type":"","background-media":"","overlay-type":"","overlay-color":"","overlay-opacity":"","overlay-gradient":""},"mobile":{"background-color":"","background-image":"","background-repeat":"repeat","background-position":"center center","background-size":"auto","background-attachment":"scroll","background-type":"","background-media":"","overlay-type":"","overlay-color":"","overlay-opacity":"","overlay-gradient":""}},"ast-content-background-meta":{"desktop":{"background-color":"var(--ast-global-color-5)","background-image":"","background-repeat":"repeat","background-position":"center center","background-size":"auto","background-attachment":"scroll","background-type":"","background-media":"","overlay-type":"","overlay-color":"","overlay-opacity":"","overlay-gradient":""},"tablet":{"background-color":"var(--ast-global-color-5)","background-image":"","background-repeat":"repeat","background-position":"center center","background-size":"auto","background-attachment":"scroll","background-type":"","background-media":"","overlay-type":"","overlay-color":"","overlay-opacity":"","overlay-gradient":""},"mobile":{"background-color":"var(--ast-global-color-5)","background-image":"","background-repeat":"repeat","background-position":"center center","background-size":"auto","background-attachment":"scroll","background-type":"","background-media":"","overlay-type":"","overlay-color":"","overlay-opacity":"","overlay-gradient":""}}},"product_brand":[],"product_cat":[75,130,128],"product_tag":[154],"class_list":{"0":"post-17079","1":"product","2":"type-product","3":"status-publish","4":"has-post-thumbnail","6":"product_cat-starozitny-nabytek","7":"product_cat-selske-komody-a-vitryny","8":"product_cat-selsky-nabytek","9":"product_tag-nabytek-na-chalupu","10":"desktop-align-center","11":"tablet-align-left","12":"mobile-align-left","14":"first","15":"instock","16":"taxable","17":"shipping-taxable","18":"purchasable","19":"product-type-simple"},"_links":{"self":[{"href":"https:\/\/antikdepot.cz\/en\/wp-json\/wp\/v2\/product\/17079","targetHints":{"allow":["GET"]}}],"collection":[{"href":"https:\/\/antikdepot.cz\/en\/wp-json\/wp\/v2\/product"}],"about":[{"href":"https:\/\/antikdepot.cz\/en\/wp-json\/wp\/v2\/types\/product"}],"version-history":[{"count":2,"href":"https:\/\/antikdepot.cz\/en\/wp-json\/wp\/v2\/product\/17079\/revisions"}],"predecessor-version":[{"id":17088,"href":"https:\/\/antikdepot.cz\/en\/wp-json\/wp\/v2\/product\/17079\/revisions\/17088"}],"wp:featuredmedia":[{"embeddable":true,"href":"https:\/\/antikdepot.cz\/en\/wp-json\/wp\/v2\/media\/17085"}],"wp:attachment":[{"href":"https:\/\/antikdepot.cz\/en\/wp-json\/wp\/v2\/media?parent=17079"}],"wp:term":[{"taxonomy":"product_brand","embeddable":true,"href":"https:\/\/antikdepot.cz\/en\/wp-json\/wp\/v2\/product_brand?post=17079"},{"taxonomy":"product_cat","embeddable":true,"href":"https:\/\/antikdepot.cz\/en\/wp-json\/wp\/v2\/product_cat?post=17079"},{"taxonomy":"product_tag","embeddable":true,"href":"https:\/\/antikdepot.cz\/en\/wp-json\/wp\/v2\/product_tag?post=17079"}],"curies":[{"name":"wp","href":"https:\/\/api.w.org\/{rel}","templated":true}]}}