{"id":17102,"date":"2026-04-03T12:09:44","date_gmt":"2026-04-03T10:09:44","guid":{"rendered":"https:\/\/antikdepot.cz\/?post_type=product&#038;p=17102"},"modified":"2026-04-03T12:15:14","modified_gmt":"2026-04-03T10:15:14","slug":"selska-kredenc-z-masivu-secese-smrk-voskovana","status":"publish","type":"product","link":"https:\/\/antikdepot.cz\/en\/selska-kredenc-z-masivu-secese-smrk-voskovana\/","title":{"rendered":"Selsk\u00e1 kredenc z masivu \u2013 secese, smrk, voskovan\u00e1"},"content":{"rendered":"<h3>Pro\u010d si vybrat pr\u00e1v\u011b tuto kredenc<\/h3>\n<p data-start=\"600\" data-end=\"1063\">\u2714\ufe0f <strong data-start=\"603\" data-end=\"632\">100% masivn\u00ed d\u0159evo (smrk)<\/strong> \u2013 v\u010detn\u011b zad a z\u00e1suvek<br data-start=\"655\" data-end=\"658\" \/>\u2714\ufe0f <strong data-start=\"661\" data-end=\"677\">Hand made<\/strong> dle tradi\u010dn\u00edch truhl\u00e1\u0159sk\u00fdch technik<br data-start=\"713\" data-end=\"716\" \/>\u2714\ufe0f <strong data-start=\"719\" data-end=\"741\">Poctiv\u00e1 konstrukce<\/strong> \u2013 s\u00edla d\u0159eva cca od 2 cm<br data-start=\"766\" data-end=\"769\" \/>\u2714\ufe0f <strong data-start=\"772\" data-end=\"793\">Cinkovan\u00e9 z\u00e1suvky<\/strong> (pevn\u00e9 a kvalitn\u00ed spoje)<br data-start=\"818\" data-end=\"821\" \/>\u2714\ufe0f <strong data-start=\"824\" data-end=\"858\">Stylov\u00e9 kov\u00e1n\u00ed ve stylu secese<\/strong><br data-start=\"858\" data-end=\"861\" \/>\u2714\ufe0f <strong data-start=\"864\" data-end=\"891\">Praktick\u00e9 \u00falo\u017en\u00e9 \u0159e\u0161en\u00ed<\/strong> \u2013 vitr\u00edna, z\u00e1suvky i spodn\u00ed sk\u0159\u00ed\u0148<br data-start=\"925\" data-end=\"928\" \/>\u2714\ufe0f <strong data-start=\"931\" data-end=\"962\">Dod\u00e1n\u00ed kompletn\u011b smontovan\u00e9<\/strong> (pro transport rozd\u011bleno na 2 \u010d\u00e1sti)<br data-start=\"999\" data-end=\"1002\" \/>\u2714\ufe0f Vhodn\u00e9 pro <strong data-start=\"1016\" data-end=\"1063\">venkovsk\u00fd styl, chalupu i klasick\u00fd interi\u00e9r<\/strong><\/p>\n<hr data-start=\"1065\" data-end=\"1068\" \/>\n<h3 data-section-id=\"1qjjbgx\" data-start=\"1070\" data-end=\"1084\">\ud83d\udcd0 Rozm\u011bry<\/h3>\n<ul data-start=\"1086\" data-end=\"1150\">\n<li data-section-id=\"jfjfgu\" data-start=\"1086\" data-end=\"1107\">Height: <strong data-start=\"1095\" data-end=\"1105\">200 cm<\/strong><\/li>\n<li data-section-id=\"gsufp2\" data-start=\"1108\" data-end=\"1129\">Width: <strong data-start=\"1117\" data-end=\"1127\">150 cm<\/strong><\/li>\n<li data-section-id=\"1y4u7u7\" data-start=\"1130\" data-end=\"1150\">Depth: <strong data-start=\"1141\" data-end=\"1150\">50 cm<\/strong><\/li>\n<\/ul>\n<hr data-start=\"1152\" data-end=\"1155\" \/>\n<h3 data-section-id=\"39wjp7\" data-start=\"1157\" data-end=\"1184\">\ud83e\udeb5 Materi\u00e1l a proveden\u00ed<\/h3>\n<ul data-start=\"1186\" data-end=\"1315\">\n<li data-section-id=\"1ij0v1z\" data-start=\"1186\" data-end=\"1213\">D\u0159evo: <strong data-start=\"1195\" data-end=\"1211\">masivn\u00ed smrk<\/strong><\/li>\n<li data-section-id=\"19qijgr\" data-start=\"1214\" data-end=\"1253\">Surface treatment: <strong data-start=\"1234\" data-end=\"1251\">p\u0159\u00edrodn\u00ed vosk<\/strong><\/li>\n<li data-section-id=\"117dt6g\" data-start=\"1254\" data-end=\"1315\">Production: <strong data-start=\"1264\" data-end=\"1313\">tradi\u010dn\u00ed truhl\u00e1\u0159sk\u00e1 pr\u00e1ce \u2013 replika<\/strong><\/li>\n<\/ul>\n<hr data-start=\"1317\" data-end=\"1320\" \/>\n<h3 data-section-id=\"q41m5v\" data-start=\"1322\" data-end=\"1334\"><\/h3>\n<p data-start=\"1554\" data-end=\"1699\">","protected":false},"excerpt":{"rendered":"<h4 data-section-id=\"19pulk9\" data-start=\"94\" data-end=\"171\">Kuchy\u0148sk\u00e1 kredenc ve stylu secese \u2013 masiv smrk, p\u0159\u00edrodn\u00ed vosk (replika)<\/h4>\n<p data-start=\"173\" data-end=\"459\">Tato kr\u00e1sn\u00e1 <strong data-start=\"185\" data-end=\"235\">kuchy\u0148sk\u00e1 kredenc ve stylu secese (Jugendstil)<\/strong> je nov\u011b vyrobena z <strong data-start=\"255\" data-end=\"284\">solid spruce wood<\/strong> a navazuje na tradi\u010dn\u00ed truhl\u00e1\u0159sk\u00e9 postupy. D\u00edky \u010dist\u00fdm lini\u00edm a jemn\u00fdm dekorativn\u00edm prvk\u016fm p\u016fsob\u00ed nad\u010dasov\u011b a hod\u00ed se jak do klasick\u00fdch interi\u00e9r\u016f, tak i do venkovsk\u00e9ho stylu.<\/p>\n<p data-start=\"461\" data-end=\"552\">Povrch je o\u0161et\u0159en <strong data-start=\"479\" data-end=\"499\">p\u0159\u00edrodn\u00edm voskem<\/strong>, kter\u00fd zv\u00fdraz\u0148uje kresbu d\u0159eva a z\u00e1rove\u0148 jej chr\u00e1n\u00ed.<\/p>","protected":false},"featured_media":17112,"template":"","meta":{"site-sidebar-layout":"default","site-content-layout":"","ast-site-content-layout":"default","site-content-style":"default","site-sidebar-style":"default","ast-global-header-display":"","ast-banner-title-visibility":"","ast-main-header-display":"","ast-hfb-above-header-display":"","ast-hfb-below-header-display":"","ast-hfb-mobile-header-display":"","site-post-title":"","ast-breadcrumbs-content":"","ast-featured-img":"","footer-sml-layout":"","ast-disable-related-posts":"","theme-transparent-header-meta":"default","adv-header-id-meta":"","stick-header-meta":"","header-above-stick-meta":"","header-main-stick-meta":"","header-below-stick-meta":"","astra-migrate-meta-layouts":"set","ast-page-background-enabled":"default","ast-page-background-meta":{"desktop":{"background-color":"","background-image":"","background-repeat":"repeat","background-position":"center center","background-size":"auto","background-attachment":"scroll","background-type":"","background-media":"","overlay-type":"","overlay-color":"","overlay-opacity":"","overlay-gradient":""},"tablet":{"background-color":"","background-image":"","background-repeat":"repeat","background-position":"center center","background-size":"auto","background-attachment":"scroll","background-type":"","background-media":"","overlay-type":"","overlay-color":"","overlay-opacity":"","overlay-gradient":""},"mobile":{"background-color":"","background-image":"","background-repeat":"repeat","background-position":"center center","background-size":"auto","background-attachment":"scroll","background-type":"","background-media":"","overlay-type":"","overlay-color":"","overlay-opacity":"","overlay-gradient":""}},"ast-content-background-meta":{"desktop":{"background-color":"var(--ast-global-color-5)","background-image":"","background-repeat":"repeat","background-position":"center center","background-size":"auto","background-attachment":"scroll","background-type":"","background-media":"","overlay-type":"","overlay-color":"","overlay-opacity":"","overlay-gradient":""},"tablet":{"background-color":"var(--ast-global-color-5)","background-image":"","background-repeat":"repeat","background-position":"center center","background-size":"auto","background-attachment":"scroll","background-type":"","background-media":"","overlay-type":"","overlay-color":"","overlay-opacity":"","overlay-gradient":""},"mobile":{"background-color":"var(--ast-global-color-5)","background-image":"","background-repeat":"repeat","background-position":"center center","background-size":"auto","background-attachment":"scroll","background-type":"","background-media":"","overlay-type":"","overlay-color":"","overlay-opacity":"","overlay-gradient":""}}},"product_brand":[],"product_cat":[75,131,128],"product_tag":[84,154],"class_list":{"0":"post-17102","1":"product","2":"type-product","3":"status-publish","4":"has-post-thumbnail","6":"product_cat-starozitny-nabytek","7":"product_cat-selske-kredence-a-priborniky","8":"product_cat-selsky-nabytek","9":"product_tag-kredenc","10":"product_tag-nabytek-na-chalupu","11":"desktop-align-center","12":"tablet-align-left","13":"mobile-align-left","15":"first","16":"instock","17":"taxable","18":"shipping-taxable","19":"purchasable","20":"product-type-simple"},"_links":{"self":[{"href":"https:\/\/antikdepot.cz\/en\/wp-json\/wp\/v2\/product\/17102","targetHints":{"allow":["GET"]}}],"collection":[{"href":"https:\/\/antikdepot.cz\/en\/wp-json\/wp\/v2\/product"}],"about":[{"href":"https:\/\/antikdepot.cz\/en\/wp-json\/wp\/v2\/types\/product"}],"version-history":[{"count":3,"href":"https:\/\/antikdepot.cz\/en\/wp-json\/wp\/v2\/product\/17102\/revisions"}],"predecessor-version":[{"id":17116,"href":"https:\/\/antikdepot.cz\/en\/wp-json\/wp\/v2\/product\/17102\/revisions\/17116"}],"wp:featuredmedia":[{"embeddable":true,"href":"https:\/\/antikdepot.cz\/en\/wp-json\/wp\/v2\/media\/17112"}],"wp:attachment":[{"href":"https:\/\/antikdepot.cz\/en\/wp-json\/wp\/v2\/media?parent=17102"}],"wp:term":[{"taxonomy":"product_brand","embeddable":true,"href":"https:\/\/antikdepot.cz\/en\/wp-json\/wp\/v2\/product_brand?post=17102"},{"taxonomy":"product_cat","embeddable":true,"href":"https:\/\/antikdepot.cz\/en\/wp-json\/wp\/v2\/product_cat?post=17102"},{"taxonomy":"product_tag","embeddable":true,"href":"https:\/\/antikdepot.cz\/en\/wp-json\/wp\/v2\/product_tag?post=17102"}],"curies":[{"name":"wp","href":"https:\/\/api.w.org\/{rel}","templated":true}]}}