{"id":17117,"date":"2026-04-03T18:46:38","date_gmt":"2026-04-03T16:46:38","guid":{"rendered":"https:\/\/antikdepot.cz\/?post_type=product&#038;p=17117"},"modified":"2026-04-03T18:46:38","modified_gmt":"2026-04-03T16:46:38","slug":"selska-komoda-na-chalupu-masiv-smrk-voskovana","status":"publish","type":"product","link":"https:\/\/antikdepot.cz\/en\/selska-komoda-na-chalupu-masiv-smrk-voskovana\/","title":{"rendered":"Selsk\u00e1 komoda na chalupu \u2013 masiv smrk, voskovan\u00e1"},"content":{"rendered":"","protected":false},"excerpt":{"rendered":"<h2 data-section-id=\"1hk2a25\" data-start=\"97\" data-end=\"166\">Selsk\u00e1 komoda ve stylu secese \u2013 masiv smrk, voskovan\u00e1 (replika)<\/h2>\n<p data-start=\"168\" data-end=\"349\">Tato kr\u00e1sn\u00e1 <strong data-start=\"180\" data-end=\"213\">selsk\u00e1 komoda ve stylu secese<\/strong> is made of <strong data-start=\"228\" data-end=\"257\">solid spruce wood<\/strong> a p\u0159edstavuje poctiv\u00fd n\u00e1bytek ide\u00e1ln\u00ed <strong data-start=\"296\" data-end=\"348\">na chalupu, statek nebo do venkovsk\u00e9ho interi\u00e9ru<\/strong>.<\/p>\n<p data-start=\"351\" data-end=\"551\">Jedn\u00e1 se o kvalitn\u00ed <strong data-start=\"371\" data-end=\"392\">repliku (nachbau)<\/strong> vyrobenou tradi\u010dn\u00edmi truhl\u00e1\u0159sk\u00fdmi postupy. Povrch je o\u0161et\u0159en <strong data-start=\"454\" data-end=\"474\">p\u0159\u00edrodn\u00edm voskem<\/strong>, kter\u00fd zv\u00fdraz\u0148uje kresbu d\u0159eva a dod\u00e1v\u00e1 n\u00e1bytku autentick\u00fd, p\u0159\u00edrodn\u00ed vzhled.<\/p>\n<hr data-start=\"553\" data-end=\"556\" \/>\n<h3 data-section-id=\"1560jfh\" data-start=\"558\" data-end=\"596\">\u2728 Pro\u010d si vybrat pr\u00e1v\u011b tuto komodu<\/h3>\n<p data-start=\"598\" data-end=\"1009\">\u2714\ufe0f <strong data-start=\"601\" data-end=\"630\">100% masivn\u00ed d\u0159evo (smrk)<\/strong> \u2013 \u017e\u00e1dn\u00e1 d\u00fdha ani n\u00e1hra\u017eky<br data-start=\"656\" data-end=\"659\" \/>\u2714\ufe0f <strong data-start=\"662\" data-end=\"691\">Poctiv\u00e1 truhl\u00e1\u0159sk\u00e1 v\u00fdroba<\/strong><br data-start=\"691\" data-end=\"694\" \/>\u2714\ufe0f <strong data-start=\"697\" data-end=\"718\">Cinkovan\u00e9 z\u00e1suvky<\/strong> \u2013 pevn\u00e9 a kvalitn\u00ed spoje<br data-start=\"743\" data-end=\"746\" \/>\u2714\ufe0f <strong data-start=\"749\" data-end=\"774\">Stylov\u00e9 kovov\u00e9 kov\u00e1n\u00ed<\/strong><br data-start=\"774\" data-end=\"777\" \/>\u2714\ufe0f <strong data-start=\"780\" data-end=\"809\">P\u0159\u00edrodn\u00ed voskovan\u00fd povrch<\/strong> \u2013 kr\u00e1sn\u00fd a praktick\u00fd<br data-start=\"830\" data-end=\"833\" \/>\u2714\ufe0f <strong data-start=\"836\" data-end=\"863\">Siln\u00e9 masivn\u00ed proveden\u00ed<\/strong> \u2013 stabiln\u00ed a odoln\u00e9<br data-start=\"883\" data-end=\"886\" \/>\u2714\ufe0f <strong data-start=\"889\" data-end=\"913\">Dod\u00e1n\u00ed v jednom kuse<\/strong> \u2013 \u017e\u00e1dn\u00e1 mont\u00e1\u017e<br data-start=\"928\" data-end=\"931\" \/>\u2714\ufe0f Ide\u00e1ln\u00ed jako <strong data-start=\"947\" data-end=\"1009\">n\u00e1bytek na chalupu, venkovsk\u00fd d\u016fm nebo rustik\u00e1ln\u00ed interi\u00e9r<\/strong><\/p>\n<hr data-start=\"1011\" data-end=\"1014\" \/>\n<h3 data-section-id=\"1qjjbgx\" data-start=\"1016\" data-end=\"1030\">\ud83d\udcd0 Rozm\u011bry<\/h3>\n<ul data-start=\"1032\" data-end=\"1095\">\n<li data-section-id=\"b975x1\" data-start=\"1032\" data-end=\"1052\">Height: <strong data-start=\"1041\" data-end=\"1050\">90 cm<\/strong><\/li>\n<li data-section-id=\"gsufp2\" data-start=\"1053\" data-end=\"1074\">Width: <strong data-start=\"1062\" data-end=\"1072\">150 cm<\/strong><\/li>\n<li data-section-id=\"1y4u7u7\" data-start=\"1075\" data-end=\"1095\">Depth: <strong data-start=\"1086\" data-end=\"1095\">50 cm<\/strong><\/li>\n<\/ul>\n<hr data-start=\"1097\" data-end=\"1100\" \/>\n<h3 data-section-id=\"39wjp7\" data-start=\"1102\" data-end=\"1129\">\ud83e\udeb5 Materi\u00e1l a proveden\u00ed<\/h3>\n<ul data-start=\"1131\" data-end=\"1254\">\n<li data-section-id=\"1ij0v1z\" data-start=\"1131\" data-end=\"1158\">D\u0159evo: <strong data-start=\"1140\" data-end=\"1156\">masivn\u00ed smrk<\/strong><\/li>\n<li data-section-id=\"1jijfb4\" data-start=\"1159\" data-end=\"1196\">Povrch: <strong data-start=\"1169\" data-end=\"1194\">p\u0159\u00edrodn\u00ed vosk (natur)<\/strong><\/li>\n<li data-section-id=\"p4a5sq\" data-start=\"1197\" data-end=\"1254\">Production: <strong data-start=\"1207\" data-end=\"1254\">replika dle tradi\u010dn\u00edch truhl\u00e1\u0159sk\u00fdch technik<\/strong><\/li>\n<\/ul>\n<h3 data-section-id=\"q41m5v\" data-start=\"1261\" data-end=\"1273\"><\/h3>\n<p data-start=\"1275\" data-end=\"1409\">Komoda nab\u00edz\u00ed praktick\u00e9 \u010dlen\u011bn\u00ed \u2013 <strong data-start=\"1309\" data-end=\"1337\">t\u0159i z\u00e1suvky a t\u0159i dv\u00ed\u0159ka<\/strong>, d\u00edky kter\u00fdm z\u00edsk\u00e1te dostatek \u00falo\u017en\u00e9ho prostoru pro ka\u017edodenn\u00ed vyu\u017eit\u00ed.<\/p>\n<p data-start=\"1411\" data-end=\"1568\">D\u00edky sv\u00e9mu vzhledu se skv\u011ble hod\u00ed do prost\u0159ed\u00ed <strong data-start=\"1458\" data-end=\"1505\">chalupy, horsk\u00e9 chaty nebo venkovsk\u00e9ho domu<\/strong>, kde podtrhne p\u0159irozenou atmosf\u00e9ru d\u0159eva a tradi\u010dn\u00edho bydlen\u00ed.<\/p>","protected":false},"featured_media":17118,"template":"","meta":{"site-sidebar-layout":"default","site-content-layout":"","ast-site-content-layout":"default","site-content-style":"default","site-sidebar-style":"default","ast-global-header-display":"","ast-banner-title-visibility":"","ast-main-header-display":"","ast-hfb-above-header-display":"","ast-hfb-below-header-display":"","ast-hfb-mobile-header-display":"","site-post-title":"","ast-breadcrumbs-content":"","ast-featured-img":"","footer-sml-layout":"","ast-disable-related-posts":"","theme-transparent-header-meta":"default","adv-header-id-meta":"","stick-header-meta":"","header-above-stick-meta":"","header-main-stick-meta":"","header-below-stick-meta":"","astra-migrate-meta-layouts":"set","ast-page-background-enabled":"default","ast-page-background-meta":{"desktop":{"background-color":"","background-image":"","background-repeat":"repeat","background-position":"center center","background-size":"auto","background-attachment":"scroll","background-type":"","background-media":"","overlay-type":"","overlay-color":"","overlay-opacity":"","overlay-gradient":""},"tablet":{"background-color":"","background-image":"","background-repeat":"repeat","background-position":"center center","background-size":"auto","background-attachment":"scroll","background-type":"","background-media":"","overlay-type":"","overlay-color":"","overlay-opacity":"","overlay-gradient":""},"mobile":{"background-color":"","background-image":"","background-repeat":"repeat","background-position":"center center","background-size":"auto","background-attachment":"scroll","background-type":"","background-media":"","overlay-type":"","overlay-color":"","overlay-opacity":"","overlay-gradient":""}},"ast-content-background-meta":{"desktop":{"background-color":"var(--ast-global-color-5)","background-image":"","background-repeat":"repeat","background-position":"center center","background-size":"auto","background-attachment":"scroll","background-type":"","background-media":"","overlay-type":"","overlay-color":"","overlay-opacity":"","overlay-gradient":""},"tablet":{"background-color":"var(--ast-global-color-5)","background-image":"","background-repeat":"repeat","background-position":"center center","background-size":"auto","background-attachment":"scroll","background-type":"","background-media":"","overlay-type":"","overlay-color":"","overlay-opacity":"","overlay-gradient":""},"mobile":{"background-color":"var(--ast-global-color-5)","background-image":"","background-repeat":"repeat","background-position":"center center","background-size":"auto","background-attachment":"scroll","background-type":"","background-media":"","overlay-type":"","overlay-color":"","overlay-opacity":"","overlay-gradient":""}}},"product_brand":[],"product_cat":[75,130,128],"product_tag":[83,154],"class_list":{"0":"post-17117","1":"product","2":"type-product","3":"status-publish","4":"has-post-thumbnail","6":"product_cat-starozitny-nabytek","7":"product_cat-selske-komody-a-vitryny","8":"product_cat-selsky-nabytek","9":"product_tag-komoda","10":"product_tag-nabytek-na-chalupu","11":"desktop-align-center","12":"tablet-align-left","13":"mobile-align-left","15":"first","16":"instock","17":"sold-individually","18":"taxable","19":"shipping-taxable","20":"purchasable","21":"product-type-simple"},"_links":{"self":[{"href":"https:\/\/antikdepot.cz\/en\/wp-json\/wp\/v2\/product\/17117","targetHints":{"allow":["GET"]}}],"collection":[{"href":"https:\/\/antikdepot.cz\/en\/wp-json\/wp\/v2\/product"}],"about":[{"href":"https:\/\/antikdepot.cz\/en\/wp-json\/wp\/v2\/types\/product"}],"version-history":[{"count":1,"href":"https:\/\/antikdepot.cz\/en\/wp-json\/wp\/v2\/product\/17117\/revisions"}],"predecessor-version":[{"id":17127,"href":"https:\/\/antikdepot.cz\/en\/wp-json\/wp\/v2\/product\/17117\/revisions\/17127"}],"wp:featuredmedia":[{"embeddable":true,"href":"https:\/\/antikdepot.cz\/en\/wp-json\/wp\/v2\/media\/17118"}],"wp:attachment":[{"href":"https:\/\/antikdepot.cz\/en\/wp-json\/wp\/v2\/media?parent=17117"}],"wp:term":[{"taxonomy":"product_brand","embeddable":true,"href":"https:\/\/antikdepot.cz\/en\/wp-json\/wp\/v2\/product_brand?post=17117"},{"taxonomy":"product_cat","embeddable":true,"href":"https:\/\/antikdepot.cz\/en\/wp-json\/wp\/v2\/product_cat?post=17117"},{"taxonomy":"product_tag","embeddable":true,"href":"https:\/\/antikdepot.cz\/en\/wp-json\/wp\/v2\/product_tag?post=17117"}],"curies":[{"name":"wp","href":"https:\/\/api.w.org\/{rel}","templated":true}]}}