{"id":4498,"date":"2026-02-01T09:24:36","date_gmt":"2026-02-01T08:24:36","guid":{"rendered":"https:\/\/antikdepot.cz\/?post_type=product&#038;p=4498"},"modified":"2026-02-04T11:05:15","modified_gmt":"2026-02-04T10:05:15","slug":"art-deco-jidelni-rozkladaci-stul","status":"publish","type":"product","link":"https:\/\/antikdepot.cz\/en\/art-deco-jidelni-rozkladaci-stul\/","title":{"rendered":"Art Deco j\u00eddeln\u00ed set \u2013  J.Halabala | \u010ceskoslovensko"},"content":{"rendered":"<p>Beautiful extendable dining table with chairs in Art Deco style.<\/p>","protected":false},"excerpt":{"rendered":"<h3 data-start=\"136\" data-end=\"223\"><strong data-start=\"140\" data-end=\"223\">Art Deco j\u00eddeln\u00ed set \u2013 dle n\u00e1vrhu Jind\u0159icha Halabaly | \u010ceskoslovensko, cca 1935<\/strong><\/h3>\n<p data-start=\"225\" data-end=\"567\">Tento v\u00fdjime\u010dn\u00fd j\u00eddeln\u00ed set p\u0159edstavuje vrchol <strong data-start=\"272\" data-end=\"313\">\u010desk\u00e9ho Art Deca meziv\u00e1le\u010dn\u00e9ho obdob\u00ed<\/strong> a je realizov\u00e1n <strong data-start=\"330\" data-end=\"363\">dle n\u00e1vrhu Jind\u0159icha Halabaly<\/strong>, ikonick\u00e9ho design\u00e9ra spojen\u00e9ho s v\u00fdrobou <strong data-start=\"406\" data-end=\"419\">UP z\u00e1vod\u016f<\/strong>. Jeho pr\u00e1ce se vyzna\u010duje \u010dist\u00fdmi liniemi, elegantn\u00ed proporc\u00ed a dokonalou rovnov\u00e1hou mezi estetikou a funk\u010dnost\u00ed \u2013 co\u017e tento set dokonale potvrzuje.<\/p>\n<p data-start=\"569\" data-end=\"832\">Dominantou je <strong data-start=\"583\" data-end=\"610\">rozkl\u00e1dac\u00ed j\u00eddeln\u00ed st\u016fl<\/strong> s kruhovou deskou, kter\u00e1 se v rozlo\u017een\u00e9m stavu prom\u011bn\u00ed v reprezentativn\u00ed centr\u00e1ln\u00ed prvek interi\u00e9ru. Celek dopl\u0148uj\u00ed <strong data-start=\"726\" data-end=\"749\">\u010dty\u0159i p\u016fvodn\u00ed \u017eidle<\/strong>, jejich\u017e charakteristick\u00e9 k\u0159ivky a ergonomie odr\u00e1\u017eej\u00ed Halabal\u016fv nad\u010dasov\u00fd rukopis.<\/p>\n<p data-start=\"834\" data-end=\"1102\">Set byl <strong data-start=\"842\" data-end=\"875\">citliv\u011b a odborn\u011b restaurov\u00e1n<\/strong> s maxim\u00e1ln\u00edm respektem k p\u016fvodn\u00edmu proveden\u00ed. \u017didle byly <strong data-start=\"933\" data-end=\"1014\">nov\u011b \u010daloun\u011bny exkluzivn\u00ed l\u00e1tkou od renomovan\u00e9 \u010desk\u00e9 textiln\u00ed zna\u010dky KOLOVRAT<\/strong>, kter\u00e1 podtrhuje noblesu materi\u00e1lu a zvy\u0161uje komfort p\u0159i zachov\u00e1n\u00ed autentick\u00e9ho v\u00fdrazu.<\/p>\n<p data-start=\"1104\" data-end=\"1242\">Pou\u017eit\u00e9 <strong data-start=\"1112\" data-end=\"1157\">o\u0159echov\u00e9 d\u0159evo s kvalitn\u00ed o\u0159echovou d\u00fdhou<\/strong> dod\u00e1v\u00e1 n\u00e1bytku hloubku, tepl\u00fd t\u00f3n a luxusn\u00ed charakter typick\u00fd pro vrcholn\u00e9 Art Deco.<\/p>\n<hr data-start=\"1244\" data-end=\"1247\" \/>\n<p data-start=\"1249\" data-end=\"1261\"><strong data-start=\"1249\" data-end=\"1261\">Details:<\/strong><\/p>\n<ul data-start=\"1262\" data-end=\"1624\">\n<li data-start=\"1262\" data-end=\"1282\">\n<p data-start=\"1264\" data-end=\"1282\">Style: <strong data-start=\"1270\" data-end=\"1282\">Art Deco<\/strong><\/p>\n<\/li>\n<li data-start=\"1283\" data-end=\"1332\">\n<p data-start=\"1285\" data-end=\"1332\">Obdob\u00ed: <strong data-start=\"1293\" data-end=\"1332\">20.\u201330. l\u00e9ta 20. stolet\u00ed (cca 1935)<\/strong><\/p>\n<\/li>\n<li data-start=\"1333\" data-end=\"1370\">\n<p data-start=\"1335\" data-end=\"1370\">Autor n\u00e1vrhu: <strong data-start=\"1349\" data-end=\"1370\">Jind\u0159ich Halabala<\/strong><\/p>\n<\/li>\n<li data-start=\"1371\" data-end=\"1395\">\n<p data-start=\"1373\" data-end=\"1395\">V\u00fdrobce: <strong data-start=\"1382\" data-end=\"1395\">UP z\u00e1vody<\/strong><\/p>\n<\/li>\n<li data-start=\"1396\" data-end=\"1448\">\n<p data-start=\"1398\" data-end=\"1448\">Origin: <strong data-start=\"1405\" data-end=\"1448\">\u010ceskoslovensko (dne\u0161n\u00ed \u010cesk\u00e1 republika)<\/strong><\/p>\n<\/li>\n<li data-start=\"1449\" data-end=\"1486\">\n<p data-start=\"1451\" data-end=\"1486\">Material: <strong data-start=\"1461\" data-end=\"1486\">o\u0159ech \/ o\u0159echov\u00e1 d\u00fdha<\/strong><\/p>\n<\/li>\n<li data-start=\"1487\" data-end=\"1520\">\n<p data-start=\"1489\" data-end=\"1520\">Condition: <strong data-start=\"1495\" data-end=\"1520\">\u0161pi\u010dkov\u011b restaurov\u00e1no<\/strong><\/p>\n<\/li>\n<li data-start=\"1521\" data-end=\"1624\">\n<p data-start=\"1523\" data-end=\"1539\">Rozm\u011bry stolu:<\/p>\n<ul data-start=\"1542\" data-end=\"1624\">\n<li data-start=\"1542\" data-end=\"1570\">\n<p data-start=\"1544\" data-end=\"1570\">pr\u016fm\u011br desky: <strong data-start=\"1558\" data-end=\"1568\">130 cm<\/strong><\/p>\n<\/li>\n<li data-start=\"1573\" data-end=\"1593\">\n<p data-start=\"1575\" data-end=\"1593\">v\u00fd\u0161ka: <strong data-start=\"1582\" data-end=\"1591\">80 cm<\/strong><\/p>\n<\/li>\n<li data-start=\"1596\" data-end=\"1624\">\n<p data-start=\"1598\" data-end=\"1624\">rozlo\u017een\u00fd stav: <strong data-start=\"1614\" data-end=\"1624\">192 cm<\/strong><\/p>\n<\/li>\n<\/ul>\n<\/li>\n<\/ul>\n<hr data-start=\"1626\" data-end=\"1629\" \/>\n<p data-start=\"1631\" data-end=\"1898\">Tento j\u00eddeln\u00ed set nen\u00ed pouze funk\u010dn\u00edm kusem n\u00e1bytku, ale <strong data-start=\"1688\" data-end=\"1729\">sb\u011bratelskou a investi\u010dn\u00ed z\u00e1le\u017eitost\u00ed<\/strong>, kter\u00e1 d\u016fstojn\u011b reprezentuje zlatou \u00e9ru \u010desk\u00e9ho designu. Je ide\u00e1ln\u00ed volbou pro <strong data-start=\"1809\" data-end=\"1897\">luxusn\u00ed interi\u00e9ry, galerijn\u00ed prostory, designov\u00e9 hotely \u010di presti\u017en\u00ed soukrom\u00e9 sb\u00edrky<\/strong>.<\/p>","protected":false},"featured_media":16564,"template":"","meta":{"site-sidebar-layout":"default","site-content-layout":"default","ast-site-content-layout":"default","site-content-style":"default","site-sidebar-style":"default","ast-global-header-display":"","ast-banner-title-visibility":"","ast-main-header-display":"","ast-hfb-above-header-display":"","ast-hfb-below-header-display":"","ast-hfb-mobile-header-display":"","site-post-title":"","ast-breadcrumbs-content":"","ast-featured-img":"","footer-sml-layout":"","ast-disable-related-posts":"","theme-transparent-header-meta":"default","adv-header-id-meta":"","stick-header-meta":"","header-above-stick-meta":"","header-main-stick-meta":"","header-below-stick-meta":"","astra-migrate-meta-layouts":"set","ast-page-background-enabled":"default","ast-page-background-meta":{"desktop":{"background-color":"","background-image":"","background-repeat":"repeat","background-position":"center center","background-size":"auto","background-attachment":"scroll","background-type":"","background-media":"","overlay-type":"","overlay-color":"","overlay-opacity":"","overlay-gradient":""},"tablet":{"background-color":"","background-image":"","background-repeat":"repeat","background-position":"center center","background-size":"auto","background-attachment":"scroll","background-type":"","background-media":"","overlay-type":"","overlay-color":"","overlay-opacity":"","overlay-gradient":""},"mobile":{"background-color":"","background-image":"","background-repeat":"repeat","background-position":"center center","background-size":"auto","background-attachment":"scroll","background-type":"","background-media":"","overlay-type":"","overlay-color":"","overlay-opacity":"","overlay-gradient":""}},"ast-content-background-meta":{"desktop":{"background-color":"var(--ast-global-color-5)","background-image":"","background-repeat":"repeat","background-position":"center center","background-size":"auto","background-attachment":"scroll","background-type":"","background-media":"","overlay-type":"","overlay-color":"","overlay-opacity":"","overlay-gradient":""},"tablet":{"background-color":"var(--ast-global-color-5)","background-image":"","background-repeat":"repeat","background-position":"center center","background-size":"auto","background-attachment":"scroll","background-type":"","background-media":"","overlay-type":"","overlay-color":"","overlay-opacity":"","overlay-gradient":""},"mobile":{"background-color":"var(--ast-global-color-5)","background-image":"","background-repeat":"repeat","background-position":"center center","background-size":"auto","background-attachment":"scroll","background-type":"","background-media":"","overlay-type":"","overlay-color":"","overlay-opacity":"","overlay-gradient":""}}},"product_brand":[],"product_cat":[58,57],"product_tag":[106,85],"class_list":{"0":"post-4498","1":"product","2":"type-product","3":"status-publish","4":"has-post-thumbnail","6":"product_cat-retro-nabytek","7":"product_cat-historicky-nabytek","8":"product_tag-art-deco","9":"product_tag-stul","10":"desktop-align-center","11":"tablet-align-left","12":"mobile-align-left","14":"first","15":"instock","16":"taxable","17":"shipping-taxable","18":"purchasable","19":"product-type-simple"},"_links":{"self":[{"href":"https:\/\/antikdepot.cz\/en\/wp-json\/wp\/v2\/product\/4498","targetHints":{"allow":["GET"]}}],"collection":[{"href":"https:\/\/antikdepot.cz\/en\/wp-json\/wp\/v2\/product"}],"about":[{"href":"https:\/\/antikdepot.cz\/en\/wp-json\/wp\/v2\/types\/product"}],"version-history":[{"count":9,"href":"https:\/\/antikdepot.cz\/en\/wp-json\/wp\/v2\/product\/4498\/revisions"}],"predecessor-version":[{"id":16568,"href":"https:\/\/antikdepot.cz\/en\/wp-json\/wp\/v2\/product\/4498\/revisions\/16568"}],"wp:featuredmedia":[{"embeddable":true,"href":"https:\/\/antikdepot.cz\/en\/wp-json\/wp\/v2\/media\/16564"}],"wp:attachment":[{"href":"https:\/\/antikdepot.cz\/en\/wp-json\/wp\/v2\/media?parent=4498"}],"wp:term":[{"taxonomy":"product_brand","embeddable":true,"href":"https:\/\/antikdepot.cz\/en\/wp-json\/wp\/v2\/product_brand?post=4498"},{"taxonomy":"product_cat","embeddable":true,"href":"https:\/\/antikdepot.cz\/en\/wp-json\/wp\/v2\/product_cat?post=4498"},{"taxonomy":"product_tag","embeddable":true,"href":"https:\/\/antikdepot.cz\/en\/wp-json\/wp\/v2\/product_tag?post=4498"}],"curies":[{"name":"wp","href":"https:\/\/api.w.org\/{rel}","templated":true}]}}