{"id":7525,"date":"2023-10-16T12:57:03","date_gmt":"2023-10-16T10:57:03","guid":{"rendered":"https:\/\/antikdepot.cz\/?post_type=product&#038;p=7525"},"modified":"2023-11-29T12:10:43","modified_gmt":"2023-11-29T11:10:43","slug":"starozitne-kreslo-kropacek-kozelka","status":"publish","type":"product","link":"https:\/\/antikdepot.cz\/en\/starozitne-kreslo-kropacek-kozelka\/","title":{"rendered":"Antique armchair Krop\u00e1\u010dek &amp; Ko\u017eelka"},"content":{"rendered":"<h4>Antique armchair Krop\u00e1\u010dek &amp; Ko\u017eelka<\/h4>\n<p>We offer for sale\u00a0 <strong>Antique armchair Krop\u00e1\u010dek &amp; Ko\u017eelka<\/strong> after professional renovation. Suitable for immediate use indoors.<\/p>\n<p>Period: circa 1960<br \/>\nCondition:  restored<\/p>\n<p>Upholstery: preserved original<br \/>\n<span class=\"HwtZe\" lang=\"cs\"><span class=\"jCAhz ChMk0b\"><span class=\"ryNqvb\">Manufacturer<\/span><\/span><\/span>: Interi\u00e9r n.p.Praha<\/p>","protected":false},"excerpt":{"rendered":"<p>The antique Krop\u00e1\u010dek &amp; Ko\u017eelka armchair from the post-war period around 1960 is an impressive piece of furniture design. After a thorough restoration, it shines in its original upholstery and retains its authenticity. It is produced under the brand name Interi\u00e9r n.p. Praha, offers a unique combination of quality and stylish design.<\/p>","protected":false},"featured_media":7526,"template":"","meta":{"site-sidebar-layout":"default","site-content-layout":"","ast-site-content-layout":"default","site-content-style":"default","site-sidebar-style":"default","ast-global-header-display":"","ast-banner-title-visibility":"","ast-main-header-display":"","ast-hfb-above-header-display":"","ast-hfb-below-header-display":"","ast-hfb-mobile-header-display":"","site-post-title":"","ast-breadcrumbs-content":"","ast-featured-img":"","footer-sml-layout":"","ast-disable-related-posts":"","theme-transparent-header-meta":"default","adv-header-id-meta":"","stick-header-meta":"","header-above-stick-meta":"","header-main-stick-meta":"","header-below-stick-meta":"","astra-migrate-meta-layouts":"set","ast-page-background-enabled":"default","ast-page-background-meta":{"desktop":{"background-color":"","background-image":"","background-repeat":"repeat","background-position":"center center","background-size":"auto","background-attachment":"scroll","background-type":"","background-media":"","overlay-type":"","overlay-color":"","overlay-opacity":"","overlay-gradient":""},"tablet":{"background-color":"","background-image":"","background-repeat":"repeat","background-position":"center center","background-size":"auto","background-attachment":"scroll","background-type":"","background-media":"","overlay-type":"","overlay-color":"","overlay-opacity":"","overlay-gradient":""},"mobile":{"background-color":"","background-image":"","background-repeat":"repeat","background-position":"center center","background-size":"auto","background-attachment":"scroll","background-type":"","background-media":"","overlay-type":"","overlay-color":"","overlay-opacity":"","overlay-gradient":""}},"ast-content-background-meta":{"desktop":{"background-color":"var(--ast-global-color-5)","background-image":"","background-repeat":"repeat","background-position":"center center","background-size":"auto","background-attachment":"scroll","background-type":"","background-media":"","overlay-type":"","overlay-color":"","overlay-opacity":"","overlay-gradient":""},"tablet":{"background-color":"var(--ast-global-color-5)","background-image":"","background-repeat":"repeat","background-position":"center center","background-size":"auto","background-attachment":"scroll","background-type":"","background-media":"","overlay-type":"","overlay-color":"","overlay-opacity":"","overlay-gradient":""},"mobile":{"background-color":"var(--ast-global-color-5)","background-image":"","background-repeat":"repeat","background-position":"center center","background-size":"auto","background-attachment":"scroll","background-type":"","background-media":"","overlay-type":"","overlay-color":"","overlay-opacity":"","overlay-gradient":""}}},"product_brand":[],"product_cat":[61,58,75],"product_tag":[97,82,108],"class_list":{"0":"post-7525","1":"product","2":"type-product","3":"status-publish","4":"has-post-thumbnail","6":"product_cat-starozitna-kresla","7":"product_cat-retro-nabytek","8":"product_cat-starozitny-nabytek","9":"product_tag-interier-n-p-praha","10":"product_tag-kreslo","11":"product_tag-kropacek-kozelka","12":"desktop-align-center","13":"tablet-align-left","14":"mobile-align-left","16":"first","17":"instock","18":"taxable","19":"shipping-taxable","20":"purchasable","21":"product-type-simple"},"_links":{"self":[{"href":"https:\/\/antikdepot.cz\/en\/wp-json\/wp\/v2\/product\/7525","targetHints":{"allow":["GET"]}}],"collection":[{"href":"https:\/\/antikdepot.cz\/en\/wp-json\/wp\/v2\/product"}],"about":[{"href":"https:\/\/antikdepot.cz\/en\/wp-json\/wp\/v2\/types\/product"}],"version-history":[{"count":1,"href":"https:\/\/antikdepot.cz\/en\/wp-json\/wp\/v2\/product\/7525\/revisions"}],"predecessor-version":[{"id":7532,"href":"https:\/\/antikdepot.cz\/en\/wp-json\/wp\/v2\/product\/7525\/revisions\/7532"}],"wp:featuredmedia":[{"embeddable":true,"href":"https:\/\/antikdepot.cz\/en\/wp-json\/wp\/v2\/media\/7526"}],"wp:attachment":[{"href":"https:\/\/antikdepot.cz\/en\/wp-json\/wp\/v2\/media?parent=7525"}],"wp:term":[{"taxonomy":"product_brand","embeddable":true,"href":"https:\/\/antikdepot.cz\/en\/wp-json\/wp\/v2\/product_brand?post=7525"},{"taxonomy":"product_cat","embeddable":true,"href":"https:\/\/antikdepot.cz\/en\/wp-json\/wp\/v2\/product_cat?post=7525"},{"taxonomy":"product_tag","embeddable":true,"href":"https:\/\/antikdepot.cz\/en\/wp-json\/wp\/v2\/product_tag?post=7525"}],"curies":[{"name":"wp","href":"https:\/\/api.w.org\/{rel}","templated":true}]}}