{"id":7535,"date":"2023-10-16T16:15:06","date_gmt":"2023-10-16T14:15:06","guid":{"rendered":"https:\/\/antikdepot.cz\/?post_type=product&#038;p=7535"},"modified":"2023-11-29T16:21:13","modified_gmt":"2023-11-29T15:21:13","slug":"komoda-u-460-jiri-jiroutek","status":"publish","type":"product","link":"https:\/\/antikdepot.cz\/en\/komoda-u-460-jiri-jiroutek\/","title":{"rendered":"Chest of drawers U-460 | Ji\u0159\u00ed Jiroutek"},"content":{"rendered":"<h4>Unique chest of drawers U-460 by Ji\u0159\u00ed Jiroutek<\/h4>\n<p>We offer for sale\u00a0 <strong>Chest of drawers U-460 | Ji\u0159\u00ed Jiroutek<\/strong> \u00a0after professional renovation. Suitable for immediate use indoors.<\/p>\n<p>Period: 60s-70s years of the 20th century<br \/>\nFunctional lock with key<br \/>\nStatus:\u00a0 Restored<br \/>\nMaterial: wood, plastic<br \/>\n<span class=\"HwtZe\" lang=\"cs\"><span class=\"jCAhz ChMk0b\"><span class=\"ryNqvb\">Manufacturer<\/span><\/span><\/span>: Interi\u00e9r n.p.Praha<\/p>\n<p>Dimensions:<\/p>\n<ul>\n<li>height: 76 cm<\/li>\n<li>width: 165 cm<\/li>\n<\/ul>\n<p>&nbsp;<\/p>\n<p>&nbsp;<\/p>","protected":false},"excerpt":{"rendered":"<p>Magnificent Design Jewel \u2013 Chest of drawers U-460, designed by Ji\u0159\u00ed Jiroutek for Interi\u00e9r Praha in 1958, represents iconic furniture from the 60s and 70s of the 20th century. The product with a width of 165 cm and a height of 76 cm combines wood with plastic, which completes its unique design aesthetics.<\/p>","protected":false},"featured_media":7539,"template":"","meta":{"site-sidebar-layout":"default","site-content-layout":"","ast-site-content-layout":"default","site-content-style":"default","site-sidebar-style":"default","ast-global-header-display":"","ast-banner-title-visibility":"","ast-main-header-display":"","ast-hfb-above-header-display":"","ast-hfb-below-header-display":"","ast-hfb-mobile-header-display":"","site-post-title":"","ast-breadcrumbs-content":"","ast-featured-img":"","footer-sml-layout":"","ast-disable-related-posts":"","theme-transparent-header-meta":"default","adv-header-id-meta":"","stick-header-meta":"","header-above-stick-meta":"","header-main-stick-meta":"","header-below-stick-meta":"","astra-migrate-meta-layouts":"set","ast-page-background-enabled":"default","ast-page-background-meta":{"desktop":{"background-color":"","background-image":"","background-repeat":"repeat","background-position":"center center","background-size":"auto","background-attachment":"scroll","background-type":"","background-media":"","overlay-type":"","overlay-color":"","overlay-opacity":"","overlay-gradient":""},"tablet":{"background-color":"","background-image":"","background-repeat":"repeat","background-position":"center center","background-size":"auto","background-attachment":"scroll","background-type":"","background-media":"","overlay-type":"","overlay-color":"","overlay-opacity":"","overlay-gradient":""},"mobile":{"background-color":"","background-image":"","background-repeat":"repeat","background-position":"center center","background-size":"auto","background-attachment":"scroll","background-type":"","background-media":"","overlay-type":"","overlay-color":"","overlay-opacity":"","overlay-gradient":""}},"ast-content-background-meta":{"desktop":{"background-color":"var(--ast-global-color-5)","background-image":"","background-repeat":"repeat","background-position":"center center","background-size":"auto","background-attachment":"scroll","background-type":"","background-media":"","overlay-type":"","overlay-color":"","overlay-opacity":"","overlay-gradient":""},"tablet":{"background-color":"var(--ast-global-color-5)","background-image":"","background-repeat":"repeat","background-position":"center center","background-size":"auto","background-attachment":"scroll","background-type":"","background-media":"","overlay-type":"","overlay-color":"","overlay-opacity":"","overlay-gradient":""},"mobile":{"background-color":"var(--ast-global-color-5)","background-image":"","background-repeat":"repeat","background-position":"center center","background-size":"auto","background-attachment":"scroll","background-type":"","background-media":"","overlay-type":"","overlay-color":"","overlay-opacity":"","overlay-gradient":""}}},"product_brand":[],"product_cat":[58,75],"product_tag":[97,104,83],"class_list":{"0":"post-7535","1":"product","2":"type-product","3":"status-publish","4":"has-post-thumbnail","6":"product_cat-retro-nabytek","7":"product_cat-starozitny-nabytek","8":"product_tag-interier-n-p-praha","9":"product_tag-jiri-jiroutek","10":"product_tag-komoda","11":"desktop-align-center","12":"tablet-align-left","13":"mobile-align-left","15":"first","16":"instock","17":"taxable","18":"shipping-taxable","19":"purchasable","20":"product-type-simple"},"_links":{"self":[{"href":"https:\/\/antikdepot.cz\/en\/wp-json\/wp\/v2\/product\/7535","targetHints":{"allow":["GET"]}}],"collection":[{"href":"https:\/\/antikdepot.cz\/en\/wp-json\/wp\/v2\/product"}],"about":[{"href":"https:\/\/antikdepot.cz\/en\/wp-json\/wp\/v2\/types\/product"}],"version-history":[{"count":3,"href":"https:\/\/antikdepot.cz\/en\/wp-json\/wp\/v2\/product\/7535\/revisions"}],"predecessor-version":[{"id":7550,"href":"https:\/\/antikdepot.cz\/en\/wp-json\/wp\/v2\/product\/7535\/revisions\/7550"}],"wp:featuredmedia":[{"embeddable":true,"href":"https:\/\/antikdepot.cz\/en\/wp-json\/wp\/v2\/media\/7539"}],"wp:attachment":[{"href":"https:\/\/antikdepot.cz\/en\/wp-json\/wp\/v2\/media?parent=7535"}],"wp:term":[{"taxonomy":"product_brand","embeddable":true,"href":"https:\/\/antikdepot.cz\/en\/wp-json\/wp\/v2\/product_brand?post=7535"},{"taxonomy":"product_cat","embeddable":true,"href":"https:\/\/antikdepot.cz\/en\/wp-json\/wp\/v2\/product_cat?post=7535"},{"taxonomy":"product_tag","embeddable":true,"href":"https:\/\/antikdepot.cz\/en\/wp-json\/wp\/v2\/product_tag?post=7535"}],"curies":[{"name":"wp","href":"https:\/\/api.w.org\/{rel}","templated":true}]}}