{"id":8391,"date":"2023-11-14T21:13:46","date_gmt":"2023-11-14T20:13:46","guid":{"rendered":"https:\/\/antikdepot.cz\/?post_type=product&#038;p=8391"},"modified":"2024-09-12T13:29:02","modified_gmt":"2024-09-12T11:29:02","slug":"baletka-porcelanova-soska-jihokera-v-bechyni","status":"publish","type":"product","link":"https:\/\/antikdepot.cz\/en\/baletka-porcelanova-soska-jihokera-v-bechyni\/","title":{"rendered":"Ballerina - porcelain figurine | Jihokera in Bechyn"},"content":{"rendered":"<p>Unik\u00e1tn\u00ed so\u0161ka baletky v odpo\u010dinku zachycuje elegantn\u00ed tane\u010dnici, kter\u00e1 si upravuje p\u00e1sek na lev\u00e9m st\u0159ev\u00edci. Kr\u00e9mov\u011b glazovan\u00fd porcel\u00e1n vytv\u00e1\u0159\u00ed vkusn\u00fd bytov\u00fd dopln\u011bk i cen\u011bn\u00fd sb\u011bratelsk\u00fd kousek. Origin\u00e1l z \u010ceskoslovenska, 60. l\u00e9ta 20. stolet\u00ed.<\/p>","protected":false},"excerpt":{"rendered":"<h3>Retro Ballerina<\/h3>\n<p>Exclusive retro ballerina made of white glazed ceramic made in 1966 in the Czechoslovak porcelain factory JIHOKERA in Bechyn.<\/p>\n<p>Czechoslovakia in the 1960s.<br \/>\nCream glazed porcelain<\/p>\n<p>Dimensions: W <span style=\"font-size: 16px; font-style: normal; font-weight: 400;\">30 cm<\/span><span style=\"font-size: 16px;\">\u00a0 \u00a0H <\/span><span style=\"font-size: 16px; font-style: normal; font-weight: 400;\">22 cm<\/span><span style=\"font-size: 16px;\">\u00a0 \u00a0D <\/span><span style=\"font-size: 16px; font-style: normal; font-weight: 400;\">20 cm<\/span><\/p>","protected":false},"featured_media":8392,"template":"","meta":{"site-sidebar-layout":"default","site-content-layout":"","ast-site-content-layout":"default","site-content-style":"default","site-sidebar-style":"default","ast-global-header-display":"","ast-banner-title-visibility":"","ast-main-header-display":"","ast-hfb-above-header-display":"","ast-hfb-below-header-display":"","ast-hfb-mobile-header-display":"","site-post-title":"","ast-breadcrumbs-content":"","ast-featured-img":"","footer-sml-layout":"","ast-disable-related-posts":"","theme-transparent-header-meta":"default","adv-header-id-meta":"","stick-header-meta":"","header-above-stick-meta":"","header-main-stick-meta":"","header-below-stick-meta":"","astra-migrate-meta-layouts":"set","ast-page-background-enabled":"default","ast-page-background-meta":{"desktop":{"background-color":"","background-image":"","background-repeat":"repeat","background-position":"center center","background-size":"auto","background-attachment":"scroll","background-type":"","background-media":"","overlay-type":"","overlay-color":"","overlay-opacity":"","overlay-gradient":""},"tablet":{"background-color":"","background-image":"","background-repeat":"repeat","background-position":"center center","background-size":"auto","background-attachment":"scroll","background-type":"","background-media":"","overlay-type":"","overlay-color":"","overlay-opacity":"","overlay-gradient":""},"mobile":{"background-color":"","background-image":"","background-repeat":"repeat","background-position":"center center","background-size":"auto","background-attachment":"scroll","background-type":"","background-media":"","overlay-type":"","overlay-color":"","overlay-opacity":"","overlay-gradient":""}},"ast-content-background-meta":{"desktop":{"background-color":"var(--ast-global-color-5)","background-image":"","background-repeat":"repeat","background-position":"center center","background-size":"auto","background-attachment":"scroll","background-type":"","background-media":"","overlay-type":"","overlay-color":"","overlay-opacity":"","overlay-gradient":""},"tablet":{"background-color":"var(--ast-global-color-5)","background-image":"","background-repeat":"repeat","background-position":"center center","background-size":"auto","background-attachment":"scroll","background-type":"","background-media":"","overlay-type":"","overlay-color":"","overlay-opacity":"","overlay-gradient":""},"mobile":{"background-color":"var(--ast-global-color-5)","background-image":"","background-repeat":"repeat","background-position":"center center","background-size":"auto","background-attachment":"scroll","background-type":"","background-media":"","overlay-type":"","overlay-color":"","overlay-opacity":"","overlay-gradient":""}}},"product_brand":[],"product_cat":[67,60],"product_tag":[],"class_list":{"0":"post-8391","1":"product","2":"type-product","3":"status-publish","4":"has-post-thumbnail","6":"product_cat-keramika-a-porcelan","7":"product_cat-starozitne-sosky","8":"desktop-align-center","9":"tablet-align-left","10":"mobile-align-left","12":"first","13":"outofstock","14":"sold-individually","15":"taxable","16":"shipping-taxable","17":"purchasable","18":"product-type-simple"},"_links":{"self":[{"href":"https:\/\/antikdepot.cz\/en\/wp-json\/wp\/v2\/product\/8391","targetHints":{"allow":["GET"]}}],"collection":[{"href":"https:\/\/antikdepot.cz\/en\/wp-json\/wp\/v2\/product"}],"about":[{"href":"https:\/\/antikdepot.cz\/en\/wp-json\/wp\/v2\/types\/product"}],"version-history":[{"count":2,"href":"https:\/\/antikdepot.cz\/en\/wp-json\/wp\/v2\/product\/8391\/revisions"}],"predecessor-version":[{"id":8402,"href":"https:\/\/antikdepot.cz\/en\/wp-json\/wp\/v2\/product\/8391\/revisions\/8402"}],"wp:featuredmedia":[{"embeddable":true,"href":"https:\/\/antikdepot.cz\/en\/wp-json\/wp\/v2\/media\/8392"}],"wp:attachment":[{"href":"https:\/\/antikdepot.cz\/en\/wp-json\/wp\/v2\/media?parent=8391"}],"wp:term":[{"taxonomy":"product_brand","embeddable":true,"href":"https:\/\/antikdepot.cz\/en\/wp-json\/wp\/v2\/product_brand?post=8391"},{"taxonomy":"product_cat","embeddable":true,"href":"https:\/\/antikdepot.cz\/en\/wp-json\/wp\/v2\/product_cat?post=8391"},{"taxonomy":"product_tag","embeddable":true,"href":"https:\/\/antikdepot.cz\/en\/wp-json\/wp\/v2\/product_tag?post=8391"}],"curies":[{"name":"wp","href":"https:\/\/api.w.org\/{rel}","templated":true}]}}