{"id":8520,"date":"2023-11-15T17:24:25","date_gmt":"2023-11-15T16:24:25","guid":{"rendered":"https:\/\/antikdepot.cz\/?post_type=product&#038;p=8520"},"modified":"2023-11-15T17:24:25","modified_gmt":"2023-11-15T16:24:25","slug":"alois-lukasek-zima-na-strani","status":"publish","type":"product","link":"https:\/\/antikdepot.cz\/en\/alois-lukasek-zima-na-strani\/","title":{"rendered":"Alois Luk\u00e1\u0161ek - Winter on the hillside"},"content":{"rendered":"<p>Autentick\u00fd obraz od \u010desk\u00e9ho akademick\u00e9ho mal\u00ed\u0159e Aloise Luk\u00e1\u0161ka zachycuje kouzlo zimn\u00ed scen\u00e9rie na str\u00e1ni. Tento origin\u00e1ln\u00ed kousek p\u0159in\u00e1\u0161\u00ed do va\u0161eho domova neopakovatelnou atmosf\u00e9ru krajin\u00e1\u0159sk\u00e9ho um\u011bn\u00ed. Za\u017eijte v\u00fdjime\u010dn\u00e9 okam\u017eiky s touto jedine\u010dnou malbou, kter\u00e1 nese podpis v\u00fdznamn\u00e9ho \u010desk\u00e9ho mal\u00ed\u0159e.<\/p>","protected":false},"excerpt":{"rendered":"<h3>Painting by the Czech academic painter Alois Luk\u00e1\u0161ek - Winter on the slope<\/h3>\n<p>Dimensions: 55 cm x 102 cm<\/p>","protected":false},"featured_media":8532,"template":"","meta":{"site-sidebar-layout":"default","site-content-layout":"","ast-site-content-layout":"default","site-content-style":"default","site-sidebar-style":"default","ast-global-header-display":"","ast-banner-title-visibility":"","ast-main-header-display":"","ast-hfb-above-header-display":"","ast-hfb-below-header-display":"","ast-hfb-mobile-header-display":"","site-post-title":"","ast-breadcrumbs-content":"","ast-featured-img":"","footer-sml-layout":"","ast-disable-related-posts":"","theme-transparent-header-meta":"default","adv-header-id-meta":"","stick-header-meta":"","header-above-stick-meta":"","header-main-stick-meta":"","header-below-stick-meta":"","astra-migrate-meta-layouts":"set","ast-page-background-enabled":"default","ast-page-background-meta":{"desktop":{"background-color":"","background-image":"","background-repeat":"repeat","background-position":"center center","background-size":"auto","background-attachment":"scroll","background-type":"","background-media":"","overlay-type":"","overlay-color":"","overlay-opacity":"","overlay-gradient":""},"tablet":{"background-color":"","background-image":"","background-repeat":"repeat","background-position":"center center","background-size":"auto","background-attachment":"scroll","background-type":"","background-media":"","overlay-type":"","overlay-color":"","overlay-opacity":"","overlay-gradient":""},"mobile":{"background-color":"","background-image":"","background-repeat":"repeat","background-position":"center center","background-size":"auto","background-attachment":"scroll","background-type":"","background-media":"","overlay-type":"","overlay-color":"","overlay-opacity":"","overlay-gradient":""}},"ast-content-background-meta":{"desktop":{"background-color":"var(--ast-global-color-5)","background-image":"","background-repeat":"repeat","background-position":"center center","background-size":"auto","background-attachment":"scroll","background-type":"","background-media":"","overlay-type":"","overlay-color":"","overlay-opacity":"","overlay-gradient":""},"tablet":{"background-color":"var(--ast-global-color-5)","background-image":"","background-repeat":"repeat","background-position":"center center","background-size":"auto","background-attachment":"scroll","background-type":"","background-media":"","overlay-type":"","overlay-color":"","overlay-opacity":"","overlay-gradient":""},"mobile":{"background-color":"var(--ast-global-color-5)","background-image":"","background-repeat":"repeat","background-position":"center center","background-size":"auto","background-attachment":"scroll","background-type":"","background-media":"","overlay-type":"","overlay-color":"","overlay-opacity":"","overlay-gradient":""}}},"product_brand":[],"product_cat":[69],"product_tag":[],"class_list":{"0":"post-8520","1":"product","2":"type-product","3":"status-publish","4":"has-post-thumbnail","6":"product_cat-starozitne-obrazy-a-grafika","7":"desktop-align-center","8":"tablet-align-left","9":"mobile-align-left","11":"first","12":"instock","13":"taxable","14":"shipping-taxable","15":"purchasable","16":"product-type-simple"},"_links":{"self":[{"href":"https:\/\/antikdepot.cz\/en\/wp-json\/wp\/v2\/product\/8520","targetHints":{"allow":["GET"]}}],"collection":[{"href":"https:\/\/antikdepot.cz\/en\/wp-json\/wp\/v2\/product"}],"about":[{"href":"https:\/\/antikdepot.cz\/en\/wp-json\/wp\/v2\/types\/product"}],"version-history":[{"count":2,"href":"https:\/\/antikdepot.cz\/en\/wp-json\/wp\/v2\/product\/8520\/revisions"}],"predecessor-version":[{"id":8534,"href":"https:\/\/antikdepot.cz\/en\/wp-json\/wp\/v2\/product\/8520\/revisions\/8534"}],"wp:featuredmedia":[{"embeddable":true,"href":"https:\/\/antikdepot.cz\/en\/wp-json\/wp\/v2\/media\/8532"}],"wp:attachment":[{"href":"https:\/\/antikdepot.cz\/en\/wp-json\/wp\/v2\/media?parent=8520"}],"wp:term":[{"taxonomy":"product_brand","embeddable":true,"href":"https:\/\/antikdepot.cz\/en\/wp-json\/wp\/v2\/product_brand?post=8520"},{"taxonomy":"product_cat","embeddable":true,"href":"https:\/\/antikdepot.cz\/en\/wp-json\/wp\/v2\/product_cat?post=8520"},{"taxonomy":"product_tag","embeddable":true,"href":"https:\/\/antikdepot.cz\/en\/wp-json\/wp\/v2\/product_tag?post=8520"}],"curies":[{"name":"wp","href":"https:\/\/api.w.org\/{rel}","templated":true}]}}