{"id":8571,"date":"2023-11-16T18:08:07","date_gmt":"2023-11-16T17:08:07","guid":{"rendered":"https:\/\/antikdepot.cz\/?post_type=product&#038;p=8571"},"modified":"2023-11-16T18:19:42","modified_gmt":"2023-11-16T17:19:42","slug":"dulni-lampa-friemann-wolf-epl","status":"publish","type":"product","link":"https:\/\/antikdepot.cz\/en\/dulni-lampa-friemann-wolf-epl\/","title":{"rendered":"D\u016fln\u00ed lampa Friemann &#038; Wolf EPL"},"content":{"rendered":"<h3>Elektrick\u00e1 d\u016fln\u00ed lampa Friemann &amp; Wolf EPL &#8211; EinheitsPanzerLampe (Unifikovan\u00e1 panc\u00e9\u0159ov\u00e1 lampa)<\/h3>\n<p>Vlastnosti:<\/p>\n<p>Baterie: &#8222;louhov\u00e1&#8220; NiCd-2,4 V<br \/>\nMateri\u00e1l: litina<br \/>\nHmotnost: 6,5 kg<br \/>\nRozm\u011bry: V\u00fd\u0161ka 33cm, S h\u00e1kem 47cm, Pr\u016fm\u011br 11cm<\/p>","protected":false},"excerpt":{"rendered":"<p>P\u0159idejte do sv\u00e9 sb\u00edrky unik\u00e1tn\u00ed historick\u00fd klenot &#8211; d\u016fln\u00ed elektrickou lampou Friemann &amp; Wolf EPL EinheitsPanzerLampe. Model EPL, zn\u00e1m\u00fd tak\u00e9 jako Unifikovan\u00e1 Panc\u00e9\u0159ov\u00e1 Lampa, p\u0159edstavuje v\u00fdjime\u010dn\u00fd exempl\u00e1\u0159 doby t\u011b\u017eby. Ka\u017ed\u00fd detail t\u00e9to lampy vypr\u00e1v\u00ed p\u0159\u00edb\u011bh pr\u016fmyslov\u00e9 \u00e9ry.<\/p>","protected":false},"featured_media":8573,"template":"","meta":{"site-sidebar-layout":"default","site-content-layout":"","ast-site-content-layout":"default","site-content-style":"default","site-sidebar-style":"default","ast-global-header-display":"","ast-banner-title-visibility":"","ast-main-header-display":"","ast-hfb-above-header-display":"","ast-hfb-below-header-display":"","ast-hfb-mobile-header-display":"","site-post-title":"","ast-breadcrumbs-content":"","ast-featured-img":"","footer-sml-layout":"","ast-disable-related-posts":"","theme-transparent-header-meta":"default","adv-header-id-meta":"","stick-header-meta":"","header-above-stick-meta":"","header-main-stick-meta":"","header-below-stick-meta":"","astra-migrate-meta-layouts":"set","ast-page-background-enabled":"default","ast-page-background-meta":{"desktop":{"background-color":"","background-image":"","background-repeat":"repeat","background-position":"center center","background-size":"auto","background-attachment":"scroll","background-type":"","background-media":"","overlay-type":"","overlay-color":"","overlay-opacity":"","overlay-gradient":""},"tablet":{"background-color":"","background-image":"","background-repeat":"repeat","background-position":"center center","background-size":"auto","background-attachment":"scroll","background-type":"","background-media":"","overlay-type":"","overlay-color":"","overlay-opacity":"","overlay-gradient":""},"mobile":{"background-color":"","background-image":"","background-repeat":"repeat","background-position":"center center","background-size":"auto","background-attachment":"scroll","background-type":"","background-media":"","overlay-type":"","overlay-color":"","overlay-opacity":"","overlay-gradient":""}},"ast-content-background-meta":{"desktop":{"background-color":"var(--ast-global-color-5)","background-image":"","background-repeat":"repeat","background-position":"center center","background-size":"auto","background-attachment":"scroll","background-type":"","background-media":"","overlay-type":"","overlay-color":"","overlay-opacity":"","overlay-gradient":""},"tablet":{"background-color":"var(--ast-global-color-5)","background-image":"","background-repeat":"repeat","background-position":"center center","background-size":"auto","background-attachment":"scroll","background-type":"","background-media":"","overlay-type":"","overlay-color":"","overlay-opacity":"","overlay-gradient":""},"mobile":{"background-color":"var(--ast-global-color-5)","background-image":"","background-repeat":"repeat","background-position":"center center","background-size":"auto","background-attachment":"scroll","background-type":"","background-media":"","overlay-type":"","overlay-color":"","overlay-opacity":"","overlay-gradient":""}}},"product_brand":[],"product_cat":[59],"product_tag":[],"class_list":{"0":"post-8571","1":"product","2":"type-product","3":"status-publish","4":"has-post-thumbnail","6":"product_cat-technicke-starozitnosti","7":"desktop-align-center","8":"tablet-align-left","9":"mobile-align-left","11":"first","12":"instock","13":"taxable","14":"shipping-taxable","15":"purchasable","16":"product-type-simple"},"_links":{"self":[{"href":"https:\/\/antikdepot.cz\/en\/wp-json\/wp\/v2\/product\/8571","targetHints":{"allow":["GET"]}}],"collection":[{"href":"https:\/\/antikdepot.cz\/en\/wp-json\/wp\/v2\/product"}],"about":[{"href":"https:\/\/antikdepot.cz\/en\/wp-json\/wp\/v2\/types\/product"}],"version-history":[{"count":4,"href":"https:\/\/antikdepot.cz\/en\/wp-json\/wp\/v2\/product\/8571\/revisions"}],"predecessor-version":[{"id":8583,"href":"https:\/\/antikdepot.cz\/en\/wp-json\/wp\/v2\/product\/8571\/revisions\/8583"}],"wp:featuredmedia":[{"embeddable":true,"href":"https:\/\/antikdepot.cz\/en\/wp-json\/wp\/v2\/media\/8573"}],"wp:attachment":[{"href":"https:\/\/antikdepot.cz\/en\/wp-json\/wp\/v2\/media?parent=8571"}],"wp:term":[{"taxonomy":"product_brand","embeddable":true,"href":"https:\/\/antikdepot.cz\/en\/wp-json\/wp\/v2\/product_brand?post=8571"},{"taxonomy":"product_cat","embeddable":true,"href":"https:\/\/antikdepot.cz\/en\/wp-json\/wp\/v2\/product_cat?post=8571"},{"taxonomy":"product_tag","embeddable":true,"href":"https:\/\/antikdepot.cz\/en\/wp-json\/wp\/v2\/product_tag?post=8571"}],"curies":[{"name":"wp","href":"https:\/\/api.w.org\/{rel}","templated":true}]}}