{"id":8604,"date":"2023-11-17T16:12:33","date_gmt":"2023-11-17T15:12:33","guid":{"rendered":"https:\/\/antikdepot.cz\/?post_type=product&#038;p=8604"},"modified":"2023-11-17T18:09:20","modified_gmt":"2023-11-17T17:09:20","slug":"vaclav-kozak-chalupy-v-krajine","status":"publish","type":"product","link":"https:\/\/antikdepot.cz\/en\/vaclav-kozak-chalupy-v-krajine\/","title":{"rendered":"V\u00e1clav Koz\u00e1k - Cottages in the countryside"},"content":{"rendered":"<h3>Unique oil painting by landscape artist V\u00e1clav Koz\u00e1k<\/h3>\n<p>Oil on cardboard<br \/>\nDimensions: 43.5 x 39 cm<br \/>\nAuthor: V\u00e1clav Koz\u00e1k 1889 \u2013 1969<\/p>","protected":false},"excerpt":{"rendered":"<p>Pono\u0159te se do malebn\u00e9ho sv\u011bta V\u00e1clava Koz\u00e1ka s touto exkluzivn\u00ed olejomalbou &#8222;Chalupy v krajin\u011b&#8220;. S rozm\u011bry 43,5 x 39 cm nab\u00edz\u00ed tento kousek nejen v\u00fdrazn\u00e9 um\u011bleck\u00e9 detaily, ale tak\u00e9 autenticitu, kterou p\u0159in\u00e1\u0161\u00ed olej na kartonu. V\u00e1clav Koz\u00e1k, zn\u00e1m\u00fd krajin\u00e1\u0159sk\u00fd mal\u00ed\u0159, vytvo\u0159il tuto malbu s l\u00e1skou k detailu a citliv\u00fdm vn\u00edm\u00e1n\u00edm krajin\u00e1\u0159sk\u00e9ho prostoru. Ka\u017ed\u00fd pohled na tuto olejomalbu v\u00e1s vt\u00e1hne do atmosf\u00e9ry malebn\u00e9 krajiny.<\/p>","protected":false},"featured_media":8605,"template":"","meta":{"site-sidebar-layout":"default","site-content-layout":"","ast-site-content-layout":"default","site-content-style":"default","site-sidebar-style":"default","ast-global-header-display":"","ast-banner-title-visibility":"","ast-main-header-display":"","ast-hfb-above-header-display":"","ast-hfb-below-header-display":"","ast-hfb-mobile-header-display":"","site-post-title":"","ast-breadcrumbs-content":"","ast-featured-img":"","footer-sml-layout":"","ast-disable-related-posts":"","theme-transparent-header-meta":"default","adv-header-id-meta":"","stick-header-meta":"","header-above-stick-meta":"","header-main-stick-meta":"","header-below-stick-meta":"","astra-migrate-meta-layouts":"set","ast-page-background-enabled":"default","ast-page-background-meta":{"desktop":{"background-color":"","background-image":"","background-repeat":"repeat","background-position":"center center","background-size":"auto","background-attachment":"scroll","background-type":"","background-media":"","overlay-type":"","overlay-color":"","overlay-opacity":"","overlay-gradient":""},"tablet":{"background-color":"","background-image":"","background-repeat":"repeat","background-position":"center center","background-size":"auto","background-attachment":"scroll","background-type":"","background-media":"","overlay-type":"","overlay-color":"","overlay-opacity":"","overlay-gradient":""},"mobile":{"background-color":"","background-image":"","background-repeat":"repeat","background-position":"center center","background-size":"auto","background-attachment":"scroll","background-type":"","background-media":"","overlay-type":"","overlay-color":"","overlay-opacity":"","overlay-gradient":""}},"ast-content-background-meta":{"desktop":{"background-color":"var(--ast-global-color-5)","background-image":"","background-repeat":"repeat","background-position":"center center","background-size":"auto","background-attachment":"scroll","background-type":"","background-media":"","overlay-type":"","overlay-color":"","overlay-opacity":"","overlay-gradient":""},"tablet":{"background-color":"var(--ast-global-color-5)","background-image":"","background-repeat":"repeat","background-position":"center center","background-size":"auto","background-attachment":"scroll","background-type":"","background-media":"","overlay-type":"","overlay-color":"","overlay-opacity":"","overlay-gradient":""},"mobile":{"background-color":"var(--ast-global-color-5)","background-image":"","background-repeat":"repeat","background-position":"center center","background-size":"auto","background-attachment":"scroll","background-type":"","background-media":"","overlay-type":"","overlay-color":"","overlay-opacity":"","overlay-gradient":""}}},"product_brand":[],"product_cat":[69],"product_tag":[],"class_list":{"0":"post-8604","1":"product","2":"type-product","3":"status-publish","4":"has-post-thumbnail","6":"product_cat-starozitne-obrazy-a-grafika","7":"desktop-align-center","8":"tablet-align-left","9":"mobile-align-left","11":"first","12":"instock","13":"taxable","14":"shipping-taxable","15":"purchasable","16":"product-type-simple"},"_links":{"self":[{"href":"https:\/\/antikdepot.cz\/en\/wp-json\/wp\/v2\/product\/8604","targetHints":{"allow":["GET"]}}],"collection":[{"href":"https:\/\/antikdepot.cz\/en\/wp-json\/wp\/v2\/product"}],"about":[{"href":"https:\/\/antikdepot.cz\/en\/wp-json\/wp\/v2\/types\/product"}],"version-history":[{"count":3,"href":"https:\/\/antikdepot.cz\/en\/wp-json\/wp\/v2\/product\/8604\/revisions"}],"predecessor-version":[{"id":8616,"href":"https:\/\/antikdepot.cz\/en\/wp-json\/wp\/v2\/product\/8604\/revisions\/8616"}],"wp:featuredmedia":[{"embeddable":true,"href":"https:\/\/antikdepot.cz\/en\/wp-json\/wp\/v2\/media\/8605"}],"wp:attachment":[{"href":"https:\/\/antikdepot.cz\/en\/wp-json\/wp\/v2\/media?parent=8604"}],"wp:term":[{"taxonomy":"product_brand","embeddable":true,"href":"https:\/\/antikdepot.cz\/en\/wp-json\/wp\/v2\/product_brand?post=8604"},{"taxonomy":"product_cat","embeddable":true,"href":"https:\/\/antikdepot.cz\/en\/wp-json\/wp\/v2\/product_cat?post=8604"},{"taxonomy":"product_tag","embeddable":true,"href":"https:\/\/antikdepot.cz\/en\/wp-json\/wp\/v2\/product_tag?post=8604"}],"curies":[{"name":"wp","href":"https:\/\/api.w.org\/{rel}","templated":true}]}}