{"id":8631,"date":"2023-11-18T07:08:20","date_gmt":"2023-11-18T06:08:20","guid":{"rendered":"https:\/\/antikdepot.cz\/?post_type=product&#038;p=8631"},"modified":"2023-11-30T05:01:55","modified_gmt":"2023-11-30T04:01:55","slug":"karel-balicek-krajina-se-stromem","status":"publish","type":"product","link":"https:\/\/antikdepot.cz\/en\/karel-balicek-krajina-se-stromem\/","title":{"rendered":"Karel Bal\u00ed\u010dek - Landscape with a tree"},"content":{"rendered":"<h3>Authentic oil painting by Karel Bal\u00ed\u010dek<\/h3>\n<p>Oil on cardboard under glass<br \/>\nDimensions: 44 x 32 cm<br \/>\nAuthor: Karel Bal\u00ed\u010dek \u2013 (1904 \u2013 1985)<\/p>","protected":false},"excerpt":{"rendered":"<p>Dopl\u0148te svou sb\u00edrku t\u00edmto v\u00fdjime\u010dn\u00fdm d\u00edlem od um\u011blce Karla Bal\u00ed\u010dka &#8211; olejomalbou s n\u00e1zvem &#8222;Krajina se stromem.&#8220; Origin\u00e1ln\u00ed olej na kartonu pod sklem zachycuje nejen mistrovstv\u00ed um\u011blce, ale tak\u00e9 jeho jedine\u010dn\u00fd pohled na spojen\u00ed s p\u0159\u00edrodou. Ka\u017ed\u00fd tah \u0161t\u011btce p\u0159in\u00e1\u0161\u00ed do \u017eivota sc\u00e9nu krajiny se stromem s n\u00e1dechem autenticity a v\u00fdrazem um\u011bleck\u00e9ho g\u00e9nia. Toto um\u011bleck\u00e9 d\u00edlo, vytvo\u0159en\u00e9 olejem na kartonu, je vz\u00e1cn\u00fdm klenotem, kter\u00fd okouzl\u00ed ka\u017ed\u00e9ho milovn\u00edka um\u011bn\u00ed a sb\u011bratele staro\u017eitnost\u00ed.<\/p>","protected":false},"featured_media":8632,"template":"","meta":{"site-sidebar-layout":"default","site-content-layout":"","ast-site-content-layout":"default","site-content-style":"default","site-sidebar-style":"default","ast-global-header-display":"","ast-banner-title-visibility":"","ast-main-header-display":"","ast-hfb-above-header-display":"","ast-hfb-below-header-display":"","ast-hfb-mobile-header-display":"","site-post-title":"","ast-breadcrumbs-content":"","ast-featured-img":"","footer-sml-layout":"","ast-disable-related-posts":"","theme-transparent-header-meta":"default","adv-header-id-meta":"","stick-header-meta":"","header-above-stick-meta":"","header-main-stick-meta":"","header-below-stick-meta":"","astra-migrate-meta-layouts":"set","ast-page-background-enabled":"default","ast-page-background-meta":{"desktop":{"background-color":"","background-image":"","background-repeat":"repeat","background-position":"center center","background-size":"auto","background-attachment":"scroll","background-type":"","background-media":"","overlay-type":"","overlay-color":"","overlay-opacity":"","overlay-gradient":""},"tablet":{"background-color":"","background-image":"","background-repeat":"repeat","background-position":"center center","background-size":"auto","background-attachment":"scroll","background-type":"","background-media":"","overlay-type":"","overlay-color":"","overlay-opacity":"","overlay-gradient":""},"mobile":{"background-color":"","background-image":"","background-repeat":"repeat","background-position":"center center","background-size":"auto","background-attachment":"scroll","background-type":"","background-media":"","overlay-type":"","overlay-color":"","overlay-opacity":"","overlay-gradient":""}},"ast-content-background-meta":{"desktop":{"background-color":"var(--ast-global-color-5)","background-image":"","background-repeat":"repeat","background-position":"center center","background-size":"auto","background-attachment":"scroll","background-type":"","background-media":"","overlay-type":"","overlay-color":"","overlay-opacity":"","overlay-gradient":""},"tablet":{"background-color":"var(--ast-global-color-5)","background-image":"","background-repeat":"repeat","background-position":"center center","background-size":"auto","background-attachment":"scroll","background-type":"","background-media":"","overlay-type":"","overlay-color":"","overlay-opacity":"","overlay-gradient":""},"mobile":{"background-color":"var(--ast-global-color-5)","background-image":"","background-repeat":"repeat","background-position":"center center","background-size":"auto","background-attachment":"scroll","background-type":"","background-media":"","overlay-type":"","overlay-color":"","overlay-opacity":"","overlay-gradient":""}}},"product_brand":[],"product_cat":[69],"product_tag":[115],"class_list":{"0":"post-8631","1":"product","2":"type-product","3":"status-publish","4":"has-post-thumbnail","6":"product_cat-starozitne-obrazy-a-grafika","7":"product_tag-karel-balicek","8":"desktop-align-center","9":"tablet-align-left","10":"mobile-align-left","12":"first","13":"instock","14":"taxable","15":"shipping-taxable","16":"purchasable","17":"product-type-simple"},"_links":{"self":[{"href":"https:\/\/antikdepot.cz\/en\/wp-json\/wp\/v2\/product\/8631","targetHints":{"allow":["GET"]}}],"collection":[{"href":"https:\/\/antikdepot.cz\/en\/wp-json\/wp\/v2\/product"}],"about":[{"href":"https:\/\/antikdepot.cz\/en\/wp-json\/wp\/v2\/types\/product"}],"version-history":[{"count":2,"href":"https:\/\/antikdepot.cz\/en\/wp-json\/wp\/v2\/product\/8631\/revisions"}],"predecessor-version":[{"id":8634,"href":"https:\/\/antikdepot.cz\/en\/wp-json\/wp\/v2\/product\/8631\/revisions\/8634"}],"wp:featuredmedia":[{"embeddable":true,"href":"https:\/\/antikdepot.cz\/en\/wp-json\/wp\/v2\/media\/8632"}],"wp:attachment":[{"href":"https:\/\/antikdepot.cz\/en\/wp-json\/wp\/v2\/media?parent=8631"}],"wp:term":[{"taxonomy":"product_brand","embeddable":true,"href":"https:\/\/antikdepot.cz\/en\/wp-json\/wp\/v2\/product_brand?post=8631"},{"taxonomy":"product_cat","embeddable":true,"href":"https:\/\/antikdepot.cz\/en\/wp-json\/wp\/v2\/product_cat?post=8631"},{"taxonomy":"product_tag","embeddable":true,"href":"https:\/\/antikdepot.cz\/en\/wp-json\/wp\/v2\/product_tag?post=8631"}],"curies":[{"name":"wp","href":"https:\/\/api.w.org\/{rel}","templated":true}]}}