{"id":8697,"date":"2023-11-19T08:19:08","date_gmt":"2023-11-19T07:19:08","guid":{"rendered":"https:\/\/antikdepot.cz\/?post_type=product&#038;p=8697"},"modified":"2026-01-14T09:58:52","modified_gmt":"2026-01-14T08:58:52","slug":"lustr-art-deco-triramenny","status":"publish","type":"product","link":"https:\/\/antikdepot.cz\/en\/lustr-art-deco-triramenny\/","title":{"rendered":"Art Deco Chandelier - Three arms"},"content":{"rendered":"<h3>Art Deco Chandelier: Elegant lighting from the era of artistic expression<\/h3>\n<p>Three-armed chandelier<\/p>","protected":false},"excerpt":{"rendered":"<p>Prop\u016fj\u010dte va\u0161emu domovu nov\u00fd charakter s t\u00edmto vz\u00e1cn\u00fdm t\u0159\u00edramenn\u00fdm lustrem, kter\u00fd v sob\u011b nese d\u00e1vno zapomenut\u00fd um\u011bleck\u00fd v\u00fdraz \u00e9ry <strong><a href=\"https:\/\/antikdepot.cz\/en\/milniky-designu-cesta-pres-ikonicke-styly-nabytku\/#art-deco\">Art Deco<\/a><\/strong>. Ka\u017ed\u00fd z\u00e1hyb a tvar tohoto lustru vypr\u00e1v\u00ed sv\u016fj p\u0159\u00edb\u011bh, p\u0159in\u00e1\u0161ej\u00edc\u00ed do va\u0161eho interi\u00e9ru n\u00e1dech luxusu a elegance.<\/p>","protected":false},"featured_media":8712,"template":"","meta":{"site-sidebar-layout":"default","site-content-layout":"","ast-site-content-layout":"default","site-content-style":"default","site-sidebar-style":"default","ast-global-header-display":"","ast-banner-title-visibility":"","ast-main-header-display":"","ast-hfb-above-header-display":"","ast-hfb-below-header-display":"","ast-hfb-mobile-header-display":"","site-post-title":"","ast-breadcrumbs-content":"","ast-featured-img":"","footer-sml-layout":"","ast-disable-related-posts":"","theme-transparent-header-meta":"default","adv-header-id-meta":"","stick-header-meta":"","header-above-stick-meta":"","header-main-stick-meta":"","header-below-stick-meta":"","astra-migrate-meta-layouts":"set","ast-page-background-enabled":"default","ast-page-background-meta":{"desktop":{"background-color":"","background-image":"","background-repeat":"repeat","background-position":"center center","background-size":"auto","background-attachment":"scroll","background-type":"","background-media":"","overlay-type":"","overlay-color":"","overlay-opacity":"","overlay-gradient":""},"tablet":{"background-color":"","background-image":"","background-repeat":"repeat","background-position":"center center","background-size":"auto","background-attachment":"scroll","background-type":"","background-media":"","overlay-type":"","overlay-color":"","overlay-opacity":"","overlay-gradient":""},"mobile":{"background-color":"","background-image":"","background-repeat":"repeat","background-position":"center center","background-size":"auto","background-attachment":"scroll","background-type":"","background-media":"","overlay-type":"","overlay-color":"","overlay-opacity":"","overlay-gradient":""}},"ast-content-background-meta":{"desktop":{"background-color":"var(--ast-global-color-5)","background-image":"","background-repeat":"repeat","background-position":"center center","background-size":"auto","background-attachment":"scroll","background-type":"","background-media":"","overlay-type":"","overlay-color":"","overlay-opacity":"","overlay-gradient":""},"tablet":{"background-color":"var(--ast-global-color-5)","background-image":"","background-repeat":"repeat","background-position":"center center","background-size":"auto","background-attachment":"scroll","background-type":"","background-media":"","overlay-type":"","overlay-color":"","overlay-opacity":"","overlay-gradient":""},"mobile":{"background-color":"var(--ast-global-color-5)","background-image":"","background-repeat":"repeat","background-position":"center center","background-size":"auto","background-attachment":"scroll","background-type":"","background-media":"","overlay-type":"","overlay-color":"","overlay-opacity":"","overlay-gradient":""}}},"product_brand":[],"product_cat":[63,99],"product_tag":[],"class_list":{"0":"post-8697","1":"product","2":"type-product","3":"status-publish","4":"has-post-thumbnail","6":"product_cat-starozitne-dekorace","7":"product_cat-starozitna-stropni-svitidla","8":"desktop-align-center","9":"tablet-align-left","10":"mobile-align-left","12":"first","13":"instock","14":"taxable","15":"shipping-taxable","16":"purchasable","17":"product-type-simple"},"_links":{"self":[{"href":"https:\/\/antikdepot.cz\/en\/wp-json\/wp\/v2\/product\/8697","targetHints":{"allow":["GET"]}}],"collection":[{"href":"https:\/\/antikdepot.cz\/en\/wp-json\/wp\/v2\/product"}],"about":[{"href":"https:\/\/antikdepot.cz\/en\/wp-json\/wp\/v2\/types\/product"}],"version-history":[{"count":2,"href":"https:\/\/antikdepot.cz\/en\/wp-json\/wp\/v2\/product\/8697\/revisions"}],"predecessor-version":[{"id":9562,"href":"https:\/\/antikdepot.cz\/en\/wp-json\/wp\/v2\/product\/8697\/revisions\/9562"}],"wp:featuredmedia":[{"embeddable":true,"href":"https:\/\/antikdepot.cz\/en\/wp-json\/wp\/v2\/media\/8712"}],"wp:attachment":[{"href":"https:\/\/antikdepot.cz\/en\/wp-json\/wp\/v2\/media?parent=8697"}],"wp:term":[{"taxonomy":"product_brand","embeddable":true,"href":"https:\/\/antikdepot.cz\/en\/wp-json\/wp\/v2\/product_brand?post=8697"},{"taxonomy":"product_cat","embeddable":true,"href":"https:\/\/antikdepot.cz\/en\/wp-json\/wp\/v2\/product_cat?post=8697"},{"taxonomy":"product_tag","embeddable":true,"href":"https:\/\/antikdepot.cz\/en\/wp-json\/wp\/v2\/product_tag?post=8697"}],"curies":[{"name":"wp","href":"https:\/\/api.w.org\/{rel}","templated":true}]}}