{"id":8947,"date":"2023-11-22T07:08:19","date_gmt":"2023-11-22T06:08:19","guid":{"rendered":"https:\/\/antikdepot.cz\/?post_type=product&#038;p=8947"},"modified":"2023-11-30T04:49:41","modified_gmt":"2023-11-30T03:49:41","slug":"frantisek-hlousek-z-dolniho-bradla-brizy-u-plotu","status":"publish","type":"product","link":"https:\/\/antikdepot.cz\/en\/frantisek-hlousek-z-dolniho-bradla-brizy-u-plotu\/","title":{"rendered":"Franti\u0161ek Hlou\u0161ek z Doln\u00edho Bradla &#8211; &#8222;B\u0159\u00edzy u plotu&#8220;"},"content":{"rendered":"<h3>Franti\u0161ek Hlou\u0161ek z Doln\u00edho Bradla &#8211; &#8222;B\u0159\u00edzy u plotu&#8220;<\/h3>\n<p>Author: Franti\u0161ek Hlou\u0161ek from Doln\u00ed Bradlo<br \/>\nOil on cardboard<br \/>\nDimensions: 23 cm x 31 cm<\/p>","protected":false},"excerpt":{"rendered":"<p>P\u0159ive\u010fte si do sv\u00e9ho domova kousek \u010desk\u00e9ho kraje s t\u00edmto origin\u00e1ln\u00edm obrazem od Franti\u0161ka Hlou\u0161ka. Jeho d\u00edlo &#8222;B\u0159\u00edzy u Plotu&#8220; zachycuje krajinu s jemn\u00fdm um\u011bleck\u00fdm dotekem, kter\u00fdm je Hlou\u0161ek zn\u00e1m. P\u0159idejte tento obraz do sv\u00e9 sb\u00edrky a dop\u0159ejte sv\u00e9mu interi\u00e9ru atmosf\u00e9ru klidu a kr\u00e1sy, kterou p\u0159in\u00e1\u0161\u00ed tento realistick\u00fd pohled na p\u0159\u00edrodu.<\/p>","protected":false},"featured_media":8948,"template":"","meta":{"site-sidebar-layout":"default","site-content-layout":"","ast-site-content-layout":"default","site-content-style":"default","site-sidebar-style":"default","ast-global-header-display":"","ast-banner-title-visibility":"","ast-main-header-display":"","ast-hfb-above-header-display":"","ast-hfb-below-header-display":"","ast-hfb-mobile-header-display":"","site-post-title":"","ast-breadcrumbs-content":"","ast-featured-img":"","footer-sml-layout":"","ast-disable-related-posts":"","theme-transparent-header-meta":"default","adv-header-id-meta":"","stick-header-meta":"","header-above-stick-meta":"","header-main-stick-meta":"","header-below-stick-meta":"","astra-migrate-meta-layouts":"set","ast-page-background-enabled":"default","ast-page-background-meta":{"desktop":{"background-color":"","background-image":"","background-repeat":"repeat","background-position":"center center","background-size":"auto","background-attachment":"scroll","background-type":"","background-media":"","overlay-type":"","overlay-color":"","overlay-opacity":"","overlay-gradient":""},"tablet":{"background-color":"","background-image":"","background-repeat":"repeat","background-position":"center center","background-size":"auto","background-attachment":"scroll","background-type":"","background-media":"","overlay-type":"","overlay-color":"","overlay-opacity":"","overlay-gradient":""},"mobile":{"background-color":"","background-image":"","background-repeat":"repeat","background-position":"center center","background-size":"auto","background-attachment":"scroll","background-type":"","background-media":"","overlay-type":"","overlay-color":"","overlay-opacity":"","overlay-gradient":""}},"ast-content-background-meta":{"desktop":{"background-color":"var(--ast-global-color-5)","background-image":"","background-repeat":"repeat","background-position":"center center","background-size":"auto","background-attachment":"scroll","background-type":"","background-media":"","overlay-type":"","overlay-color":"","overlay-opacity":"","overlay-gradient":""},"tablet":{"background-color":"var(--ast-global-color-5)","background-image":"","background-repeat":"repeat","background-position":"center center","background-size":"auto","background-attachment":"scroll","background-type":"","background-media":"","overlay-type":"","overlay-color":"","overlay-opacity":"","overlay-gradient":""},"mobile":{"background-color":"var(--ast-global-color-5)","background-image":"","background-repeat":"repeat","background-position":"center center","background-size":"auto","background-attachment":"scroll","background-type":"","background-media":"","overlay-type":"","overlay-color":"","overlay-opacity":"","overlay-gradient":""}}},"product_brand":[],"product_cat":[69],"product_tag":[114],"class_list":{"0":"post-8947","1":"product","2":"type-product","3":"status-publish","4":"has-post-thumbnail","6":"product_cat-starozitne-obrazy-a-grafika","7":"product_tag-frantisek-hlousek-z-dolniho-bradla","8":"desktop-align-center","9":"tablet-align-left","10":"mobile-align-left","12":"first","13":"instock","14":"taxable","15":"shipping-taxable","16":"purchasable","17":"product-type-simple"},"_links":{"self":[{"href":"https:\/\/antikdepot.cz\/en\/wp-json\/wp\/v2\/product\/8947","targetHints":{"allow":["GET"]}}],"collection":[{"href":"https:\/\/antikdepot.cz\/en\/wp-json\/wp\/v2\/product"}],"about":[{"href":"https:\/\/antikdepot.cz\/en\/wp-json\/wp\/v2\/types\/product"}],"version-history":[{"count":1,"href":"https:\/\/antikdepot.cz\/en\/wp-json\/wp\/v2\/product\/8947\/revisions"}],"predecessor-version":[{"id":8952,"href":"https:\/\/antikdepot.cz\/en\/wp-json\/wp\/v2\/product\/8947\/revisions\/8952"}],"wp:featuredmedia":[{"embeddable":true,"href":"https:\/\/antikdepot.cz\/en\/wp-json\/wp\/v2\/media\/8948"}],"wp:attachment":[{"href":"https:\/\/antikdepot.cz\/en\/wp-json\/wp\/v2\/media?parent=8947"}],"wp:term":[{"taxonomy":"product_brand","embeddable":true,"href":"https:\/\/antikdepot.cz\/en\/wp-json\/wp\/v2\/product_brand?post=8947"},{"taxonomy":"product_cat","embeddable":true,"href":"https:\/\/antikdepot.cz\/en\/wp-json\/wp\/v2\/product_cat?post=8947"},{"taxonomy":"product_tag","embeddable":true,"href":"https:\/\/antikdepot.cz\/en\/wp-json\/wp\/v2\/product_tag?post=8947"}],"curies":[{"name":"wp","href":"https:\/\/api.w.org\/{rel}","templated":true}]}}