{"id":8995,"date":"2023-11-22T21:07:31","date_gmt":"2023-11-22T20:07:31","guid":{"rendered":"https:\/\/antikdepot.cz\/?post_type=product&#038;p=8995"},"modified":"2023-11-22T21:07:32","modified_gmt":"2023-11-22T20:07:32","slug":"brousena-vaza-s-motivem-chlapec-s-hrozny","status":"publish","type":"product","link":"https:\/\/antikdepot.cz\/en\/brousena-vaza-s-motivem-chlapec-s-hrozny\/","title":{"rendered":"Brou\u0161en\u00e1 v\u00e1za s motivem &#8222;Chlapec s hrozny&#8220;"},"content":{"rendered":"<h3>Retro brou\u0161en\u00e1 v\u00e1za s motivem &#8222;Chlapec s hrozny&#8220;<\/h3>\n<p>Dimensions: H 12 cm, diameter 21.5 cm<\/p>","protected":false},"excerpt":{"rendered":"<p>Tato brou\u0161en\u00e1 retro v\u00e1za nen\u00ed pouze n\u00e1dobou na kv\u011btiny, ale um\u011bleck\u00fdm d\u00edlem s p\u0159\u00edb\u011bhem. Vyrobena z \u010dir\u00e9ho skla a zdobena precizn\u011b vybrou\u0161en\u00fdm motivem &#8222;Chlapec s Hrozny&#8220;. Tato v\u00e1za p\u0159in\u00e1\u0161\u00ed do va\u0161eho interi\u00e9ru kousek historie. Jej\u00ed jemn\u00e9 detaily a kvalitn\u00ed zpracov\u00e1n\u00ed dod\u00e1vaj\u00ed v\u00e1ze estetickou hodnotu i nostalgick\u00fd \u0161arm.<\/p>","protected":false},"featured_media":8996,"template":"","meta":{"site-sidebar-layout":"default","site-content-layout":"","ast-site-content-layout":"default","site-content-style":"default","site-sidebar-style":"default","ast-global-header-display":"","ast-banner-title-visibility":"","ast-main-header-display":"","ast-hfb-above-header-display":"","ast-hfb-below-header-display":"","ast-hfb-mobile-header-display":"","site-post-title":"","ast-breadcrumbs-content":"","ast-featured-img":"","footer-sml-layout":"","ast-disable-related-posts":"","theme-transparent-header-meta":"default","adv-header-id-meta":"","stick-header-meta":"","header-above-stick-meta":"","header-main-stick-meta":"","header-below-stick-meta":"","astra-migrate-meta-layouts":"set","ast-page-background-enabled":"default","ast-page-background-meta":{"desktop":{"background-color":"","background-image":"","background-repeat":"repeat","background-position":"center center","background-size":"auto","background-attachment":"scroll","background-type":"","background-media":"","overlay-type":"","overlay-color":"","overlay-opacity":"","overlay-gradient":""},"tablet":{"background-color":"","background-image":"","background-repeat":"repeat","background-position":"center center","background-size":"auto","background-attachment":"scroll","background-type":"","background-media":"","overlay-type":"","overlay-color":"","overlay-opacity":"","overlay-gradient":""},"mobile":{"background-color":"","background-image":"","background-repeat":"repeat","background-position":"center center","background-size":"auto","background-attachment":"scroll","background-type":"","background-media":"","overlay-type":"","overlay-color":"","overlay-opacity":"","overlay-gradient":""}},"ast-content-background-meta":{"desktop":{"background-color":"var(--ast-global-color-5)","background-image":"","background-repeat":"repeat","background-position":"center center","background-size":"auto","background-attachment":"scroll","background-type":"","background-media":"","overlay-type":"","overlay-color":"","overlay-opacity":"","overlay-gradient":""},"tablet":{"background-color":"var(--ast-global-color-5)","background-image":"","background-repeat":"repeat","background-position":"center center","background-size":"auto","background-attachment":"scroll","background-type":"","background-media":"","overlay-type":"","overlay-color":"","overlay-opacity":"","overlay-gradient":""},"mobile":{"background-color":"var(--ast-global-color-5)","background-image":"","background-repeat":"repeat","background-position":"center center","background-size":"auto","background-attachment":"scroll","background-type":"","background-media":"","overlay-type":"","overlay-color":"","overlay-opacity":"","overlay-gradient":""}}},"product_brand":[],"product_cat":[68,63],"product_tag":[],"class_list":{"0":"post-8995","1":"product","2":"type-product","3":"status-publish","4":"has-post-thumbnail","6":"product_cat-starozitne-sklo","7":"product_cat-starozitne-dekorace","8":"desktop-align-center","9":"tablet-align-left","10":"mobile-align-left","12":"first","13":"instock","14":"taxable","15":"shipping-taxable","16":"purchasable","17":"product-type-simple"},"_links":{"self":[{"href":"https:\/\/antikdepot.cz\/en\/wp-json\/wp\/v2\/product\/8995","targetHints":{"allow":["GET"]}}],"collection":[{"href":"https:\/\/antikdepot.cz\/en\/wp-json\/wp\/v2\/product"}],"about":[{"href":"https:\/\/antikdepot.cz\/en\/wp-json\/wp\/v2\/types\/product"}],"version-history":[{"count":1,"href":"https:\/\/antikdepot.cz\/en\/wp-json\/wp\/v2\/product\/8995\/revisions"}],"predecessor-version":[{"id":9001,"href":"https:\/\/antikdepot.cz\/en\/wp-json\/wp\/v2\/product\/8995\/revisions\/9001"}],"wp:featuredmedia":[{"embeddable":true,"href":"https:\/\/antikdepot.cz\/en\/wp-json\/wp\/v2\/media\/8996"}],"wp:attachment":[{"href":"https:\/\/antikdepot.cz\/en\/wp-json\/wp\/v2\/media?parent=8995"}],"wp:term":[{"taxonomy":"product_brand","embeddable":true,"href":"https:\/\/antikdepot.cz\/en\/wp-json\/wp\/v2\/product_brand?post=8995"},{"taxonomy":"product_cat","embeddable":true,"href":"https:\/\/antikdepot.cz\/en\/wp-json\/wp\/v2\/product_cat?post=8995"},{"taxonomy":"product_tag","embeddable":true,"href":"https:\/\/antikdepot.cz\/en\/wp-json\/wp\/v2\/product_tag?post=8995"}],"curies":[{"name":"wp","href":"https:\/\/api.w.org\/{rel}","templated":true}]}}