{"id":9160,"date":"2023-11-25T14:33:30","date_gmt":"2023-11-25T13:33:30","guid":{"rendered":"https:\/\/antikdepot.cz\/?post_type=product&#038;p=9160"},"modified":"2023-11-25T14:33:30","modified_gmt":"2023-11-25T13:33:30","slug":"starozitny-kocarek-kosatina-liberta","status":"publish","type":"product","link":"https:\/\/antikdepot.cz\/en\/starozitny-kocarek-kosatina-liberta\/","title":{"rendered":"Antique stroller - Ko\u0161atina Liberta"},"content":{"rendered":"<h3>Antique stroller from the mid-20th century - Ko\u0161atina Liberta<\/h3>\n<p>Dimensions: Height 63 cm, Length 81 cm, Width 40 cm (with wheels), Handle height 56.5 cm<br \/>\nMaterials: wicker, chrome<br \/>\nWeight: approx. 8 kg<\/p>","protected":false},"excerpt":{"rendered":"<p>Dodejte sv\u00e9mu domovu kousek historie s t\u00edmto elegantn\u00edm d\u011btsk\u00fdm ko\u010d\u00e1rkem zvan\u00fdm &#8222;ko\u0161atina&#8220;, zna\u010dky Liberta. Jeho ko\u0161 a boudi\u010dka jsou upleteny z b\u00edl\u00e9ho lakovan\u00e9ho prout\u00ed. Ka\u017ed\u00fd detail, od kol a blatn\u00edk\u016f po madlo a dal\u0161\u00ed kovov\u00e9 \u010d\u00e1sti, nese pe\u010de\u0165 funkcionalismu, co\u017e d\u011bl\u00e1 z tohoto ko\u010d\u00e1rku nejen v\u00fdjime\u010dn\u00fd designov\u00fd kousek, ale i poutav\u00fd p\u0159\u00edb\u011bh z poloviny 20. stolet\u00ed.<\/p>\n<p>A modern and tasteful decoration for a contemporary interior, this stroller is ready to decorate your space with its charm and uniqueness. Its timeless design from the middle of the 20th century gives it not only aesthetic value, but also the status of a collector's or museum object.<\/p>","protected":false},"featured_media":9161,"template":"","meta":{"site-sidebar-layout":"default","site-content-layout":"","ast-site-content-layout":"default","site-content-style":"default","site-sidebar-style":"default","ast-global-header-display":"","ast-banner-title-visibility":"","ast-main-header-display":"","ast-hfb-above-header-display":"","ast-hfb-below-header-display":"","ast-hfb-mobile-header-display":"","site-post-title":"","ast-breadcrumbs-content":"","ast-featured-img":"","footer-sml-layout":"","ast-disable-related-posts":"","theme-transparent-header-meta":"default","adv-header-id-meta":"","stick-header-meta":"","header-above-stick-meta":"","header-main-stick-meta":"","header-below-stick-meta":"","astra-migrate-meta-layouts":"set","ast-page-background-enabled":"default","ast-page-background-meta":{"desktop":{"background-color":"","background-image":"","background-repeat":"repeat","background-position":"center center","background-size":"auto","background-attachment":"scroll","background-type":"","background-media":"","overlay-type":"","overlay-color":"","overlay-opacity":"","overlay-gradient":""},"tablet":{"background-color":"","background-image":"","background-repeat":"repeat","background-position":"center center","background-size":"auto","background-attachment":"scroll","background-type":"","background-media":"","overlay-type":"","overlay-color":"","overlay-opacity":"","overlay-gradient":""},"mobile":{"background-color":"","background-image":"","background-repeat":"repeat","background-position":"center center","background-size":"auto","background-attachment":"scroll","background-type":"","background-media":"","overlay-type":"","overlay-color":"","overlay-opacity":"","overlay-gradient":""}},"ast-content-background-meta":{"desktop":{"background-color":"var(--ast-global-color-5)","background-image":"","background-repeat":"repeat","background-position":"center center","background-size":"auto","background-attachment":"scroll","background-type":"","background-media":"","overlay-type":"","overlay-color":"","overlay-opacity":"","overlay-gradient":""},"tablet":{"background-color":"var(--ast-global-color-5)","background-image":"","background-repeat":"repeat","background-position":"center center","background-size":"auto","background-attachment":"scroll","background-type":"","background-media":"","overlay-type":"","overlay-color":"","overlay-opacity":"","overlay-gradient":""},"mobile":{"background-color":"var(--ast-global-color-5)","background-image":"","background-repeat":"repeat","background-position":"center center","background-size":"auto","background-attachment":"scroll","background-type":"","background-media":"","overlay-type":"","overlay-color":"","overlay-opacity":"","overlay-gradient":""}}},"product_brand":[],"product_cat":[63],"product_tag":[],"class_list":{"0":"post-9160","1":"product","2":"type-product","3":"status-publish","4":"has-post-thumbnail","6":"product_cat-starozitne-dekorace","7":"desktop-align-center","8":"tablet-align-left","9":"mobile-align-left","11":"first","12":"instock","13":"taxable","14":"shipping-taxable","15":"purchasable","16":"product-type-simple"},"_links":{"self":[{"href":"https:\/\/antikdepot.cz\/en\/wp-json\/wp\/v2\/product\/9160","targetHints":{"allow":["GET"]}}],"collection":[{"href":"https:\/\/antikdepot.cz\/en\/wp-json\/wp\/v2\/product"}],"about":[{"href":"https:\/\/antikdepot.cz\/en\/wp-json\/wp\/v2\/types\/product"}],"version-history":[{"count":1,"href":"https:\/\/antikdepot.cz\/en\/wp-json\/wp\/v2\/product\/9160\/revisions"}],"predecessor-version":[{"id":9170,"href":"https:\/\/antikdepot.cz\/en\/wp-json\/wp\/v2\/product\/9160\/revisions\/9170"}],"wp:featuredmedia":[{"embeddable":true,"href":"https:\/\/antikdepot.cz\/en\/wp-json\/wp\/v2\/media\/9161"}],"wp:attachment":[{"href":"https:\/\/antikdepot.cz\/en\/wp-json\/wp\/v2\/media?parent=9160"}],"wp:term":[{"taxonomy":"product_brand","embeddable":true,"href":"https:\/\/antikdepot.cz\/en\/wp-json\/wp\/v2\/product_brand?post=9160"},{"taxonomy":"product_cat","embeddable":true,"href":"https:\/\/antikdepot.cz\/en\/wp-json\/wp\/v2\/product_cat?post=9160"},{"taxonomy":"product_tag","embeddable":true,"href":"https:\/\/antikdepot.cz\/en\/wp-json\/wp\/v2\/product_tag?post=9160"}],"curies":[{"name":"wp","href":"https:\/\/api.w.org\/{rel}","templated":true}]}}