{"id":9227,"date":"2023-11-28T07:58:52","date_gmt":"2023-11-28T06:58:52","guid":{"rendered":"https:\/\/antikdepot.cz\/?post_type=product&#038;p=9227"},"modified":"2024-02-05T20:38:45","modified_gmt":"2024-02-05T19:38:45","slug":"kobaltova-vaza-miluse-roubickova-70-leta","status":"publish","type":"product","link":"https:\/\/antikdepot.cz\/en\/kobaltova-vaza-miluse-roubickova-70-leta\/","title":{"rendered":"Milu\u0161e Roub\u00ed\u010dkov\u00e1 Cobalt vase of the 1970s"},"content":{"rendered":"<h3>Milu\u0161e Roub\u00ed\u010dkov\u00e1 Cobalt vase of the 1970s<\/h3>\n<p>Vase by Milu\u0161 Roub\u00ed\u010dkov\u00e1 (*1922 \u2013 2015)<br \/>\nHeight: 34 cm<br \/>\nCobalt color, wavy glued edge<br \/>\nBeautiful piece with no damage<br \/>\nProduction: glass factory \u00dast\u0159ed\u00ed arts and crafts \u0160krdlovice 70s<\/p>","protected":false},"excerpt":{"rendered":"<p>Decorate your home with a masterpiece by Milu\u0161 Roub\u00ed\u010dkov\u00e1, an important Czech artist and designer who is one of the leading personalities of Czech glass art. This unique vase, which was created in the glass factory of the Center of Arts and Crafts in \u0160krdlovice in the 1970s, has become a symbol of craftsmanship and mastery.<\/p>\n<p>The vase is charming with its wavy edge and cobalt color. Its height of 34 cm makes it a distinctive and elegant piece that will attract the attention of any interior.<\/p>","protected":false},"featured_media":9228,"template":"","meta":{"site-sidebar-layout":"default","site-content-layout":"","ast-site-content-layout":"default","site-content-style":"default","site-sidebar-style":"default","ast-global-header-display":"","ast-banner-title-visibility":"","ast-main-header-display":"","ast-hfb-above-header-display":"","ast-hfb-below-header-display":"","ast-hfb-mobile-header-display":"","site-post-title":"","ast-breadcrumbs-content":"","ast-featured-img":"","footer-sml-layout":"","ast-disable-related-posts":"","theme-transparent-header-meta":"default","adv-header-id-meta":"","stick-header-meta":"","header-above-stick-meta":"","header-main-stick-meta":"","header-below-stick-meta":"","astra-migrate-meta-layouts":"set","ast-page-background-enabled":"default","ast-page-background-meta":{"desktop":{"background-color":"","background-image":"","background-repeat":"repeat","background-position":"center center","background-size":"auto","background-attachment":"scroll","background-type":"","background-media":"","overlay-type":"","overlay-color":"","overlay-opacity":"","overlay-gradient":""},"tablet":{"background-color":"","background-image":"","background-repeat":"repeat","background-position":"center center","background-size":"auto","background-attachment":"scroll","background-type":"","background-media":"","overlay-type":"","overlay-color":"","overlay-opacity":"","overlay-gradient":""},"mobile":{"background-color":"","background-image":"","background-repeat":"repeat","background-position":"center center","background-size":"auto","background-attachment":"scroll","background-type":"","background-media":"","overlay-type":"","overlay-color":"","overlay-opacity":"","overlay-gradient":""}},"ast-content-background-meta":{"desktop":{"background-color":"var(--ast-global-color-5)","background-image":"","background-repeat":"repeat","background-position":"center center","background-size":"auto","background-attachment":"scroll","background-type":"","background-media":"","overlay-type":"","overlay-color":"","overlay-opacity":"","overlay-gradient":""},"tablet":{"background-color":"var(--ast-global-color-5)","background-image":"","background-repeat":"repeat","background-position":"center center","background-size":"auto","background-attachment":"scroll","background-type":"","background-media":"","overlay-type":"","overlay-color":"","overlay-opacity":"","overlay-gradient":""},"mobile":{"background-color":"var(--ast-global-color-5)","background-image":"","background-repeat":"repeat","background-position":"center center","background-size":"auto","background-attachment":"scroll","background-type":"","background-media":"","overlay-type":"","overlay-color":"","overlay-opacity":"","overlay-gradient":""}}},"product_brand":[],"product_cat":[68,63],"product_tag":[],"class_list":{"0":"post-9227","1":"product","2":"type-product","3":"status-publish","4":"has-post-thumbnail","6":"product_cat-starozitne-sklo","7":"product_cat-starozitne-dekorace","8":"desktop-align-center","9":"tablet-align-left","10":"mobile-align-left","12":"first","13":"instock","14":"taxable","15":"shipping-taxable","16":"purchasable","17":"product-type-simple"},"_links":{"self":[{"href":"https:\/\/antikdepot.cz\/en\/wp-json\/wp\/v2\/product\/9227","targetHints":{"allow":["GET"]}}],"collection":[{"href":"https:\/\/antikdepot.cz\/en\/wp-json\/wp\/v2\/product"}],"about":[{"href":"https:\/\/antikdepot.cz\/en\/wp-json\/wp\/v2\/types\/product"}],"version-history":[{"count":1,"href":"https:\/\/antikdepot.cz\/en\/wp-json\/wp\/v2\/product\/9227\/revisions"}],"predecessor-version":[{"id":9234,"href":"https:\/\/antikdepot.cz\/en\/wp-json\/wp\/v2\/product\/9227\/revisions\/9234"}],"wp:featuredmedia":[{"embeddable":true,"href":"https:\/\/antikdepot.cz\/en\/wp-json\/wp\/v2\/media\/9228"}],"wp:attachment":[{"href":"https:\/\/antikdepot.cz\/en\/wp-json\/wp\/v2\/media?parent=9227"}],"wp:term":[{"taxonomy":"product_brand","embeddable":true,"href":"https:\/\/antikdepot.cz\/en\/wp-json\/wp\/v2\/product_brand?post=9227"},{"taxonomy":"product_cat","embeddable":true,"href":"https:\/\/antikdepot.cz\/en\/wp-json\/wp\/v2\/product_cat?post=9227"},{"taxonomy":"product_tag","embeddable":true,"href":"https:\/\/antikdepot.cz\/en\/wp-json\/wp\/v2\/product_tag?post=9227"}],"curies":[{"name":"wp","href":"https:\/\/api.w.org\/{rel}","templated":true}]}}