{"id":9279,"date":"2023-11-29T05:00:49","date_gmt":"2023-11-29T04:00:49","guid":{"rendered":"https:\/\/antikdepot.cz\/?post_type=product&#038;p=9279"},"modified":"2024-09-27T12:48:26","modified_gmt":"2024-09-27T10:48:26","slug":"dreveny-kriz-s-jezisem-drevorezba","status":"publish","type":"product","link":"https:\/\/antikdepot.cz\/en\/dreveny-kriz-s-jezisem-drevorezba\/","title":{"rendered":"Wooden cross with Jesus - Wood carving 120 cm"},"content":{"rendered":"<h3>Wooden cross with Jesus - Wood carving 120 cm<\/h3>\n<p>Wood carving<br \/>\nRealistic details<br \/>\nHalf of the 19th century<br \/>\nDimensions: H 120 cm x W 61 cm<\/p>","protected":false},"excerpt":{"rendered":"<p>Z\u00edskejte unik\u00e1tn\u00ed duchovn\u00ed poklad s touto v\u00fdjime\u010dnou d\u0159evo\u0159ezebou &#8211; Je\u017e\u00ed\u0161em Nazaretsk\u00fdm na k\u0159\u00ed\u017ei. Tato mimo\u0159\u00e1dn\u00e1 d\u0159evo\u0159ezba, velk\u00e1 120 cm, p\u0159in\u00e1\u0161\u00ed nejen vizu\u00e1ln\u00ed kr\u00e1su, ale i hlubok\u00fd duchovn\u00ed v\u00fdznam. Plaketka inri dod\u00e1v\u00e1 so\u0161e zvl\u00e1\u0161tn\u00ed posv\u00e1tn\u00fd charakter, p\u0159i\u010dem\u017e n\u00e1pis INRI znamen\u00e1 &#8222;Iesus Nazarenus Rex Iudaeorum&#8220; \u2013 Je\u017e\u00ed\u0161 Nazaretsk\u00fd, kr\u00e1l \u017eidovsk\u00fd.<\/p>\n<p>This wood carving of the cross with Jesus is not only a work of art, but also symbolizes deep faith and spiritual values.<\/p>","protected":false},"featured_media":9281,"template":"","meta":{"site-sidebar-layout":"default","site-content-layout":"","ast-site-content-layout":"default","site-content-style":"default","site-sidebar-style":"default","ast-global-header-display":"","ast-banner-title-visibility":"","ast-main-header-display":"","ast-hfb-above-header-display":"","ast-hfb-below-header-display":"","ast-hfb-mobile-header-display":"","site-post-title":"","ast-breadcrumbs-content":"","ast-featured-img":"","footer-sml-layout":"","ast-disable-related-posts":"","theme-transparent-header-meta":"default","adv-header-id-meta":"","stick-header-meta":"","header-above-stick-meta":"","header-main-stick-meta":"","header-below-stick-meta":"","astra-migrate-meta-layouts":"set","ast-page-background-enabled":"default","ast-page-background-meta":{"desktop":{"background-color":"","background-image":"","background-repeat":"repeat","background-position":"center center","background-size":"auto","background-attachment":"scroll","background-type":"","background-media":"","overlay-type":"","overlay-color":"","overlay-opacity":"","overlay-gradient":""},"tablet":{"background-color":"","background-image":"","background-repeat":"repeat","background-position":"center center","background-size":"auto","background-attachment":"scroll","background-type":"","background-media":"","overlay-type":"","overlay-color":"","overlay-opacity":"","overlay-gradient":""},"mobile":{"background-color":"","background-image":"","background-repeat":"repeat","background-position":"center center","background-size":"auto","background-attachment":"scroll","background-type":"","background-media":"","overlay-type":"","overlay-color":"","overlay-opacity":"","overlay-gradient":""}},"ast-content-background-meta":{"desktop":{"background-color":"var(--ast-global-color-5)","background-image":"","background-repeat":"repeat","background-position":"center center","background-size":"auto","background-attachment":"scroll","background-type":"","background-media":"","overlay-type":"","overlay-color":"","overlay-opacity":"","overlay-gradient":""},"tablet":{"background-color":"var(--ast-global-color-5)","background-image":"","background-repeat":"repeat","background-position":"center center","background-size":"auto","background-attachment":"scroll","background-type":"","background-media":"","overlay-type":"","overlay-color":"","overlay-opacity":"","overlay-gradient":""},"mobile":{"background-color":"var(--ast-global-color-5)","background-image":"","background-repeat":"repeat","background-position":"center center","background-size":"auto","background-attachment":"scroll","background-type":"","background-media":"","overlay-type":"","overlay-color":"","overlay-opacity":"","overlay-gradient":""}}},"product_brand":[],"product_cat":[63],"product_tag":[],"class_list":{"0":"post-9279","1":"product","2":"type-product","3":"status-publish","4":"has-post-thumbnail","6":"product_cat-starozitne-dekorace","7":"desktop-align-center","8":"tablet-align-left","9":"mobile-align-left","11":"first","12":"outofstock","13":"taxable","14":"shipping-taxable","15":"purchasable","16":"product-type-simple"},"_links":{"self":[{"href":"https:\/\/antikdepot.cz\/en\/wp-json\/wp\/v2\/product\/9279","targetHints":{"allow":["GET"]}}],"collection":[{"href":"https:\/\/antikdepot.cz\/en\/wp-json\/wp\/v2\/product"}],"about":[{"href":"https:\/\/antikdepot.cz\/en\/wp-json\/wp\/v2\/types\/product"}],"version-history":[{"count":1,"href":"https:\/\/antikdepot.cz\/en\/wp-json\/wp\/v2\/product\/9279\/revisions"}],"predecessor-version":[{"id":9285,"href":"https:\/\/antikdepot.cz\/en\/wp-json\/wp\/v2\/product\/9279\/revisions\/9285"}],"wp:featuredmedia":[{"embeddable":true,"href":"https:\/\/antikdepot.cz\/en\/wp-json\/wp\/v2\/media\/9281"}],"wp:attachment":[{"href":"https:\/\/antikdepot.cz\/en\/wp-json\/wp\/v2\/media?parent=9279"}],"wp:term":[{"taxonomy":"product_brand","embeddable":true,"href":"https:\/\/antikdepot.cz\/en\/wp-json\/wp\/v2\/product_brand?post=9279"},{"taxonomy":"product_cat","embeddable":true,"href":"https:\/\/antikdepot.cz\/en\/wp-json\/wp\/v2\/product_cat?post=9279"},{"taxonomy":"product_tag","embeddable":true,"href":"https:\/\/antikdepot.cz\/en\/wp-json\/wp\/v2\/product_tag?post=9279"}],"curies":[{"name":"wp","href":"https:\/\/api.w.org\/{rel}","templated":true}]}}